



{"id":8418,"date":"2019-12-18T11:35:36","date_gmt":"2019-12-18T10:35:36","guid":{"rendered":"https:\/\/www.rhb.nl\/?page_id=8418"},"modified":"2024-02-10T11:11:01","modified_gmt":"2024-02-10T10:11:01","slug":"allgemeine-informationen","status":"publish","type":"page","link":"https:\/\/www.rhb.nl\/de\/allgemeine-informationen\/","title":{"rendered":"Allgemeine Informationen"},"content":{"rendered":"<p><h2 class=\"gdlr-heading-shortcode \"  style=\"color: #7fb610;font-size: 18px;font-weight: bold;\" >Allgemeine Informationen zu RHB Stevedoring &amp; Warehousing Rotterdam <\/h2>\n<\/p>\n<p>Unsere Firma RHB Stevedoring &amp; Warehousing wurde 1930 gegr\u00fcndet und hat sich seitdem zu einem modernen und dynamischen, privaten und unabh\u00e4ngigen Stauunternehmen entwickelt. RHB Stevedoring &amp; Warehousing hat spezielle Kompetenzen im Bereich Projektladung, Schwergut, Windenergieanlagen, St\u00fcckgut und Breakbulk aufgebaut.<\/p>\n<h3>Unabh\u00e4ngige Stauerei-Dienstleistungen<\/h3>\n<p>Mit mehr als 90 Jahren Erfahrung sind wir eines der f\u00fchrenden Unternehmen im Rotterdamer Hafen. Als privates, unabh\u00e4ngiges Terminal zeichnen wir uns nicht nur durch langj\u00e4hrige Erfahrung aus, sondern auch durch beispiellose Flexibilit\u00e4t, kurze Kommunikationswege und 100 % spezialisierte Stauerei-Dienstleistungen.<\/p>\n<p><div style=\"text-align: center\" ><\/div>\n<\/p>\n<h3>Einsparungen bei der Umschlagzeit<\/h3>\n<p>RHB hat den schwersten Hafenkranen der Welt erworben. Dieser Krane habe eine Hubleistung von 208 Tonnen und sind f\u00fcr den sicheren und schnellen Umschlag von industriellen Breakbulk-Ladungen, Schwerlasten, Projektladungen und St\u00fcckgut ausgelegt. Es sind Einsparungen von 50 % bei der Umschlagzeit m\u00f6glich. <strong>In Tandem-lift &gt; 300 Tonnen.<\/strong><\/p>\n<h3>Besuchen Sie unser Terminal:<\/h3>\n<p>Wenn Sie <a href=\"https:\/\/www.rhb.nl\/de\/allgemeine-informationen\/terminal-technische-details\/besuch-des-rhb-terminals\/\">unser Terminal besuchen<\/a>, m\u00fcssen Sie unserem Wachmann einen Ausweis vorlegen, Z.B. Reisepass, Ausweis oder F\u00fchrerschein (NL). Gem\u00e4\u00df den internationalen ISPS-Bestimmungen ist es nicht gestattet, das Terminal ohne eine Einladung oder eine Nachricht von unserem B\u00fcro zu besuchen.<\/p>\n","protected":false},"excerpt":{"rendered":"<p>Unsere Firma RHB Stevedoring &amp; Warehousing wurde 1930 gegr\u00fcndet und hat sich seitdem zu einem modernen und dynamischen, privaten und unabh\u00e4ngigen Stauunternehmen entwickelt. RHB Stevedoring &amp; Warehousing hat spezielle Kompetenzen im Bereich Projektladung, Schwergut, Windenergieanlagen, St\u00fcckgut und Breakbulk aufgebaut. Unabh\u00e4ngige Stauerei-Dienstleistungen Mit mehr als 90 Jahren Erfahrung sind wir eines der f\u00fchrenden Unternehmen im Rotterdamer&#8230; <\/p>\n<div class=\"clear\"><\/div>\n<p><a href=\"https:\/\/www.rhb.nl\/de\/allgemeine-informationen\/\" class=\"excerpt-read-more\">Learn More<i class=\"fa fa-angle-double-right icon-double-angle-right\"><\/i><\/a><\/p>\n","protected":false},"author":1,"featured_media":0,"parent":0,"menu_order":0,"comment_status":"closed","ping_status":"closed","template":"","meta":{"_acf_changed":false,"footnotes":""},"class_list":["post-8418","page","type-page","status-publish","hentry"],"acf":[],"yoast_head":"<!-- This site is optimized with the Yoast SEO plugin v27.3 - https:\/\/yoast.com\/product\/yoast-seo-wordpress\/ -->\n<title>Allgemeine Informationen - RHB Stevedoring &amp; Warehousing<\/title>\n<meta name=\"description\" content=\"Auf dieser Seite finden Sie alle allgemeine Informationen von RHB. 1930 gegr\u00fcndet und heute ein modernes, dynamisches und unabh\u00e4ngiges Stauereiunternehmen.\" \/>\n<meta name=\"robots\" content=\"index, follow, max-snippet:-1, max-image-preview:large, max-video-preview:-1\" \/>\n<link rel=\"canonical\" href=\"https:\/\/www.rhb.nl\/de\/allgemeine-informationen\/\" \/>\n<meta property=\"og:locale\" content=\"de_DE\" \/>\n<meta property=\"og:type\" content=\"article\" \/>\n<meta property=\"og:title\" content=\"Allgemeine Informationen - RHB Stevedoring &amp; Warehousing\" \/>\n<meta property=\"og:description\" content=\"Auf dieser Seite finden Sie alle allgemeine Informationen von RHB. 1930 gegr\u00fcndet und heute ein modernes, dynamisches und unabh\u00e4ngiges Stauereiunternehmen.\" \/>\n<meta property=\"og:url\" content=\"https:\/\/www.rhb.nl\/de\/allgemeine-informationen\/\" \/>\n<meta property=\"og:site_name\" content=\"RHB Stevedoring &amp; Warehousing\" \/>\n<meta property=\"article:modified_time\" content=\"2024-02-10T10:11:01+00:00\" \/>\n<meta name=\"twitter:card\" content=\"summary_large_image\" \/>\n<meta name=\"twitter:label1\" content=\"Gesch\u00e4tzte Lesezeit\" \/>\n\t<meta name=\"twitter:data1\" content=\"1\u00a0Minute\" \/>\n<script type=\"application\/ld+json\" class=\"yoast-schema-graph\">{\"@context\":\"https:\\\/\\\/schema.org\",\"@graph\":[{\"@type\":\"WebPage\",\"@id\":\"https:\\\/\\\/www.rhb.nl\\\/de\\\/allgemeine-informationen\\\/\",\"url\":\"https:\\\/\\\/www.rhb.nl\\\/de\\\/allgemeine-informationen\\\/\",\"name\":\"Allgemeine Informationen - RHB Stevedoring &amp; Warehousing\",\"isPartOf\":{\"@id\":\"https:\\\/\\\/www.rhb.nl\\\/de\\\/#website\"},\"datePublished\":\"2019-12-18T10:35:36+00:00\",\"dateModified\":\"2024-02-10T10:11:01+00:00\",\"description\":\"Auf dieser Seite finden Sie alle allgemeine Informationen von RHB. 1930 gegr\u00fcndet und heute ein modernes, dynamisches und unabh\u00e4ngiges Stauereiunternehmen.\",\"breadcrumb\":{\"@id\":\"https:\\\/\\\/www.rhb.nl\\\/de\\\/allgemeine-informationen\\\/#breadcrumb\"},\"inLanguage\":\"de\",\"potentialAction\":[{\"@type\":\"ReadAction\",\"target\":[\"https:\\\/\\\/www.rhb.nl\\\/de\\\/allgemeine-informationen\\\/\"]}]},{\"@type\":\"BreadcrumbList\",\"@id\":\"https:\\\/\\\/www.rhb.nl\\\/de\\\/allgemeine-informationen\\\/#breadcrumb\",\"itemListElement\":[{\"@type\":\"ListItem\",\"position\":1,\"name\":\"Home\",\"item\":\"https:\\\/\\\/www.rhb.nl\\\/de\\\/\"},{\"@type\":\"ListItem\",\"position\":2,\"name\":\"Allgemeine Informationen\"}]},{\"@type\":\"WebSite\",\"@id\":\"https:\\\/\\\/www.rhb.nl\\\/de\\\/#website\",\"url\":\"https:\\\/\\\/www.rhb.nl\\\/de\\\/\",\"name\":\"RHB Stevedoring &amp; Warehousing\",\"description\":\"\",\"publisher\":{\"@id\":\"https:\\\/\\\/www.rhb.nl\\\/de\\\/#organization\"},\"potentialAction\":[{\"@type\":\"SearchAction\",\"target\":{\"@type\":\"EntryPoint\",\"urlTemplate\":\"https:\\\/\\\/www.rhb.nl\\\/de\\\/?s={search_term_string}\"},\"query-input\":{\"@type\":\"PropertyValueSpecification\",\"valueRequired\":true,\"valueName\":\"search_term_string\"}}],\"inLanguage\":\"de\"},{\"@type\":\"Organization\",\"@id\":\"https:\\\/\\\/www.rhb.nl\\\/de\\\/#organization\",\"name\":\"RHB Stevedoring & Warehousing\",\"url\":\"https:\\\/\\\/www.rhb.nl\\\/de\\\/\",\"logo\":{\"@type\":\"ImageObject\",\"inLanguage\":\"de\",\"@id\":\"https:\\\/\\\/www.rhb.nl\\\/de\\\/#\\\/schema\\\/logo\\\/image\\\/\",\"url\":\"https:\\\/\\\/www.rhb.nl\\\/wp-content\\\/uploads\\\/rhb-logo-white.png\",\"contentUrl\":\"https:\\\/\\\/www.rhb.nl\\\/wp-content\\\/uploads\\\/rhb-logo-white.png\",\"width\":86,\"height\":78,\"caption\":\"RHB Stevedoring & Warehousing\"},\"image\":{\"@id\":\"https:\\\/\\\/www.rhb.nl\\\/de\\\/#\\\/schema\\\/logo\\\/image\\\/\"}}]}<\/script>\n<!-- \/ Yoast SEO plugin. -->","yoast_head_json":{"title":"Allgemeine Informationen - RHB Stevedoring &amp; Warehousing","description":"Auf dieser Seite finden Sie alle allgemeine Informationen von RHB. 1930 gegr\u00fcndet und heute ein modernes, dynamisches und unabh\u00e4ngiges Stauereiunternehmen.","robots":{"index":"index","follow":"follow","max-snippet":"max-snippet:-1","max-image-preview":"max-image-preview:large","max-video-preview":"max-video-preview:-1"},"canonical":"https:\/\/www.rhb.nl\/de\/allgemeine-informationen\/","og_locale":"de_DE","og_type":"article","og_title":"Allgemeine Informationen - RHB Stevedoring &amp; Warehousing","og_description":"Auf dieser Seite finden Sie alle allgemeine Informationen von RHB. 1930 gegr\u00fcndet und heute ein modernes, dynamisches und unabh\u00e4ngiges Stauereiunternehmen.","og_url":"https:\/\/www.rhb.nl\/de\/allgemeine-informationen\/","og_site_name":"RHB Stevedoring &amp; Warehousing","article_modified_time":"2024-02-10T10:11:01+00:00","twitter_card":"summary_large_image","twitter_misc":{"Gesch\u00e4tzte Lesezeit":"1\u00a0Minute"},"schema":{"@context":"https:\/\/schema.org","@graph":[{"@type":"WebPage","@id":"https:\/\/www.rhb.nl\/de\/allgemeine-informationen\/","url":"https:\/\/www.rhb.nl\/de\/allgemeine-informationen\/","name":"Allgemeine Informationen - RHB Stevedoring &amp; Warehousing","isPartOf":{"@id":"https:\/\/www.rhb.nl\/de\/#website"},"datePublished":"2019-12-18T10:35:36+00:00","dateModified":"2024-02-10T10:11:01+00:00","description":"Auf dieser Seite finden Sie alle allgemeine Informationen von RHB. 1930 gegr\u00fcndet und heute ein modernes, dynamisches und unabh\u00e4ngiges Stauereiunternehmen.","breadcrumb":{"@id":"https:\/\/www.rhb.nl\/de\/allgemeine-informationen\/#breadcrumb"},"inLanguage":"de","potentialAction":[{"@type":"ReadAction","target":["https:\/\/www.rhb.nl\/de\/allgemeine-informationen\/"]}]},{"@type":"BreadcrumbList","@id":"https:\/\/www.rhb.nl\/de\/allgemeine-informationen\/#breadcrumb","itemListElement":[{"@type":"ListItem","position":1,"name":"Home","item":"https:\/\/www.rhb.nl\/de\/"},{"@type":"ListItem","position":2,"name":"Allgemeine Informationen"}]},{"@type":"WebSite","@id":"https:\/\/www.rhb.nl\/de\/#website","url":"https:\/\/www.rhb.nl\/de\/","name":"RHB Stevedoring &amp; Warehousing","description":"","publisher":{"@id":"https:\/\/www.rhb.nl\/de\/#organization"},"potentialAction":[{"@type":"SearchAction","target":{"@type":"EntryPoint","urlTemplate":"https:\/\/www.rhb.nl\/de\/?s={search_term_string}"},"query-input":{"@type":"PropertyValueSpecification","valueRequired":true,"valueName":"search_term_string"}}],"inLanguage":"de"},{"@type":"Organization","@id":"https:\/\/www.rhb.nl\/de\/#organization","name":"RHB Stevedoring & Warehousing","url":"https:\/\/www.rhb.nl\/de\/","logo":{"@type":"ImageObject","inLanguage":"de","@id":"https:\/\/www.rhb.nl\/de\/#\/schema\/logo\/image\/","url":"https:\/\/www.rhb.nl\/wp-content\/uploads\/rhb-logo-white.png","contentUrl":"https:\/\/www.rhb.nl\/wp-content\/uploads\/rhb-logo-white.png","width":86,"height":78,"caption":"RHB Stevedoring & Warehousing"},"image":{"@id":"https:\/\/www.rhb.nl\/de\/#\/schema\/logo\/image\/"}}]}},"_links":{"self":[{"href":"https:\/\/www.rhb.nl\/de\/wp-json\/wp\/v2\/pages\/8418","targetHints":{"allow":["GET"]}}],"collection":[{"href":"https:\/\/www.rhb.nl\/de\/wp-json\/wp\/v2\/pages"}],"about":[{"href":"https:\/\/www.rhb.nl\/de\/wp-json\/wp\/v2\/types\/page"}],"author":[{"embeddable":true,"href":"https:\/\/www.rhb.nl\/de\/wp-json\/wp\/v2\/users\/1"}],"replies":[{"embeddable":true,"href":"https:\/\/www.rhb.nl\/de\/wp-json\/wp\/v2\/comments?post=8418"}],"version-history":[{"count":5,"href":"https:\/\/www.rhb.nl\/de\/wp-json\/wp\/v2\/pages\/8418\/revisions"}],"predecessor-version":[{"id":11025,"href":"https:\/\/www.rhb.nl\/de\/wp-json\/wp\/v2\/pages\/8418\/revisions\/11025"}],"wp:attachment":[{"href":"https:\/\/www.rhb.nl\/de\/wp-json\/wp\/v2\/media?parent=8418"}],"curies":[{"name":"wp","href":"https:\/\/api.w.org\/{rel}","templated":true}]}}