



{"id":8456,"date":"2019-12-18T12:18:58","date_gmt":"2019-12-18T11:18:58","guid":{"rendered":"https:\/\/www.rhb.nl\/?page_id=8456"},"modified":"2025-03-27T13:59:43","modified_gmt":"2025-03-27T12:59:43","slug":"offene-lagerung","status":"publish","type":"page","link":"https:\/\/www.rhb.nl\/de\/lager-transit-zollgut\/offene-lagerung\/","title":{"rendered":"Offene Lagerung"},"content":{"rendered":"<p><h2 class=\"gdlr-heading-shortcode \"  style=\"color: #7fb610;font-size: 18px;font-weight: bold;\" >Freilager, Transitzollwaren, EU-Waren &amp; Brexit-Ware von RHB Stevedoring &amp; Warehousing Rotterdam <\/h2>\n<\/p>\n<p>Das Lager von RHB Stevedoring &amp; Warehousing ist perfekt ausgestattet f\u00fcr die Lagerung von gro\u00dfen Kisten, Projektladung, schweren G\u00fctern, riesigen Biertanks, den gr\u00f6\u00dften Ankerketten der Welt, schweren G\u00fctern wie Generatoren, Transformatoren, Dieselmotoren, Arbeitsschiffen, Tunnelbohrmaschinen, Superschaufeln, Baggern, Yachten, Kabeltrommeln, Drehscheiben, Autoklaven, Turbinen, Stahlblechen, Lokomotiven, Spannern, Offshore-Ladung, NE-Metallen, zerlegten Kranen, Rotorbl\u00e4ttern und Maschinenh\u00e4usern f\u00fcr Windkraftanlagen, Schleppbooten, Aluminium, Stahl und Containern &#8211; <strong>Sie sagen es, wir lagern es.<\/strong><\/p>\n<p>Freilager f\u00fcr Zollware, Transitware, EU-Ware und Brexit-Ware.<\/p>\n<p>Freilager f\u00fcr Schwergut, Projektladung, St\u00fcckgut, Breakbulk, NE-Metallen, Holzladungen &amp; Stahlladungen.<br \/>\nFreilager 60.000 m<sup>2<\/sup> asphaltiert und komplett eingez\u00e4unt. Genehmigt von den Zollbeh\u00f6rden.<\/p>\n<h3>Brexit-Lager<strong><br \/>\n<\/strong><\/h3>\n<p>Wir haben alle M\u00f6glichkeiten f\u00fcr Brexit-Lagerung<\/p>\n<p>Transport mit hydraulischen Anh\u00e4ngern, S.P.M.T.-Anh\u00e4ngern oder eigenen Mafi-Anh\u00e4ngern mit einem Ladeverm\u00f6gen von bis zu 120 Tonnen. 2,5 -3,0 \u2013 3,5 Meter breit vom\/ zum offenen Lager f\u00fcr Schwergut f\u00fcr \u00fcbergro\u00dfe Fracht.<\/p>\n<p>Optimierte Lkw-Ausfahrt f\u00fcr lange Ladungen wie T\u00fcrme und Rotorbl\u00e4tter f\u00fcr Windkraftanlagen usw.<\/p>\n<p><strong>Lagerhallen:<\/strong> <a href=\"https:\/\/www.rhb.nl\/de\/lager-transit-zollgut\/\">Hier klicken<\/a><\/p>\n","protected":false},"excerpt":{"rendered":"<p>Das Lager von RHB Stevedoring &amp; Warehousing ist perfekt ausgestattet f\u00fcr die Lagerung von gro\u00dfen Kisten, Projektladung, schweren G\u00fctern, riesigen Biertanks, den gr\u00f6\u00dften Ankerketten der Welt, schweren G\u00fctern wie Generatoren, Transformatoren, Dieselmotoren, Arbeitsschiffen, Tunnelbohrmaschinen, Superschaufeln, Baggern, Yachten, Kabeltrommeln, Drehscheiben, Autoklaven, Turbinen, Stahlblechen, Lokomotiven, Spannern, Offshore-Ladung, NE-Metallen, zerlegten Kranen, Rotorbl\u00e4ttern und Maschinenh\u00e4usern f\u00fcr Windkraftanlagen, Schleppbooten, Aluminium,&#8230; <\/p>\n<div class=\"clear\"><\/div>\n<p><a href=\"https:\/\/www.rhb.nl\/de\/lager-transit-zollgut\/offene-lagerung\/\" class=\"excerpt-read-more\">Learn More<i class=\"fa fa-angle-double-right icon-double-angle-right\"><\/i><\/a><\/p>\n","protected":false},"author":1,"featured_media":0,"parent":8865,"menu_order":0,"comment_status":"closed","ping_status":"closed","template":"","meta":{"_acf_changed":false,"footnotes":""},"class_list":["post-8456","page","type-page","status-publish","hentry"],"acf":[],"yoast_head":"<!-- This site is optimized with the Yoast SEO plugin v27.3 - https:\/\/yoast.com\/product\/yoast-seo-wordpress\/ -->\n<title>Offene Lagerung - RHB Stevedoring &amp; Warehousing<\/title>\n<meta name=\"description\" content=\"Das Lager von RHB Stevedoring &amp; Warehousing ist perfekt ausgestattet f\u00fcr die Lagerung von gro\u00dfen Kisten, Projektladung.\" \/>\n<meta name=\"robots\" content=\"index, follow, max-snippet:-1, max-image-preview:large, max-video-preview:-1\" \/>\n<link rel=\"canonical\" href=\"https:\/\/www.rhb.nl\/de\/lager-transit-zollgut\/offene-lagerung\/\" \/>\n<meta property=\"og:locale\" content=\"de_DE\" \/>\n<meta property=\"og:type\" content=\"article\" \/>\n<meta property=\"og:title\" content=\"Offene Lagerung - RHB Stevedoring &amp; Warehousing\" \/>\n<meta property=\"og:description\" content=\"Das Lager von RHB Stevedoring &amp; Warehousing ist perfekt ausgestattet f\u00fcr die Lagerung von gro\u00dfen Kisten, Projektladung.\" \/>\n<meta property=\"og:url\" content=\"https:\/\/www.rhb.nl\/de\/lager-transit-zollgut\/offene-lagerung\/\" \/>\n<meta property=\"og:site_name\" content=\"RHB Stevedoring &amp; Warehousing\" \/>\n<meta property=\"article:modified_time\" content=\"2025-03-27T12:59:43+00:00\" \/>\n<meta name=\"twitter:card\" content=\"summary_large_image\" \/>\n<meta name=\"twitter:label1\" content=\"Gesch\u00e4tzte Lesezeit\" \/>\n\t<meta name=\"twitter:data1\" content=\"1\u00a0Minute\" \/>\n<script type=\"application\/ld+json\" class=\"yoast-schema-graph\">{\"@context\":\"https:\\\/\\\/schema.org\",\"@graph\":[{\"@type\":\"WebPage\",\"@id\":\"https:\\\/\\\/www.rhb.nl\\\/de\\\/lager-transit-zollgut\\\/offene-lagerung\\\/\",\"url\":\"https:\\\/\\\/www.rhb.nl\\\/de\\\/lager-transit-zollgut\\\/offene-lagerung\\\/\",\"name\":\"Offene Lagerung - RHB Stevedoring &amp; Warehousing\",\"isPartOf\":{\"@id\":\"https:\\\/\\\/www.rhb.nl\\\/de\\\/#website\"},\"datePublished\":\"2019-12-18T11:18:58+00:00\",\"dateModified\":\"2025-03-27T12:59:43+00:00\",\"description\":\"Das Lager von RHB Stevedoring & Warehousing ist perfekt ausgestattet f\u00fcr die Lagerung von gro\u00dfen Kisten, Projektladung.\",\"breadcrumb\":{\"@id\":\"https:\\\/\\\/www.rhb.nl\\\/de\\\/lager-transit-zollgut\\\/offene-lagerung\\\/#breadcrumb\"},\"inLanguage\":\"de\",\"potentialAction\":[{\"@type\":\"ReadAction\",\"target\":[\"https:\\\/\\\/www.rhb.nl\\\/de\\\/lager-transit-zollgut\\\/offene-lagerung\\\/\"]}]},{\"@type\":\"BreadcrumbList\",\"@id\":\"https:\\\/\\\/www.rhb.nl\\\/de\\\/lager-transit-zollgut\\\/offene-lagerung\\\/#breadcrumb\",\"itemListElement\":[{\"@type\":\"ListItem\",\"position\":1,\"name\":\"Home\",\"item\":\"https:\\\/\\\/www.rhb.nl\\\/de\\\/\"},{\"@type\":\"ListItem\",\"position\":2,\"name\":\"Lager &#8211; Transit Zollgut\",\"item\":\"https:\\\/\\\/www.rhb.nl\\\/de\\\/lager-transit-zollgut\\\/\"},{\"@type\":\"ListItem\",\"position\":3,\"name\":\"Offene Lagerung\"}]},{\"@type\":\"WebSite\",\"@id\":\"https:\\\/\\\/www.rhb.nl\\\/de\\\/#website\",\"url\":\"https:\\\/\\\/www.rhb.nl\\\/de\\\/\",\"name\":\"RHB Stevedoring &amp; Warehousing\",\"description\":\"\",\"publisher\":{\"@id\":\"https:\\\/\\\/www.rhb.nl\\\/de\\\/#organization\"},\"potentialAction\":[{\"@type\":\"SearchAction\",\"target\":{\"@type\":\"EntryPoint\",\"urlTemplate\":\"https:\\\/\\\/www.rhb.nl\\\/de\\\/?s={search_term_string}\"},\"query-input\":{\"@type\":\"PropertyValueSpecification\",\"valueRequired\":true,\"valueName\":\"search_term_string\"}}],\"inLanguage\":\"de\"},{\"@type\":\"Organization\",\"@id\":\"https:\\\/\\\/www.rhb.nl\\\/de\\\/#organization\",\"name\":\"RHB Stevedoring & Warehousing\",\"url\":\"https:\\\/\\\/www.rhb.nl\\\/de\\\/\",\"logo\":{\"@type\":\"ImageObject\",\"inLanguage\":\"de\",\"@id\":\"https:\\\/\\\/www.rhb.nl\\\/de\\\/#\\\/schema\\\/logo\\\/image\\\/\",\"url\":\"https:\\\/\\\/www.rhb.nl\\\/wp-content\\\/uploads\\\/rhb-logo-white.png\",\"contentUrl\":\"https:\\\/\\\/www.rhb.nl\\\/wp-content\\\/uploads\\\/rhb-logo-white.png\",\"width\":86,\"height\":78,\"caption\":\"RHB Stevedoring & Warehousing\"},\"image\":{\"@id\":\"https:\\\/\\\/www.rhb.nl\\\/de\\\/#\\\/schema\\\/logo\\\/image\\\/\"}}]}<\/script>\n<!-- \/ Yoast SEO plugin. -->","yoast_head_json":{"title":"Offene Lagerung - RHB Stevedoring &amp; Warehousing","description":"Das Lager von RHB Stevedoring & Warehousing ist perfekt ausgestattet f\u00fcr die Lagerung von gro\u00dfen Kisten, Projektladung.","robots":{"index":"index","follow":"follow","max-snippet":"max-snippet:-1","max-image-preview":"max-image-preview:large","max-video-preview":"max-video-preview:-1"},"canonical":"https:\/\/www.rhb.nl\/de\/lager-transit-zollgut\/offene-lagerung\/","og_locale":"de_DE","og_type":"article","og_title":"Offene Lagerung - RHB Stevedoring &amp; Warehousing","og_description":"Das Lager von RHB Stevedoring & Warehousing ist perfekt ausgestattet f\u00fcr die Lagerung von gro\u00dfen Kisten, Projektladung.","og_url":"https:\/\/www.rhb.nl\/de\/lager-transit-zollgut\/offene-lagerung\/","og_site_name":"RHB Stevedoring &amp; Warehousing","article_modified_time":"2025-03-27T12:59:43+00:00","twitter_card":"summary_large_image","twitter_misc":{"Gesch\u00e4tzte Lesezeit":"1\u00a0Minute"},"schema":{"@context":"https:\/\/schema.org","@graph":[{"@type":"WebPage","@id":"https:\/\/www.rhb.nl\/de\/lager-transit-zollgut\/offene-lagerung\/","url":"https:\/\/www.rhb.nl\/de\/lager-transit-zollgut\/offene-lagerung\/","name":"Offene Lagerung - RHB Stevedoring &amp; Warehousing","isPartOf":{"@id":"https:\/\/www.rhb.nl\/de\/#website"},"datePublished":"2019-12-18T11:18:58+00:00","dateModified":"2025-03-27T12:59:43+00:00","description":"Das Lager von RHB Stevedoring & Warehousing ist perfekt ausgestattet f\u00fcr die Lagerung von gro\u00dfen Kisten, Projektladung.","breadcrumb":{"@id":"https:\/\/www.rhb.nl\/de\/lager-transit-zollgut\/offene-lagerung\/#breadcrumb"},"inLanguage":"de","potentialAction":[{"@type":"ReadAction","target":["https:\/\/www.rhb.nl\/de\/lager-transit-zollgut\/offene-lagerung\/"]}]},{"@type":"BreadcrumbList","@id":"https:\/\/www.rhb.nl\/de\/lager-transit-zollgut\/offene-lagerung\/#breadcrumb","itemListElement":[{"@type":"ListItem","position":1,"name":"Home","item":"https:\/\/www.rhb.nl\/de\/"},{"@type":"ListItem","position":2,"name":"Lager &#8211; Transit Zollgut","item":"https:\/\/www.rhb.nl\/de\/lager-transit-zollgut\/"},{"@type":"ListItem","position":3,"name":"Offene Lagerung"}]},{"@type":"WebSite","@id":"https:\/\/www.rhb.nl\/de\/#website","url":"https:\/\/www.rhb.nl\/de\/","name":"RHB Stevedoring &amp; Warehousing","description":"","publisher":{"@id":"https:\/\/www.rhb.nl\/de\/#organization"},"potentialAction":[{"@type":"SearchAction","target":{"@type":"EntryPoint","urlTemplate":"https:\/\/www.rhb.nl\/de\/?s={search_term_string}"},"query-input":{"@type":"PropertyValueSpecification","valueRequired":true,"valueName":"search_term_string"}}],"inLanguage":"de"},{"@type":"Organization","@id":"https:\/\/www.rhb.nl\/de\/#organization","name":"RHB Stevedoring & Warehousing","url":"https:\/\/www.rhb.nl\/de\/","logo":{"@type":"ImageObject","inLanguage":"de","@id":"https:\/\/www.rhb.nl\/de\/#\/schema\/logo\/image\/","url":"https:\/\/www.rhb.nl\/wp-content\/uploads\/rhb-logo-white.png","contentUrl":"https:\/\/www.rhb.nl\/wp-content\/uploads\/rhb-logo-white.png","width":86,"height":78,"caption":"RHB Stevedoring & Warehousing"},"image":{"@id":"https:\/\/www.rhb.nl\/de\/#\/schema\/logo\/image\/"}}]}},"_links":{"self":[{"href":"https:\/\/www.rhb.nl\/de\/wp-json\/wp\/v2\/pages\/8456","targetHints":{"allow":["GET"]}}],"collection":[{"href":"https:\/\/www.rhb.nl\/de\/wp-json\/wp\/v2\/pages"}],"about":[{"href":"https:\/\/www.rhb.nl\/de\/wp-json\/wp\/v2\/types\/page"}],"author":[{"embeddable":true,"href":"https:\/\/www.rhb.nl\/de\/wp-json\/wp\/v2\/users\/1"}],"replies":[{"embeddable":true,"href":"https:\/\/www.rhb.nl\/de\/wp-json\/wp\/v2\/comments?post=8456"}],"version-history":[{"count":4,"href":"https:\/\/www.rhb.nl\/de\/wp-json\/wp\/v2\/pages\/8456\/revisions"}],"predecessor-version":[{"id":11427,"href":"https:\/\/www.rhb.nl\/de\/wp-json\/wp\/v2\/pages\/8456\/revisions\/11427"}],"up":[{"embeddable":true,"href":"https:\/\/www.rhb.nl\/de\/wp-json\/wp\/v2\/pages\/8865"}],"wp:attachment":[{"href":"https:\/\/www.rhb.nl\/de\/wp-json\/wp\/v2\/media?parent=8456"}],"curies":[{"name":"wp","href":"https:\/\/api.w.org\/{rel}","templated":true}]}}