



{"id":8483,"date":"2019-12-18T12:22:52","date_gmt":"2019-12-18T11:22:52","guid":{"rendered":"https:\/\/www.rhb.nl\/?page_id=8483"},"modified":"2024-10-28T14:28:58","modified_gmt":"2024-10-28T13:28:58","slug":"ueber-rhb","status":"publish","type":"page","link":"https:\/\/www.rhb.nl\/de\/ueber-rhb\/","title":{"rendered":"\u00dcber RHB"},"content":{"rendered":"<p><h2 class=\"gdlr-heading-shortcode \"  style=\"color: #7fb610;font-size: 18px;font-weight: bold;\" >RHB Projektladung, Schwergut, Breakbulk &amp; St\u00fcckgut Stauer Terminal Rotterdam.<\/h2>\n<\/p>\n<p>RHB Stevedoring &amp; Warehousing verf\u00fcgt \u00fcber besondere Expertise im Bereich Projektladung, Schwergut, Ausr\u00fcstung f\u00fcr Windkraftanlagen, St\u00fcckgut und Breakbulk. Mit mehr als 90 Jahren Erfahrung sind wir eines der f\u00fchrenden Unternehmen im Rotterdamer Hafen. Als privates, unabh\u00e4ngiges Terminal zeichnen wir uns nicht nur durch langj\u00e4hrige Erfahrung aus, sondern auch durch beispiellose Flexibilit\u00e4t, kurze Kommunikationswege und 100 % spezialisierte Stauerei-Dienstleistungen.<\/p>\n<h3>Stark f\u00fcr schwere Arbeit, gut in St\u00fcckgut!<strong><br \/>\n<\/strong><\/h3>\n<p>Wir besitzen umfassende Marktkenntnisse und eigene Einrichtungen, wie beispielsweise einzigartige mobile Hochgeschwindigkeitskrane f\u00fcr Schwergut mit einer Kapazit\u00e4t von 208 Tonnen 2 x, und 144 Tonnen sowie die Verf\u00fcgbarkeit \u00fcber Schwimmkrane. Mit dieser Ausr\u00fcstung und unseren erfahrenen, professionellen und qualit\u00e4tsorientierten Mitarbeitern k\u00f6nnen wir gew\u00e4hrleisten, dass wir Ihre wertvolle Ladung und G\u00fcter mit abweichenden Dimensionen mit au\u00dfergew\u00f6hnlicher Sorgfalt und Sachkenntnis sicher, professionell und schnell verarbeiten k\u00f6nnen. In Zusammenarbeit mit RHB ist Ihre Ladung in guten H\u00e4nden!<\/p>\n<h3>Stauerei<\/h3>\n<p>Als spezialisierter Stauereibetrieb beladen, entladen und schlagen wir Linienschiffe, Halblinienschiffe, Charterschiffe, Binnenschiffe, LKWs, Eisenbahnwaggons und Container in unserem hauseigenen Terminal mit einem 730 Meter langen Kai im Waalhaven Nordseite im Rotterdamer Hafen um. Bei Bedarf k\u00f6nnen wir Ihre Fracht an einem sicheren, AEO- und ISPS-zertifizierten Ort in einer unserer Hallen oder in einem offenen Lager aufbewahren.<\/p>\n<h3>Flexibel und spediteurfreundlich<\/h3>\n<p>Viele unserer Kunden sind im Speditionsbereich t\u00e4tig. Au\u00dfer Flexibilit\u00e4t bevorzugen unsere Kunden auch die Zusammenarbeit mit unserem Unternehmen, da wir KEINE logistischen Aktivit\u00e4ten wie das Chartern von Schiffen oder das Buchen von Fracht ausf\u00fchren. Wir sind zu 100 % unabh\u00e4ngig, sodass kein Interessenkonflikt besteht. Dies ist einer der Gr\u00fcnde, warum Sie sich bei der Zusammenarbeit mit uns auf volle Transparenz und Vertraulichkeit Ihrer Frachtinformationen und der damit verbundenen Dokumente verlassen k\u00f6nnen.<\/p>\n<h3>RHB \u2013 der Spezialist f\u00fcr:<\/h3>\n<ul>\n<li>Projektladung Schwere Ladung<\/li>\n<li>Rotorbl\u00e4tter, T\u00fcrme, Maschinenh\u00e4user und Rotoren f\u00fcr Windkraftanlagen<\/li>\n<li>St\u00fcckgut &amp; Breakbulk inkl. IMO 1-9 ( inkl. IMO 7).<\/li>\n<li>NE-Metalle, Ferrolegierungen, Stahl- &amp; Holzladungen<\/li>\n<li>Assistenz f\u00fcr Schiffe in der Offshore-Industrie<\/li>\n<li>Liegepl\u00e4tze, Lay-By &amp; Hilfe bei Reparaturen<\/li>\n<\/ul>\n<h3>RHB arbeitet f\u00fcr:<\/h3>\n<p>Spediteure, Transporteure und Reedereien von Projektfracht, Schwergut, St\u00fcckgut und Breakbulk, Industrieunternehmen, Offshore-Unternehmen, Schiffseigner, Importeure, Exporteure und Agenten. Unsere Kunden nutzen unser hauseigenes Terminal im Rotterdamer Hafen f\u00fcr den Umschlag und die Lagerung von G\u00fctern mit einem St\u00fcckgewicht von 1 bis 2.200 Tonnen. Inkl. Zurren &amp; Sichern, Schwei\u00dfen sowie L\u00f6sen, Schwei\u00dfn\u00e4hte entfernen und Kerben durch professionelle Partner.<\/p>\n<h3>Geschichte<\/h3>\n<p>RHB wurde am 1. April 1930 in Rotterdam als spezialisierte Stauerei unter dem Namen \u201eRotterdamsch Havenbedrijf\u201c gegr\u00fcndet und firmiert heute unter dem internationalen Handelsnamen RHB Stevedoring &amp; Warehousing.<\/p>\n<h3>Preise und Fragen<\/h3>\n<p>F\u00fcr Informationen zu unseren Tarifen, andere Fragen und Dienstleistungen wenden Sie sich bitte an Jan Flach, Mike van der Pluijm oder Peter van der Pluijm unter <a href=\"mailto:office@rhb.nl\">office@rhb.nl<\/a> oder telefonisch unter <a href=\"tel:00301104299433\">+31 (0)10 4299433.<\/a><\/p>\n","protected":false},"excerpt":{"rendered":"<p>RHB Stevedoring &amp; Warehousing verf\u00fcgt \u00fcber besondere Expertise im Bereich Projektladung, Schwergut, Ausr\u00fcstung f\u00fcr Windkraftanlagen, St\u00fcckgut und Breakbulk. Mit mehr als 90 Jahren Erfahrung sind wir eines der f\u00fchrenden Unternehmen im Rotterdamer Hafen. Als privates, unabh\u00e4ngiges Terminal zeichnen wir uns nicht nur durch langj\u00e4hrige Erfahrung aus, sondern auch durch beispiellose Flexibilit\u00e4t, kurze Kommunikationswege und 100&#8230; <\/p>\n<div class=\"clear\"><\/div>\n<p><a href=\"https:\/\/www.rhb.nl\/de\/ueber-rhb\/\" class=\"excerpt-read-more\">Learn More<i class=\"fa fa-angle-double-right icon-double-angle-right\"><\/i><\/a><\/p>\n","protected":false},"author":1,"featured_media":0,"parent":0,"menu_order":0,"comment_status":"closed","ping_status":"closed","template":"","meta":{"_acf_changed":false,"footnotes":""},"class_list":["post-8483","page","type-page","status-publish","hentry"],"acf":[],"yoast_head":"<!-- This site is optimized with the Yoast SEO plugin v27.3 - https:\/\/yoast.com\/product\/yoast-seo-wordpress\/ -->\n<title>\u00dcber RHB - RHB Stevedoring &amp; Warehousing<\/title>\n<meta name=\"description\" content=\"Mit 90 Jahren Erfahrung ist RHB eines der f\u00fchrenden Unternehmen im Rotterdamer Hafen. Lesen Sie auf dieser Seite alles \u00fcber RHB und unsere Spezialit\u00e4ten.\" \/>\n<meta name=\"robots\" content=\"index, follow, max-snippet:-1, max-image-preview:large, max-video-preview:-1\" \/>\n<link rel=\"canonical\" href=\"https:\/\/www.rhb.nl\/de\/ueber-rhb\/\" \/>\n<meta property=\"og:locale\" content=\"de_DE\" \/>\n<meta property=\"og:type\" content=\"article\" \/>\n<meta property=\"og:title\" content=\"\u00dcber RHB - RHB Stevedoring &amp; Warehousing\" \/>\n<meta property=\"og:description\" content=\"Mit 90 Jahren Erfahrung ist RHB eines der f\u00fchrenden Unternehmen im Rotterdamer Hafen. Lesen Sie auf dieser Seite alles \u00fcber RHB und unsere Spezialit\u00e4ten.\" \/>\n<meta property=\"og:url\" content=\"https:\/\/www.rhb.nl\/de\/ueber-rhb\/\" \/>\n<meta property=\"og:site_name\" content=\"RHB Stevedoring &amp; Warehousing\" \/>\n<meta property=\"article:modified_time\" content=\"2024-10-28T13:28:58+00:00\" \/>\n<meta name=\"twitter:card\" content=\"summary_large_image\" \/>\n<meta name=\"twitter:label1\" content=\"Gesch\u00e4tzte Lesezeit\" \/>\n\t<meta name=\"twitter:data1\" content=\"3\u00a0Minuten\" \/>\n<script type=\"application\/ld+json\" class=\"yoast-schema-graph\">{\"@context\":\"https:\\\/\\\/schema.org\",\"@graph\":[{\"@type\":\"WebPage\",\"@id\":\"https:\\\/\\\/www.rhb.nl\\\/de\\\/ueber-rhb\\\/\",\"url\":\"https:\\\/\\\/www.rhb.nl\\\/de\\\/ueber-rhb\\\/\",\"name\":\"\u00dcber RHB - RHB Stevedoring &amp; Warehousing\",\"isPartOf\":{\"@id\":\"https:\\\/\\\/www.rhb.nl\\\/de\\\/#website\"},\"datePublished\":\"2019-12-18T11:22:52+00:00\",\"dateModified\":\"2024-10-28T13:28:58+00:00\",\"description\":\"Mit 90 Jahren Erfahrung ist RHB eines der f\u00fchrenden Unternehmen im Rotterdamer Hafen. Lesen Sie auf dieser Seite alles \u00fcber RHB und unsere Spezialit\u00e4ten.\",\"breadcrumb\":{\"@id\":\"https:\\\/\\\/www.rhb.nl\\\/de\\\/ueber-rhb\\\/#breadcrumb\"},\"inLanguage\":\"de\",\"potentialAction\":[{\"@type\":\"ReadAction\",\"target\":[\"https:\\\/\\\/www.rhb.nl\\\/de\\\/ueber-rhb\\\/\"]}]},{\"@type\":\"BreadcrumbList\",\"@id\":\"https:\\\/\\\/www.rhb.nl\\\/de\\\/ueber-rhb\\\/#breadcrumb\",\"itemListElement\":[{\"@type\":\"ListItem\",\"position\":1,\"name\":\"Home\",\"item\":\"https:\\\/\\\/www.rhb.nl\\\/de\\\/\"},{\"@type\":\"ListItem\",\"position\":2,\"name\":\"\u00dcber RHB\"}]},{\"@type\":\"WebSite\",\"@id\":\"https:\\\/\\\/www.rhb.nl\\\/de\\\/#website\",\"url\":\"https:\\\/\\\/www.rhb.nl\\\/de\\\/\",\"name\":\"RHB Stevedoring &amp; Warehousing\",\"description\":\"\",\"publisher\":{\"@id\":\"https:\\\/\\\/www.rhb.nl\\\/de\\\/#organization\"},\"potentialAction\":[{\"@type\":\"SearchAction\",\"target\":{\"@type\":\"EntryPoint\",\"urlTemplate\":\"https:\\\/\\\/www.rhb.nl\\\/de\\\/?s={search_term_string}\"},\"query-input\":{\"@type\":\"PropertyValueSpecification\",\"valueRequired\":true,\"valueName\":\"search_term_string\"}}],\"inLanguage\":\"de\"},{\"@type\":\"Organization\",\"@id\":\"https:\\\/\\\/www.rhb.nl\\\/de\\\/#organization\",\"name\":\"RHB Stevedoring & Warehousing\",\"url\":\"https:\\\/\\\/www.rhb.nl\\\/de\\\/\",\"logo\":{\"@type\":\"ImageObject\",\"inLanguage\":\"de\",\"@id\":\"https:\\\/\\\/www.rhb.nl\\\/de\\\/#\\\/schema\\\/logo\\\/image\\\/\",\"url\":\"https:\\\/\\\/www.rhb.nl\\\/wp-content\\\/uploads\\\/rhb-logo-white.png\",\"contentUrl\":\"https:\\\/\\\/www.rhb.nl\\\/wp-content\\\/uploads\\\/rhb-logo-white.png\",\"width\":86,\"height\":78,\"caption\":\"RHB Stevedoring & Warehousing\"},\"image\":{\"@id\":\"https:\\\/\\\/www.rhb.nl\\\/de\\\/#\\\/schema\\\/logo\\\/image\\\/\"}}]}<\/script>\n<!-- \/ Yoast SEO plugin. -->","yoast_head_json":{"title":"\u00dcber RHB - RHB Stevedoring &amp; Warehousing","description":"Mit 90 Jahren Erfahrung ist RHB eines der f\u00fchrenden Unternehmen im Rotterdamer Hafen. Lesen Sie auf dieser Seite alles \u00fcber RHB und unsere Spezialit\u00e4ten.","robots":{"index":"index","follow":"follow","max-snippet":"max-snippet:-1","max-image-preview":"max-image-preview:large","max-video-preview":"max-video-preview:-1"},"canonical":"https:\/\/www.rhb.nl\/de\/ueber-rhb\/","og_locale":"de_DE","og_type":"article","og_title":"\u00dcber RHB - RHB Stevedoring &amp; Warehousing","og_description":"Mit 90 Jahren Erfahrung ist RHB eines der f\u00fchrenden Unternehmen im Rotterdamer Hafen. Lesen Sie auf dieser Seite alles \u00fcber RHB und unsere Spezialit\u00e4ten.","og_url":"https:\/\/www.rhb.nl\/de\/ueber-rhb\/","og_site_name":"RHB Stevedoring &amp; Warehousing","article_modified_time":"2024-10-28T13:28:58+00:00","twitter_card":"summary_large_image","twitter_misc":{"Gesch\u00e4tzte Lesezeit":"3\u00a0Minuten"},"schema":{"@context":"https:\/\/schema.org","@graph":[{"@type":"WebPage","@id":"https:\/\/www.rhb.nl\/de\/ueber-rhb\/","url":"https:\/\/www.rhb.nl\/de\/ueber-rhb\/","name":"\u00dcber RHB - RHB Stevedoring &amp; Warehousing","isPartOf":{"@id":"https:\/\/www.rhb.nl\/de\/#website"},"datePublished":"2019-12-18T11:22:52+00:00","dateModified":"2024-10-28T13:28:58+00:00","description":"Mit 90 Jahren Erfahrung ist RHB eines der f\u00fchrenden Unternehmen im Rotterdamer Hafen. Lesen Sie auf dieser Seite alles \u00fcber RHB und unsere Spezialit\u00e4ten.","breadcrumb":{"@id":"https:\/\/www.rhb.nl\/de\/ueber-rhb\/#breadcrumb"},"inLanguage":"de","potentialAction":[{"@type":"ReadAction","target":["https:\/\/www.rhb.nl\/de\/ueber-rhb\/"]}]},{"@type":"BreadcrumbList","@id":"https:\/\/www.rhb.nl\/de\/ueber-rhb\/#breadcrumb","itemListElement":[{"@type":"ListItem","position":1,"name":"Home","item":"https:\/\/www.rhb.nl\/de\/"},{"@type":"ListItem","position":2,"name":"\u00dcber RHB"}]},{"@type":"WebSite","@id":"https:\/\/www.rhb.nl\/de\/#website","url":"https:\/\/www.rhb.nl\/de\/","name":"RHB Stevedoring &amp; Warehousing","description":"","publisher":{"@id":"https:\/\/www.rhb.nl\/de\/#organization"},"potentialAction":[{"@type":"SearchAction","target":{"@type":"EntryPoint","urlTemplate":"https:\/\/www.rhb.nl\/de\/?s={search_term_string}"},"query-input":{"@type":"PropertyValueSpecification","valueRequired":true,"valueName":"search_term_string"}}],"inLanguage":"de"},{"@type":"Organization","@id":"https:\/\/www.rhb.nl\/de\/#organization","name":"RHB Stevedoring & Warehousing","url":"https:\/\/www.rhb.nl\/de\/","logo":{"@type":"ImageObject","inLanguage":"de","@id":"https:\/\/www.rhb.nl\/de\/#\/schema\/logo\/image\/","url":"https:\/\/www.rhb.nl\/wp-content\/uploads\/rhb-logo-white.png","contentUrl":"https:\/\/www.rhb.nl\/wp-content\/uploads\/rhb-logo-white.png","width":86,"height":78,"caption":"RHB Stevedoring & Warehousing"},"image":{"@id":"https:\/\/www.rhb.nl\/de\/#\/schema\/logo\/image\/"}}]}},"_links":{"self":[{"href":"https:\/\/www.rhb.nl\/de\/wp-json\/wp\/v2\/pages\/8483","targetHints":{"allow":["GET"]}}],"collection":[{"href":"https:\/\/www.rhb.nl\/de\/wp-json\/wp\/v2\/pages"}],"about":[{"href":"https:\/\/www.rhb.nl\/de\/wp-json\/wp\/v2\/types\/page"}],"author":[{"embeddable":true,"href":"https:\/\/www.rhb.nl\/de\/wp-json\/wp\/v2\/users\/1"}],"replies":[{"embeddable":true,"href":"https:\/\/www.rhb.nl\/de\/wp-json\/wp\/v2\/comments?post=8483"}],"version-history":[{"count":7,"href":"https:\/\/www.rhb.nl\/de\/wp-json\/wp\/v2\/pages\/8483\/revisions"}],"predecessor-version":[{"id":11305,"href":"https:\/\/www.rhb.nl\/de\/wp-json\/wp\/v2\/pages\/8483\/revisions\/11305"}],"wp:attachment":[{"href":"https:\/\/www.rhb.nl\/de\/wp-json\/wp\/v2\/media?parent=8483"}],"curies":[{"name":"wp","href":"https:\/\/api.w.org\/{rel}","templated":true}]}}