



{"id":8496,"date":"2019-12-18T12:29:22","date_gmt":"2019-12-18T11:29:22","guid":{"rendered":"https:\/\/www.rhb.nl\/?page_id=8496"},"modified":"2024-10-07T16:12:08","modified_gmt":"2024-10-07T14:12:08","slug":"projektcargo","status":"publish","type":"page","link":"https:\/\/www.rhb.nl\/de\/projektcargo\/","title":{"rendered":"Projektcargo"},"content":{"rendered":"<p><h2 class=\"gdlr-heading-shortcode \"  style=\"color: #7fb610;font-size: 18px;font-weight: bold;\" >Projektladung Rotterdam, lifting your cargoes faster<\/h2>\n<\/p>\n<p>RHB (Rotterdams Havenbedrijf) spezialisiert sich auf den Umschlag und die Lagerung von Projektladung. RHB ist flexibel, schnell, sicher und sorgt daf\u00fcr, dass Sie Umschlagzeit sparen k\u00f6nnen. Mit einem ausgezeichneten Standort f\u00fcr FOB-Lieferungen, kristallklaren Preisen und keine \u201eSlinging Expenses\u201c sind wir der ideale Partner f\u00fcr die Handhabung Ihrer Ladungen. <strong><span class=\"Y2IQFc\" lang=\"de\">Hafenkr\u00e4ne<\/span> bis 208 Tonnen, in Tandem lift &gt; 300 Tonnen.<\/strong><\/p>\n<h3>Ihre Projektladung, unsere Sorge!<\/h3>\n<p>Der Transport gro\u00dfer, schwerer Projektg\u00fcter wie Teile f\u00fcr Energieanlagen, Windkraftanlagen, demontierte Krane, zerlegte \u00d6l- und Gasanlagen und mobile Hafenkrane ist f\u00fcr RHB kein Problem. Projektladungen enthalten neben einigen schweren G\u00fctern h\u00e4ufig eine gro\u00dfe Anzahl von Kisten und Boxen aller Gr\u00f6\u00dfen. Dies ist eine besonders spezialisierte Arbeit. Die erfahrenen und flexiblen Teams von RHB sorgen f\u00fcr eine professionelle und sichere Abwicklung und Lagerung Ihrer Projektladungen.<\/p>\n<h3>Der perfekte Partner f\u00fcr Ihr Projektcargo<\/h3>\n<p>RHB kann Ihre Projektladung sehr schnell, sicher und genau abwickeln. Dies tun wir mit unseren beiden mobilen Hafenkranen mit einer Kapazit\u00e4t von <strong>2 x 208 Tonnen + 1 x 144 Tonnen<\/strong> f\u00fcr Schwergut. In Kombination mit den Hochgeschwindigkeits-Mehrzweck-Hafenkranen und unserem eigenen schnellen Handlingsystem k\u00f6nnen Sie bei einem Umschlag bis zu 50 % Zeit sparen. RHB hat aufgrund der kurzen Entfernung zum Ruhrgebiet, Antwerpen und anderen Industriegebieten eine hervorragende Lage f\u00fcr FOB-Lieferungen.<\/p>\n<p>RHB spezialisiert sich auf G\u00fcter mit einem St\u00fcckgewicht von bis zu <strong>208 Tonnen<\/strong>. Die Schwerlastkrane, <strong>die im Tandem &gt; 300 Tonnen<\/strong> Hubkraft besitzen, eignen sich perfekt f\u00fcr die schnelle und genaue Bearbeitung schwerer Projektladungen (Cargo) wie:<\/p>\n<ul>\n<li>Projekte f\u00fcr Energieanlagen<\/li>\n<li>Transformatoren<\/li>\n<li>Turbinen<\/li>\n<li>Projekte f\u00fcr Windkraftanlagen<\/li>\n<li>Demontierte \u00d6l- und Gasanlagen<\/li>\n<li>Mobile Hafenkrane<\/li>\n<li>Generatoren<\/li>\n<li>Dieselmotoren<\/li>\n<li>Yachten<\/li>\n<li>Schleppboote<\/li>\n<li>Arbeitsschiffe<\/li>\n<li>Kabeltrommeln<\/li>\n<li>Projekte f\u00fcr Bergbau-Siebanlagen<\/li>\n<li>Tunnelbohrmaschinen<\/li>\n<li>Bojen<\/li>\n<li>Anker<\/li>\n<li>Bagger<\/li>\n<li>Lokomotiven<\/li>\n<li>Schaufeln<\/li>\n<li>Autoklaven<\/li>\n<li>Schiffsverladearme<\/li>\n<li>Spannvorrichtungen<\/li>\n<\/ul>\n<p>Wir verf\u00fcgen \u00fcber zwei mobile Hafenkrane mit einer Kapazit\u00e4t von 208 Tonnen oder 144 Tonnen. Dies bedeutet, dass auch lange Lasten bis zu 100 Metern gehoben werden k\u00f6nnen.<\/p>\n<h3>Transparenz und besonders f\u00fcr Projektspediteure geeignet<\/h3>\n<p>Mit mehr als 90 Jahren Erfahrung ist RHB eines der f\u00fchrenden Unternehmen im Bereich Projektladung im Rotterdamer Hafen. Unsere Teams sind professionell, erfahren und flexibel. Wir sorgen daf\u00fcr, dass Ihre Projektladung schnell, pr\u00e4zise und zu einem transparenten Preis abgewickelt wird. RHB legt bei der Bearbeitung von Projektladungen gro\u00dfen Wert auf Transparenz.<\/p>\n<p>RHB befasst sich nicht mit logistischen Aktivit\u00e4ten wie dem Chartern von Schiffen oder dem Buchen von Fracht und ist daher zu 100 % unabh\u00e4ngig. Es kann kein Interessenkonflikt entstehen. Viele unserer Kunden arbeiten in der Projektspedition und legen ebenso wie RHB gro\u00dfen Wert darauf.<\/p>\n<p>Wir sind ein guter Partner f\u00fcr Projektspediteure und die Spediteure k\u00f6nnen RHB bei der Verarbeitung von Informationen, Fracht und zus\u00e4tzlichen Dokumenten voll und ganz vertrauen.<\/p>\n","protected":false},"excerpt":{"rendered":"<p>RHB (Rotterdams Havenbedrijf) spezialisiert sich auf den Umschlag und die Lagerung von Projektladung. RHB ist flexibel, schnell, sicher und sorgt daf\u00fcr, dass Sie Umschlagzeit sparen k\u00f6nnen. Mit einem ausgezeichneten Standort f\u00fcr FOB-Lieferungen, kristallklaren Preisen und keine \u201eSlinging Expenses\u201c sind wir der ideale Partner f\u00fcr die Handhabung Ihrer Ladungen. Hafenkr\u00e4ne bis 208 Tonnen, in Tandem lift&#8230; <\/p>\n<div class=\"clear\"><\/div>\n<p><a href=\"https:\/\/www.rhb.nl\/de\/projektcargo\/\" class=\"excerpt-read-more\">Learn More<i class=\"fa fa-angle-double-right icon-double-angle-right\"><\/i><\/a><\/p>\n","protected":false},"author":1,"featured_media":0,"parent":0,"menu_order":0,"comment_status":"closed","ping_status":"closed","template":"","meta":{"_acf_changed":false,"footnotes":""},"class_list":["post-8496","page","type-page","status-publish","hentry"],"acf":[],"yoast_head":"<!-- This site is optimized with the Yoast SEO plugin v27.3 - https:\/\/yoast.com\/product\/yoast-seo-wordpress\/ -->\n<title>Projektcargo - RHB Stevedoring &amp; Warehousing<\/title>\n<meta name=\"description\" content=\"RHB, der Hafenbetrieb Rotterdam, ist auf Projektcargo spezialisiert. Ausgezeichnete Lage, kristallklare Preise und keine schwankenden Kosten.\" \/>\n<meta name=\"robots\" content=\"index, follow, max-snippet:-1, max-image-preview:large, max-video-preview:-1\" \/>\n<link rel=\"canonical\" href=\"https:\/\/www.rhb.nl\/de\/projektcargo\/\" \/>\n<meta property=\"og:locale\" content=\"de_DE\" \/>\n<meta property=\"og:type\" content=\"article\" \/>\n<meta property=\"og:title\" content=\"Projektcargo - RHB Stevedoring &amp; Warehousing\" \/>\n<meta property=\"og:description\" content=\"RHB, der Hafenbetrieb Rotterdam, ist auf Projektcargo spezialisiert. Ausgezeichnete Lage, kristallklare Preise und keine schwankenden Kosten.\" \/>\n<meta property=\"og:url\" content=\"https:\/\/www.rhb.nl\/de\/projektcargo\/\" \/>\n<meta property=\"og:site_name\" content=\"RHB Stevedoring &amp; Warehousing\" \/>\n<meta property=\"article:modified_time\" content=\"2024-10-07T14:12:08+00:00\" \/>\n<meta name=\"twitter:card\" content=\"summary_large_image\" \/>\n<meta name=\"twitter:label1\" content=\"Gesch\u00e4tzte Lesezeit\" \/>\n\t<meta name=\"twitter:data1\" content=\"3\u00a0Minuten\" \/>\n<script type=\"application\/ld+json\" class=\"yoast-schema-graph\">{\"@context\":\"https:\\\/\\\/schema.org\",\"@graph\":[{\"@type\":\"WebPage\",\"@id\":\"https:\\\/\\\/www.rhb.nl\\\/de\\\/projektcargo\\\/\",\"url\":\"https:\\\/\\\/www.rhb.nl\\\/de\\\/projektcargo\\\/\",\"name\":\"Projektcargo - RHB Stevedoring &amp; Warehousing\",\"isPartOf\":{\"@id\":\"https:\\\/\\\/www.rhb.nl\\\/de\\\/#website\"},\"datePublished\":\"2019-12-18T11:29:22+00:00\",\"dateModified\":\"2024-10-07T14:12:08+00:00\",\"description\":\"RHB, der Hafenbetrieb Rotterdam, ist auf Projektcargo spezialisiert. Ausgezeichnete Lage, kristallklare Preise und keine schwankenden Kosten.\",\"breadcrumb\":{\"@id\":\"https:\\\/\\\/www.rhb.nl\\\/de\\\/projektcargo\\\/#breadcrumb\"},\"inLanguage\":\"de\",\"potentialAction\":[{\"@type\":\"ReadAction\",\"target\":[\"https:\\\/\\\/www.rhb.nl\\\/de\\\/projektcargo\\\/\"]}]},{\"@type\":\"BreadcrumbList\",\"@id\":\"https:\\\/\\\/www.rhb.nl\\\/de\\\/projektcargo\\\/#breadcrumb\",\"itemListElement\":[{\"@type\":\"ListItem\",\"position\":1,\"name\":\"Home\",\"item\":\"https:\\\/\\\/www.rhb.nl\\\/de\\\/\"},{\"@type\":\"ListItem\",\"position\":2,\"name\":\"Projektcargo\"}]},{\"@type\":\"WebSite\",\"@id\":\"https:\\\/\\\/www.rhb.nl\\\/de\\\/#website\",\"url\":\"https:\\\/\\\/www.rhb.nl\\\/de\\\/\",\"name\":\"RHB Stevedoring &amp; Warehousing\",\"description\":\"\",\"publisher\":{\"@id\":\"https:\\\/\\\/www.rhb.nl\\\/de\\\/#organization\"},\"potentialAction\":[{\"@type\":\"SearchAction\",\"target\":{\"@type\":\"EntryPoint\",\"urlTemplate\":\"https:\\\/\\\/www.rhb.nl\\\/de\\\/?s={search_term_string}\"},\"query-input\":{\"@type\":\"PropertyValueSpecification\",\"valueRequired\":true,\"valueName\":\"search_term_string\"}}],\"inLanguage\":\"de\"},{\"@type\":\"Organization\",\"@id\":\"https:\\\/\\\/www.rhb.nl\\\/de\\\/#organization\",\"name\":\"RHB Stevedoring & Warehousing\",\"url\":\"https:\\\/\\\/www.rhb.nl\\\/de\\\/\",\"logo\":{\"@type\":\"ImageObject\",\"inLanguage\":\"de\",\"@id\":\"https:\\\/\\\/www.rhb.nl\\\/de\\\/#\\\/schema\\\/logo\\\/image\\\/\",\"url\":\"https:\\\/\\\/www.rhb.nl\\\/wp-content\\\/uploads\\\/rhb-logo-white.png\",\"contentUrl\":\"https:\\\/\\\/www.rhb.nl\\\/wp-content\\\/uploads\\\/rhb-logo-white.png\",\"width\":86,\"height\":78,\"caption\":\"RHB Stevedoring & Warehousing\"},\"image\":{\"@id\":\"https:\\\/\\\/www.rhb.nl\\\/de\\\/#\\\/schema\\\/logo\\\/image\\\/\"}}]}<\/script>\n<!-- \/ Yoast SEO plugin. -->","yoast_head_json":{"title":"Projektcargo - RHB Stevedoring &amp; Warehousing","description":"RHB, der Hafenbetrieb Rotterdam, ist auf Projektcargo spezialisiert. Ausgezeichnete Lage, kristallklare Preise und keine schwankenden Kosten.","robots":{"index":"index","follow":"follow","max-snippet":"max-snippet:-1","max-image-preview":"max-image-preview:large","max-video-preview":"max-video-preview:-1"},"canonical":"https:\/\/www.rhb.nl\/de\/projektcargo\/","og_locale":"de_DE","og_type":"article","og_title":"Projektcargo - RHB Stevedoring &amp; Warehousing","og_description":"RHB, der Hafenbetrieb Rotterdam, ist auf Projektcargo spezialisiert. Ausgezeichnete Lage, kristallklare Preise und keine schwankenden Kosten.","og_url":"https:\/\/www.rhb.nl\/de\/projektcargo\/","og_site_name":"RHB Stevedoring &amp; Warehousing","article_modified_time":"2024-10-07T14:12:08+00:00","twitter_card":"summary_large_image","twitter_misc":{"Gesch\u00e4tzte Lesezeit":"3\u00a0Minuten"},"schema":{"@context":"https:\/\/schema.org","@graph":[{"@type":"WebPage","@id":"https:\/\/www.rhb.nl\/de\/projektcargo\/","url":"https:\/\/www.rhb.nl\/de\/projektcargo\/","name":"Projektcargo - RHB Stevedoring &amp; Warehousing","isPartOf":{"@id":"https:\/\/www.rhb.nl\/de\/#website"},"datePublished":"2019-12-18T11:29:22+00:00","dateModified":"2024-10-07T14:12:08+00:00","description":"RHB, der Hafenbetrieb Rotterdam, ist auf Projektcargo spezialisiert. Ausgezeichnete Lage, kristallklare Preise und keine schwankenden Kosten.","breadcrumb":{"@id":"https:\/\/www.rhb.nl\/de\/projektcargo\/#breadcrumb"},"inLanguage":"de","potentialAction":[{"@type":"ReadAction","target":["https:\/\/www.rhb.nl\/de\/projektcargo\/"]}]},{"@type":"BreadcrumbList","@id":"https:\/\/www.rhb.nl\/de\/projektcargo\/#breadcrumb","itemListElement":[{"@type":"ListItem","position":1,"name":"Home","item":"https:\/\/www.rhb.nl\/de\/"},{"@type":"ListItem","position":2,"name":"Projektcargo"}]},{"@type":"WebSite","@id":"https:\/\/www.rhb.nl\/de\/#website","url":"https:\/\/www.rhb.nl\/de\/","name":"RHB Stevedoring &amp; Warehousing","description":"","publisher":{"@id":"https:\/\/www.rhb.nl\/de\/#organization"},"potentialAction":[{"@type":"SearchAction","target":{"@type":"EntryPoint","urlTemplate":"https:\/\/www.rhb.nl\/de\/?s={search_term_string}"},"query-input":{"@type":"PropertyValueSpecification","valueRequired":true,"valueName":"search_term_string"}}],"inLanguage":"de"},{"@type":"Organization","@id":"https:\/\/www.rhb.nl\/de\/#organization","name":"RHB Stevedoring & Warehousing","url":"https:\/\/www.rhb.nl\/de\/","logo":{"@type":"ImageObject","inLanguage":"de","@id":"https:\/\/www.rhb.nl\/de\/#\/schema\/logo\/image\/","url":"https:\/\/www.rhb.nl\/wp-content\/uploads\/rhb-logo-white.png","contentUrl":"https:\/\/www.rhb.nl\/wp-content\/uploads\/rhb-logo-white.png","width":86,"height":78,"caption":"RHB Stevedoring & Warehousing"},"image":{"@id":"https:\/\/www.rhb.nl\/de\/#\/schema\/logo\/image\/"}}]}},"_links":{"self":[{"href":"https:\/\/www.rhb.nl\/de\/wp-json\/wp\/v2\/pages\/8496","targetHints":{"allow":["GET"]}}],"collection":[{"href":"https:\/\/www.rhb.nl\/de\/wp-json\/wp\/v2\/pages"}],"about":[{"href":"https:\/\/www.rhb.nl\/de\/wp-json\/wp\/v2\/types\/page"}],"author":[{"embeddable":true,"href":"https:\/\/www.rhb.nl\/de\/wp-json\/wp\/v2\/users\/1"}],"replies":[{"embeddable":true,"href":"https:\/\/www.rhb.nl\/de\/wp-json\/wp\/v2\/comments?post=8496"}],"version-history":[{"count":10,"href":"https:\/\/www.rhb.nl\/de\/wp-json\/wp\/v2\/pages\/8496\/revisions"}],"predecessor-version":[{"id":11278,"href":"https:\/\/www.rhb.nl\/de\/wp-json\/wp\/v2\/pages\/8496\/revisions\/11278"}],"wp:attachment":[{"href":"https:\/\/www.rhb.nl\/de\/wp-json\/wp\/v2\/media?parent=8496"}],"curies":[{"name":"wp","href":"https:\/\/api.w.org\/{rel}","templated":true}]}}