



{"id":8498,"date":"2019-12-18T12:31:16","date_gmt":"2019-12-18T11:31:16","guid":{"rendered":"https:\/\/www.rhb.nl\/?page_id=8498"},"modified":"2025-03-27T13:55:22","modified_gmt":"2025-03-27T12:55:22","slug":"rotterdam-offshore-stauerei-terminal-schiffsmobilisierung-rhb","status":"publish","type":"page","link":"https:\/\/www.rhb.nl\/de\/rotterdam-offshore-stauerei-terminal-schiffsmobilisierung-rhb\/","title":{"rendered":"Rotterdam Offshore Stauerei Terminal Schiffsmobilisierung RHB"},"content":{"rendered":"<p><h2 class=\"gdlr-heading-shortcode \"  style=\"color: #7fb610;font-size: 18px;font-weight: bold;\" >Rotterdam Offshore Stauerei Terminal \u2013 Schiffsmobilisierung und Demobilisierung durch Spezialist<\/h2>\n<\/p>\n<p>In bester Lage! Unser unabh\u00e4ngiges Offshore-Terminal im Rotterdamer Hafen dient zur Wartung von Offshore-Schiffen w\u00e4hrend der Mobilisierung und Demobilisierung, Montage und Reparatur.\u00a0<\/p>\n<p>Seekai mit einer l\u00e4nge von 1060 Metern und direkter Meerverbindung ohne Schleusen oder Br\u00fccken.<br \/>\nAlle Liegepl\u00e4tze in S\u00fc\u00dfwasser in einem ruhigen Hafenbecken.<\/p>\n<p>Es besteht die M\u00f6glichkeit, Offshore-Schiffe zu pinnen.<\/p>\n<h3>Kairaum, Liegeplatzen, L\u00e4nge<\/h3>\n<p>F\u00fcr Offshore-Schiffe, Tanker, Breakbulk-Schiffe, Heavy-Lift-Schiffe, St\u00fcckgutschiffe, Containerschiffe, Pontons und Seepontons steht im Rotterdamer Hafen ein Kai mit Liegepl\u00e4tzen \u00fcber eine L\u00e4nge von 1060 Metern zur Verf\u00fcgung.<\/p>\n<h3>2 x Kaikrane 208 Tonnen, 1 x Kaikrane 144 Tonnen,Schwimmkrane 1800 tonnen,\u00a0 Vermietung<\/h3>\n<p><a href=\"https:\/\/www.rhb.nl\/de\/schwere-hafenkrane-fuer-projektladung-schwerlast-auch-zu-vermieten-rotterdam\/\">Die mobilen Hafenkrane<\/a> mit einer Kapazit\u00e4t von bis zu 208 Tonnen, im Tandem &gt; 300 Tonnen, <a href=\"https:\/\/www.rhb.nl\/de\/schwere-hafenkrane-fuer-projektladung-schwerlast-auch-zu-vermieten-rotterdam\/schwimmkraene-kraene\/\">Schwimmkrane<\/a> bis zu 1.800 Tonnen, Gabelstapler, Ger\u00fcste, Fenders, Spreaders, Arbeitsb\u00fchnen, tempor\u00e4re B\u00fcror\u00e4ume, sanit\u00e4re Einrichtungen, Schwei\u00dfger\u00e4te oder andere Ger\u00e4te f\u00fcr den professionellen Einsatz und Platz f\u00fcr diese Arbeiten ist vorhanden.<\/p>\n<h3>Flexibel und Offshorespediteurfreundlich<\/h3>\n<p>Viele unserer Kunden sind im Offshore-Speditionsbereich t\u00e4tig. Au\u00dfer unserer Flexibilit\u00e4t bevorzugen unsere Kunden die Zusammenarbeit mit uns, da wir keine logistischen Aktivit\u00e4ten wie das Chartern von Schiffen oder das Buchen von Fracht ausf\u00fchren. Wir sind zu 100 % unabh\u00e4ngig, sodass kein Interessenkonflikt besteht. Dies ist einer der Gr\u00fcnde, warum Sie sich bei der Zusammenarbeit mit uns auf volle Transparenz und Vertraulichkeit Ihrer Frachtinformationen und der damit verbundenen Dokumente verlassen k\u00f6nnen.<\/p>\n<p>Bei Fragen zu Preisen und Leistungen wenden Sie sich bitte an\u00a0<a href=\"mailto:office@rhb.nl\">Jan Flach<\/a>,\u00a0<a href=\"mailto:office@rhb.nl\">Mike van der Pluijm<\/a>\u00a0oder\u00a0<a href=\"mailto:office@rhb.nl\">Peter van der Pluijm.<\/a>\u00a0<br \/>\nEmail: <a href=\"mailto:office@rhb.nl\">office@rhb.nl<\/a> oder tel + <a href=\"tel:0031104299433\">31 10 4299433<\/a><\/p>\n<p>&nbsp;<\/p>\n<p>&nbsp;<\/p>\n","protected":false},"excerpt":{"rendered":"<p>In bester Lage! Unser unabh\u00e4ngiges Offshore-Terminal im Rotterdamer Hafen dient zur Wartung von Offshore-Schiffen w\u00e4hrend der Mobilisierung und Demobilisierung, Montage und Reparatur.\u00a0 Seekai mit einer l\u00e4nge von 1060 Metern und direkter Meerverbindung ohne Schleusen oder Br\u00fccken. Alle Liegepl\u00e4tze in S\u00fc\u00dfwasser in einem ruhigen Hafenbecken. Es besteht die M\u00f6glichkeit, Offshore-Schiffe zu pinnen. Kairaum, Liegeplatzen, L\u00e4nge F\u00fcr&#8230; <\/p>\n<div class=\"clear\"><\/div>\n<p><a href=\"https:\/\/www.rhb.nl\/de\/rotterdam-offshore-stauerei-terminal-schiffsmobilisierung-rhb\/\" class=\"excerpt-read-more\">Learn More<i class=\"fa fa-angle-double-right icon-double-angle-right\"><\/i><\/a><\/p>\n","protected":false},"author":1,"featured_media":0,"parent":0,"menu_order":0,"comment_status":"closed","ping_status":"closed","template":"","meta":{"_acf_changed":false,"footnotes":""},"class_list":["post-8498","page","type-page","status-publish","hentry"],"acf":[],"yoast_head":"<!-- This site is optimized with the Yoast SEO plugin v27.3 - https:\/\/yoast.com\/product\/yoast-seo-wordpress\/ -->\n<title>Offshore Stauerei Terminal Rotterdam - RHB<\/title>\n<meta name=\"description\" content=\"Top-Lage! Unser Rotterdam Offshore Terminal im Rotterdamer Hafen wird f\u00fcr die Betreuung und den Service von Offshore-Schiffen genutzt.\" \/>\n<meta name=\"robots\" content=\"index, follow, max-snippet:-1, max-image-preview:large, max-video-preview:-1\" \/>\n<link rel=\"canonical\" href=\"https:\/\/www.rhb.nl\/de\/rotterdam-offshore-stauerei-terminal-schiffsmobilisierung-rhb\/\" \/>\n<meta property=\"og:locale\" content=\"de_DE\" \/>\n<meta property=\"og:type\" content=\"article\" \/>\n<meta property=\"og:title\" content=\"Offshore Stauerei Terminal Rotterdam - RHB\" \/>\n<meta property=\"og:description\" content=\"Top-Lage! Unser Rotterdam Offshore Terminal im Rotterdamer Hafen wird f\u00fcr die Betreuung und den Service von Offshore-Schiffen genutzt.\" \/>\n<meta property=\"og:url\" content=\"https:\/\/www.rhb.nl\/de\/rotterdam-offshore-stauerei-terminal-schiffsmobilisierung-rhb\/\" \/>\n<meta property=\"og:site_name\" content=\"RHB Stevedoring &amp; Warehousing\" \/>\n<meta property=\"article:modified_time\" content=\"2025-03-27T12:55:22+00:00\" \/>\n<meta name=\"twitter:card\" content=\"summary_large_image\" \/>\n<meta name=\"twitter:label1\" content=\"Gesch\u00e4tzte Lesezeit\" \/>\n\t<meta name=\"twitter:data1\" content=\"2\u00a0Minuten\" \/>\n<script type=\"application\/ld+json\" class=\"yoast-schema-graph\">{\"@context\":\"https:\\\/\\\/schema.org\",\"@graph\":[{\"@type\":\"WebPage\",\"@id\":\"https:\\\/\\\/www.rhb.nl\\\/de\\\/rotterdam-offshore-stauerei-terminal-schiffsmobilisierung-rhb\\\/\",\"url\":\"https:\\\/\\\/www.rhb.nl\\\/de\\\/rotterdam-offshore-stauerei-terminal-schiffsmobilisierung-rhb\\\/\",\"name\":\"Offshore Stauerei Terminal Rotterdam - RHB\",\"isPartOf\":{\"@id\":\"https:\\\/\\\/www.rhb.nl\\\/de\\\/#website\"},\"datePublished\":\"2019-12-18T11:31:16+00:00\",\"dateModified\":\"2025-03-27T12:55:22+00:00\",\"description\":\"Top-Lage! Unser Rotterdam Offshore Terminal im Rotterdamer Hafen wird f\u00fcr die Betreuung und den Service von Offshore-Schiffen genutzt.\",\"breadcrumb\":{\"@id\":\"https:\\\/\\\/www.rhb.nl\\\/de\\\/rotterdam-offshore-stauerei-terminal-schiffsmobilisierung-rhb\\\/#breadcrumb\"},\"inLanguage\":\"de\",\"potentialAction\":[{\"@type\":\"ReadAction\",\"target\":[\"https:\\\/\\\/www.rhb.nl\\\/de\\\/rotterdam-offshore-stauerei-terminal-schiffsmobilisierung-rhb\\\/\"]}]},{\"@type\":\"BreadcrumbList\",\"@id\":\"https:\\\/\\\/www.rhb.nl\\\/de\\\/rotterdam-offshore-stauerei-terminal-schiffsmobilisierung-rhb\\\/#breadcrumb\",\"itemListElement\":[{\"@type\":\"ListItem\",\"position\":1,\"name\":\"Home\",\"item\":\"https:\\\/\\\/www.rhb.nl\\\/de\\\/\"},{\"@type\":\"ListItem\",\"position\":2,\"name\":\"Rotterdam Offshore Stauerei Terminal Schiffsmobilisierung RHB\"}]},{\"@type\":\"WebSite\",\"@id\":\"https:\\\/\\\/www.rhb.nl\\\/de\\\/#website\",\"url\":\"https:\\\/\\\/www.rhb.nl\\\/de\\\/\",\"name\":\"RHB Stevedoring &amp; Warehousing\",\"description\":\"\",\"publisher\":{\"@id\":\"https:\\\/\\\/www.rhb.nl\\\/de\\\/#organization\"},\"potentialAction\":[{\"@type\":\"SearchAction\",\"target\":{\"@type\":\"EntryPoint\",\"urlTemplate\":\"https:\\\/\\\/www.rhb.nl\\\/de\\\/?s={search_term_string}\"},\"query-input\":{\"@type\":\"PropertyValueSpecification\",\"valueRequired\":true,\"valueName\":\"search_term_string\"}}],\"inLanguage\":\"de\"},{\"@type\":\"Organization\",\"@id\":\"https:\\\/\\\/www.rhb.nl\\\/de\\\/#organization\",\"name\":\"RHB Stevedoring & Warehousing\",\"url\":\"https:\\\/\\\/www.rhb.nl\\\/de\\\/\",\"logo\":{\"@type\":\"ImageObject\",\"inLanguage\":\"de\",\"@id\":\"https:\\\/\\\/www.rhb.nl\\\/de\\\/#\\\/schema\\\/logo\\\/image\\\/\",\"url\":\"https:\\\/\\\/www.rhb.nl\\\/wp-content\\\/uploads\\\/rhb-logo-white.png\",\"contentUrl\":\"https:\\\/\\\/www.rhb.nl\\\/wp-content\\\/uploads\\\/rhb-logo-white.png\",\"width\":86,\"height\":78,\"caption\":\"RHB Stevedoring & Warehousing\"},\"image\":{\"@id\":\"https:\\\/\\\/www.rhb.nl\\\/de\\\/#\\\/schema\\\/logo\\\/image\\\/\"}}]}<\/script>\n<!-- \/ Yoast SEO plugin. -->","yoast_head_json":{"title":"Offshore Stauerei Terminal Rotterdam - RHB","description":"Top-Lage! Unser Rotterdam Offshore Terminal im Rotterdamer Hafen wird f\u00fcr die Betreuung und den Service von Offshore-Schiffen genutzt.","robots":{"index":"index","follow":"follow","max-snippet":"max-snippet:-1","max-image-preview":"max-image-preview:large","max-video-preview":"max-video-preview:-1"},"canonical":"https:\/\/www.rhb.nl\/de\/rotterdam-offshore-stauerei-terminal-schiffsmobilisierung-rhb\/","og_locale":"de_DE","og_type":"article","og_title":"Offshore Stauerei Terminal Rotterdam - RHB","og_description":"Top-Lage! Unser Rotterdam Offshore Terminal im Rotterdamer Hafen wird f\u00fcr die Betreuung und den Service von Offshore-Schiffen genutzt.","og_url":"https:\/\/www.rhb.nl\/de\/rotterdam-offshore-stauerei-terminal-schiffsmobilisierung-rhb\/","og_site_name":"RHB Stevedoring &amp; Warehousing","article_modified_time":"2025-03-27T12:55:22+00:00","twitter_card":"summary_large_image","twitter_misc":{"Gesch\u00e4tzte Lesezeit":"2\u00a0Minuten"},"schema":{"@context":"https:\/\/schema.org","@graph":[{"@type":"WebPage","@id":"https:\/\/www.rhb.nl\/de\/rotterdam-offshore-stauerei-terminal-schiffsmobilisierung-rhb\/","url":"https:\/\/www.rhb.nl\/de\/rotterdam-offshore-stauerei-terminal-schiffsmobilisierung-rhb\/","name":"Offshore Stauerei Terminal Rotterdam - RHB","isPartOf":{"@id":"https:\/\/www.rhb.nl\/de\/#website"},"datePublished":"2019-12-18T11:31:16+00:00","dateModified":"2025-03-27T12:55:22+00:00","description":"Top-Lage! Unser Rotterdam Offshore Terminal im Rotterdamer Hafen wird f\u00fcr die Betreuung und den Service von Offshore-Schiffen genutzt.","breadcrumb":{"@id":"https:\/\/www.rhb.nl\/de\/rotterdam-offshore-stauerei-terminal-schiffsmobilisierung-rhb\/#breadcrumb"},"inLanguage":"de","potentialAction":[{"@type":"ReadAction","target":["https:\/\/www.rhb.nl\/de\/rotterdam-offshore-stauerei-terminal-schiffsmobilisierung-rhb\/"]}]},{"@type":"BreadcrumbList","@id":"https:\/\/www.rhb.nl\/de\/rotterdam-offshore-stauerei-terminal-schiffsmobilisierung-rhb\/#breadcrumb","itemListElement":[{"@type":"ListItem","position":1,"name":"Home","item":"https:\/\/www.rhb.nl\/de\/"},{"@type":"ListItem","position":2,"name":"Rotterdam Offshore Stauerei Terminal Schiffsmobilisierung RHB"}]},{"@type":"WebSite","@id":"https:\/\/www.rhb.nl\/de\/#website","url":"https:\/\/www.rhb.nl\/de\/","name":"RHB Stevedoring &amp; Warehousing","description":"","publisher":{"@id":"https:\/\/www.rhb.nl\/de\/#organization"},"potentialAction":[{"@type":"SearchAction","target":{"@type":"EntryPoint","urlTemplate":"https:\/\/www.rhb.nl\/de\/?s={search_term_string}"},"query-input":{"@type":"PropertyValueSpecification","valueRequired":true,"valueName":"search_term_string"}}],"inLanguage":"de"},{"@type":"Organization","@id":"https:\/\/www.rhb.nl\/de\/#organization","name":"RHB Stevedoring & Warehousing","url":"https:\/\/www.rhb.nl\/de\/","logo":{"@type":"ImageObject","inLanguage":"de","@id":"https:\/\/www.rhb.nl\/de\/#\/schema\/logo\/image\/","url":"https:\/\/www.rhb.nl\/wp-content\/uploads\/rhb-logo-white.png","contentUrl":"https:\/\/www.rhb.nl\/wp-content\/uploads\/rhb-logo-white.png","width":86,"height":78,"caption":"RHB Stevedoring & Warehousing"},"image":{"@id":"https:\/\/www.rhb.nl\/de\/#\/schema\/logo\/image\/"}}]}},"_links":{"self":[{"href":"https:\/\/www.rhb.nl\/de\/wp-json\/wp\/v2\/pages\/8498","targetHints":{"allow":["GET"]}}],"collection":[{"href":"https:\/\/www.rhb.nl\/de\/wp-json\/wp\/v2\/pages"}],"about":[{"href":"https:\/\/www.rhb.nl\/de\/wp-json\/wp\/v2\/types\/page"}],"author":[{"embeddable":true,"href":"https:\/\/www.rhb.nl\/de\/wp-json\/wp\/v2\/users\/1"}],"replies":[{"embeddable":true,"href":"https:\/\/www.rhb.nl\/de\/wp-json\/wp\/v2\/comments?post=8498"}],"version-history":[{"count":8,"href":"https:\/\/www.rhb.nl\/de\/wp-json\/wp\/v2\/pages\/8498\/revisions"}],"predecessor-version":[{"id":11415,"href":"https:\/\/www.rhb.nl\/de\/wp-json\/wp\/v2\/pages\/8498\/revisions\/11415"}],"wp:attachment":[{"href":"https:\/\/www.rhb.nl\/de\/wp-json\/wp\/v2\/media?parent=8498"}],"curies":[{"name":"wp","href":"https:\/\/api.w.org\/{rel}","templated":true}]}}