



{"id":8529,"date":"2019-12-30T13:42:08","date_gmt":"2019-12-30T12:42:08","guid":{"rendered":"https:\/\/www.rhb.nl\/?page_id=8529"},"modified":"2022-03-30T12:53:50","modified_gmt":"2022-03-30T10:53:50","slug":"schiffe-an-unserem-kai-rotterdams-havenbedrijf-rotterdam","status":"publish","type":"page","link":"https:\/\/www.rhb.nl\/de\/schiffe-an-unserem-kai-rotterdams-havenbedrijf-rotterdam\/","title":{"rendered":"Schiffe an unserem Tiefsee Kai &#8211; Rotterdams Havenbedrijf Rotterdam"},"content":{"rendered":"<p><h2 class=\"gdlr-heading-shortcode \"  style=\"color: #7fb610;font-size: 18px;font-weight: bold;\" >Schiffe an unserem Tiefsee Kai - Projektladung - RHB Stevedoring &amp; Warehousing Rotterdam<\/h2>\n<\/p>\n<p>F\u00fchrende <a href=\"https:\/\/www.rhb.nl\/de\/stauerei\/schwerlast-stauerei-rotterdam\/\">Schwergutreedereien<\/a> und -betreiber, Offshore-Reedereien und -betreiber, Projektladungsreedereien und -betreiber, <a href=\"https:\/\/www.rhb.nl\/de\/stauerei\/stauerei-fur-breakbulk-stuckgut-container-terminal\/\">St\u00fcckgut- und Breakbulkreedereien<\/a>, Operators sowie deren Agenten nutzen das einzigartige, unabh\u00e4ngige Terminal von RHB Stevedoring &amp; Warehousing unter anderem zum Be- und Entladen, Umschlagen, Demobilisieren, Mobilisieren, f\u00fcr Liegepl\u00e4tze, Lay-By und Reparieren ihrer Schiffe, Pontons, Bargen und Schwimmkr\u00e4ne im Hafen von Rotterdam.<\/p>\n<p>Einige dieser Schiffe finden Sie in unserer Fotogalerie.<\/p>\n","protected":false},"excerpt":{"rendered":"<p>F\u00fchrende Schwergutreedereien und -betreiber, Offshore-Reedereien und -betreiber, Projektladungsreedereien und -betreiber, St\u00fcckgut- und Breakbulkreedereien, Operators sowie deren Agenten nutzen das einzigartige, unabh\u00e4ngige Terminal von RHB Stevedoring &amp; Warehousing unter anderem zum Be- und Entladen, Umschlagen, Demobilisieren, Mobilisieren, f\u00fcr Liegepl\u00e4tze, Lay-By und Reparieren ihrer Schiffe, Pontons, Bargen und Schwimmkr\u00e4ne im Hafen von Rotterdam. Einige dieser Schiffe finden&#8230; <\/p>\n<div class=\"clear\"><\/div>\n<p><a href=\"https:\/\/www.rhb.nl\/de\/schiffe-an-unserem-kai-rotterdams-havenbedrijf-rotterdam\/\" class=\"excerpt-read-more\">Learn More<i class=\"fa fa-angle-double-right icon-double-angle-right\"><\/i><\/a><\/p>\n","protected":false},"author":1,"featured_media":0,"parent":0,"menu_order":0,"comment_status":"closed","ping_status":"closed","template":"","meta":{"_acf_changed":false,"footnotes":""},"class_list":["post-8529","page","type-page","status-publish","hentry"],"acf":[],"yoast_head":"<!-- This site is optimized with the Yoast SEO plugin v27.3 - https:\/\/yoast.com\/product\/yoast-seo-wordpress\/ -->\n<title>Schiffe an unserem kai | RHB Stevedoring &amp; Warehousing<\/title>\n<meta name=\"description\" content=\"Viele f\u00fchrende Projektfracht-Reedereien, Operatoren und Reedereien nutzen das Terminal der RHB Stevedoring &amp; Warehousing.\" \/>\n<meta name=\"robots\" content=\"index, follow, max-snippet:-1, max-image-preview:large, max-video-preview:-1\" \/>\n<link rel=\"canonical\" href=\"https:\/\/www.rhb.nl\/de\/schiffe-an-unserem-kai-rotterdams-havenbedrijf-rotterdam\/\" \/>\n<meta property=\"og:locale\" content=\"de_DE\" \/>\n<meta property=\"og:type\" content=\"article\" \/>\n<meta property=\"og:title\" content=\"Schiffe an unserem kai | RHB Stevedoring &amp; Warehousing\" \/>\n<meta property=\"og:description\" content=\"Viele f\u00fchrende Projektfracht-Reedereien, Operatoren und Reedereien nutzen das Terminal der RHB Stevedoring &amp; Warehousing.\" \/>\n<meta property=\"og:url\" content=\"https:\/\/www.rhb.nl\/de\/schiffe-an-unserem-kai-rotterdams-havenbedrijf-rotterdam\/\" \/>\n<meta property=\"og:site_name\" content=\"RHB Stevedoring &amp; Warehousing\" \/>\n<meta property=\"article:modified_time\" content=\"2022-03-30T10:53:50+00:00\" \/>\n<meta name=\"twitter:card\" content=\"summary_large_image\" \/>\n<meta name=\"twitter:label1\" content=\"Gesch\u00e4tzte Lesezeit\" \/>\n\t<meta name=\"twitter:data1\" content=\"1\u00a0Minute\" \/>\n<script type=\"application\/ld+json\" class=\"yoast-schema-graph\">{\"@context\":\"https:\\\/\\\/schema.org\",\"@graph\":[{\"@type\":\"WebPage\",\"@id\":\"https:\\\/\\\/www.rhb.nl\\\/de\\\/schiffe-an-unserem-kai-rotterdams-havenbedrijf-rotterdam\\\/\",\"url\":\"https:\\\/\\\/www.rhb.nl\\\/de\\\/schiffe-an-unserem-kai-rotterdams-havenbedrijf-rotterdam\\\/\",\"name\":\"Schiffe an unserem kai | RHB Stevedoring & Warehousing\",\"isPartOf\":{\"@id\":\"https:\\\/\\\/www.rhb.nl\\\/de\\\/#website\"},\"datePublished\":\"2019-12-30T12:42:08+00:00\",\"dateModified\":\"2022-03-30T10:53:50+00:00\",\"description\":\"Viele f\u00fchrende Projektfracht-Reedereien, Operatoren und Reedereien nutzen das Terminal der RHB Stevedoring & Warehousing.\",\"breadcrumb\":{\"@id\":\"https:\\\/\\\/www.rhb.nl\\\/de\\\/schiffe-an-unserem-kai-rotterdams-havenbedrijf-rotterdam\\\/#breadcrumb\"},\"inLanguage\":\"de\",\"potentialAction\":[{\"@type\":\"ReadAction\",\"target\":[\"https:\\\/\\\/www.rhb.nl\\\/de\\\/schiffe-an-unserem-kai-rotterdams-havenbedrijf-rotterdam\\\/\"]}]},{\"@type\":\"BreadcrumbList\",\"@id\":\"https:\\\/\\\/www.rhb.nl\\\/de\\\/schiffe-an-unserem-kai-rotterdams-havenbedrijf-rotterdam\\\/#breadcrumb\",\"itemListElement\":[{\"@type\":\"ListItem\",\"position\":1,\"name\":\"Home\",\"item\":\"https:\\\/\\\/www.rhb.nl\\\/de\\\/\"},{\"@type\":\"ListItem\",\"position\":2,\"name\":\"Schiffe an unserem Tiefsee Kai &#8211; Rotterdams Havenbedrijf Rotterdam\"}]},{\"@type\":\"WebSite\",\"@id\":\"https:\\\/\\\/www.rhb.nl\\\/de\\\/#website\",\"url\":\"https:\\\/\\\/www.rhb.nl\\\/de\\\/\",\"name\":\"RHB Stevedoring &amp; Warehousing\",\"description\":\"\",\"publisher\":{\"@id\":\"https:\\\/\\\/www.rhb.nl\\\/de\\\/#organization\"},\"potentialAction\":[{\"@type\":\"SearchAction\",\"target\":{\"@type\":\"EntryPoint\",\"urlTemplate\":\"https:\\\/\\\/www.rhb.nl\\\/de\\\/?s={search_term_string}\"},\"query-input\":{\"@type\":\"PropertyValueSpecification\",\"valueRequired\":true,\"valueName\":\"search_term_string\"}}],\"inLanguage\":\"de\"},{\"@type\":\"Organization\",\"@id\":\"https:\\\/\\\/www.rhb.nl\\\/de\\\/#organization\",\"name\":\"RHB Stevedoring & Warehousing\",\"url\":\"https:\\\/\\\/www.rhb.nl\\\/de\\\/\",\"logo\":{\"@type\":\"ImageObject\",\"inLanguage\":\"de\",\"@id\":\"https:\\\/\\\/www.rhb.nl\\\/de\\\/#\\\/schema\\\/logo\\\/image\\\/\",\"url\":\"https:\\\/\\\/www.rhb.nl\\\/wp-content\\\/uploads\\\/rhb-logo-white.png\",\"contentUrl\":\"https:\\\/\\\/www.rhb.nl\\\/wp-content\\\/uploads\\\/rhb-logo-white.png\",\"width\":86,\"height\":78,\"caption\":\"RHB Stevedoring & Warehousing\"},\"image\":{\"@id\":\"https:\\\/\\\/www.rhb.nl\\\/de\\\/#\\\/schema\\\/logo\\\/image\\\/\"}}]}<\/script>\n<!-- \/ Yoast SEO plugin. -->","yoast_head_json":{"title":"Schiffe an unserem kai | RHB Stevedoring & Warehousing","description":"Viele f\u00fchrende Projektfracht-Reedereien, Operatoren und Reedereien nutzen das Terminal der RHB Stevedoring & Warehousing.","robots":{"index":"index","follow":"follow","max-snippet":"max-snippet:-1","max-image-preview":"max-image-preview:large","max-video-preview":"max-video-preview:-1"},"canonical":"https:\/\/www.rhb.nl\/de\/schiffe-an-unserem-kai-rotterdams-havenbedrijf-rotterdam\/","og_locale":"de_DE","og_type":"article","og_title":"Schiffe an unserem kai | RHB Stevedoring & Warehousing","og_description":"Viele f\u00fchrende Projektfracht-Reedereien, Operatoren und Reedereien nutzen das Terminal der RHB Stevedoring & Warehousing.","og_url":"https:\/\/www.rhb.nl\/de\/schiffe-an-unserem-kai-rotterdams-havenbedrijf-rotterdam\/","og_site_name":"RHB Stevedoring &amp; Warehousing","article_modified_time":"2022-03-30T10:53:50+00:00","twitter_card":"summary_large_image","twitter_misc":{"Gesch\u00e4tzte Lesezeit":"1\u00a0Minute"},"schema":{"@context":"https:\/\/schema.org","@graph":[{"@type":"WebPage","@id":"https:\/\/www.rhb.nl\/de\/schiffe-an-unserem-kai-rotterdams-havenbedrijf-rotterdam\/","url":"https:\/\/www.rhb.nl\/de\/schiffe-an-unserem-kai-rotterdams-havenbedrijf-rotterdam\/","name":"Schiffe an unserem kai | RHB Stevedoring & Warehousing","isPartOf":{"@id":"https:\/\/www.rhb.nl\/de\/#website"},"datePublished":"2019-12-30T12:42:08+00:00","dateModified":"2022-03-30T10:53:50+00:00","description":"Viele f\u00fchrende Projektfracht-Reedereien, Operatoren und Reedereien nutzen das Terminal der RHB Stevedoring & Warehousing.","breadcrumb":{"@id":"https:\/\/www.rhb.nl\/de\/schiffe-an-unserem-kai-rotterdams-havenbedrijf-rotterdam\/#breadcrumb"},"inLanguage":"de","potentialAction":[{"@type":"ReadAction","target":["https:\/\/www.rhb.nl\/de\/schiffe-an-unserem-kai-rotterdams-havenbedrijf-rotterdam\/"]}]},{"@type":"BreadcrumbList","@id":"https:\/\/www.rhb.nl\/de\/schiffe-an-unserem-kai-rotterdams-havenbedrijf-rotterdam\/#breadcrumb","itemListElement":[{"@type":"ListItem","position":1,"name":"Home","item":"https:\/\/www.rhb.nl\/de\/"},{"@type":"ListItem","position":2,"name":"Schiffe an unserem Tiefsee Kai &#8211; Rotterdams Havenbedrijf Rotterdam"}]},{"@type":"WebSite","@id":"https:\/\/www.rhb.nl\/de\/#website","url":"https:\/\/www.rhb.nl\/de\/","name":"RHB Stevedoring &amp; Warehousing","description":"","publisher":{"@id":"https:\/\/www.rhb.nl\/de\/#organization"},"potentialAction":[{"@type":"SearchAction","target":{"@type":"EntryPoint","urlTemplate":"https:\/\/www.rhb.nl\/de\/?s={search_term_string}"},"query-input":{"@type":"PropertyValueSpecification","valueRequired":true,"valueName":"search_term_string"}}],"inLanguage":"de"},{"@type":"Organization","@id":"https:\/\/www.rhb.nl\/de\/#organization","name":"RHB Stevedoring & Warehousing","url":"https:\/\/www.rhb.nl\/de\/","logo":{"@type":"ImageObject","inLanguage":"de","@id":"https:\/\/www.rhb.nl\/de\/#\/schema\/logo\/image\/","url":"https:\/\/www.rhb.nl\/wp-content\/uploads\/rhb-logo-white.png","contentUrl":"https:\/\/www.rhb.nl\/wp-content\/uploads\/rhb-logo-white.png","width":86,"height":78,"caption":"RHB Stevedoring & Warehousing"},"image":{"@id":"https:\/\/www.rhb.nl\/de\/#\/schema\/logo\/image\/"}}]}},"_links":{"self":[{"href":"https:\/\/www.rhb.nl\/de\/wp-json\/wp\/v2\/pages\/8529","targetHints":{"allow":["GET"]}}],"collection":[{"href":"https:\/\/www.rhb.nl\/de\/wp-json\/wp\/v2\/pages"}],"about":[{"href":"https:\/\/www.rhb.nl\/de\/wp-json\/wp\/v2\/types\/page"}],"author":[{"embeddable":true,"href":"https:\/\/www.rhb.nl\/de\/wp-json\/wp\/v2\/users\/1"}],"replies":[{"embeddable":true,"href":"https:\/\/www.rhb.nl\/de\/wp-json\/wp\/v2\/comments?post=8529"}],"version-history":[{"count":5,"href":"https:\/\/www.rhb.nl\/de\/wp-json\/wp\/v2\/pages\/8529\/revisions"}],"predecessor-version":[{"id":10197,"href":"https:\/\/www.rhb.nl\/de\/wp-json\/wp\/v2\/pages\/8529\/revisions\/10197"}],"wp:attachment":[{"href":"https:\/\/www.rhb.nl\/de\/wp-json\/wp\/v2\/media?parent=8529"}],"curies":[{"name":"wp","href":"https:\/\/api.w.org\/{rel}","templated":true}]}}