



{"id":8578,"date":"2019-12-30T13:48:50","date_gmt":"2019-12-30T12:48:50","guid":{"rendered":"https:\/\/www.rhb.nl\/?page_id=8578"},"modified":"2025-03-27T13:39:28","modified_gmt":"2025-03-27T12:39:28","slug":"stauerei","status":"publish","type":"page","link":"https:\/\/www.rhb.nl\/de\/stauerei\/","title":{"rendered":"Stauerei"},"content":{"rendered":"<p><h2 class=\"gdlr-heading-shortcode \"  style=\"color: #7fb610;font-size: 18px;font-weight: bold;\" >Laden - Entladen - Umschlag von St\u00fcckgut &amp; Breakbulk Terminal.<\/h2>\n<\/p>\n<p>Als Stauerei und Hafenunternehmen wickeln wir verschiedene Ladungsarten \u00fcber unser eigenes, wirklich unabh\u00e4ngiges St\u00fcckgutterminal in perfekt zentraler Lage ab. Kosteng\u00fcnstiges Be- und Entladen sowie Umschlag von Seeschiffen, K\u00fcstenschiffen, Pontons, LKWs, Containern und\u00a0<span lang=\"de\">kosteng\u00fcnstige und nachhaltige Transport per Binnenschifffahrt und das alles zu glasklaren Preisen<\/span><\/p>\n<p>glasklaren Preisen. Es ist gut zu wissen, dass keine zus\u00e4tzlichen \u201eSlinging Expenses\u201c wie in Antwerpen bei den Stauereien anfallen.<\/p>\n<p>Aufgrund der L\u00e4nge unseres Kais von 1060 Metern, dem doppelten Gleisanschluss, der mobilen Hafenkr\u00e4ne mit einer Kapazit\u00e4t von <strong>2 x 208 Tonnen und 144 Tonnen, im Tandem &gt; 300 Tonnen<\/strong> und unsere Hafenkrane von bis zu 55 Tonnen k\u00f6nnen mehrere Schiffe gleichzeitig abgefertigt werden. F\u00fcr schwerere Lasten verwenden wir Schwimmkrane unserer Partner bis zu 1.800 Tonnen oder mehr zu sehr g\u00fcnstigen Konditionen oder, falls verf\u00fcgbar, die Schiffskrane.<\/p>\n<h3>Spezialisierte Expertise<\/h3>\n<p>Bei RHB Stevedoring &amp; Warehousing spezialisieren wir uns auf Projektladung, Schwerlast, Windenergie, Breakbulk, Offshore-Ladung und konventionelles St\u00fcckgut. Mit mehr als 90 Jahren Erfahrung sind wir eines der f\u00fchrenden Unternehmen im Rotterdamer Hafen. Als privates, unabh\u00e4ngiges Terminal zeichnen wir uns nicht nur durch langj\u00e4hrige Erfahrung aus, sondern auch durch beispiellose Flexibilit\u00e4t, kurze Kommunikationswege und 100 % spezialisierte Stauerei-Dienstleistungen.<\/p>\n<h3>Flexibel und spediteurfreundlich<\/h3>\n<p>Viele unserer Kunden sind im Speditionsbereich t\u00e4tig. Au\u00dfer Flexibilit\u00e4t bevorzugen unsere Kunden auch die Zusammenarbeit mit unserem Unternehmen, da wir keine logistischen Aktivit\u00e4ten wie das Chartern von Schiffen, das Buchen von Fracht und internationale Transporte ausf\u00fchren. Wir sind zu 100 % unabh\u00e4ngig, sodass kein Interessenkonflikt besteht. Dies ist einer der Gr\u00fcnde, warum Sie sich bei der Zusammenarbeit mit uns auf volle Transparenz und Vertraulichkeit Ihrer Frachtinformationen und der damit verbundenen Dokumente verlassen k\u00f6nnen.<\/p>\n<p><strong><a href=\"https:\/\/www.rhb.nl\/de\/lager-transit-zollgut\/\">Lager<\/a><\/strong><\/p>\n<p>Sie k\u00f6nnen unsere Lager in Hallen und an Land f\u00fcr die strategische Lagerung nutzen. Wir w\u00e4hlen in Absprache mit Ihnen die g\u00fcnstigste und preiswerteste Variante.<\/p>\n<h3>RHB Stevedoring &amp; Warehousing Rotterdam wickelt die folgenden Frachtarten \u00fcber das eigene St\u00fcckgut-Breakbulk-Terminal ab<\/h3>\n<ul>\n<li><a href=\"https:\/\/www.rhb.nl\/de\/stauerei\/spezialist-fur-projektladung\/\">Projektladung-Stauerei<\/a><\/li>\n<li><a href=\"https:\/\/www.rhb.nl\/de\/stauerei\/schwerlast-stauerei-rotterdam\/\">Schwergut-Stauerei<\/a><\/li>\n<li><a href=\"https:\/\/www.rhb.nl\/de\/stauerei\/stauerei-fur-breakbulk-stuckgut-container-terminal\/\">Stauerei-Terminal f\u00fcr Breakbulk, St\u00fcckgut &amp; Container<\/a><\/li>\n<li><a href=\"https:\/\/www.rhb.nl\/de\/stauerei\/windkraftanlagen-lagerung-von-rotationsachsen-und-umschlag-durch-rhb-rotterdams-havenbedrijf-rotterdam\/\">Stauerei f\u00fcr Rotorbl\u00e4tter, T\u00fcrme und Maschinenh\u00e4user f\u00fcr Windkraftanlagen<\/a><\/li>\n<li><a href=\"https:\/\/www.rhb.nl\/de\/stauerei\/metalle-und-ne-metalle-be-und-entladen-von-schiffen-und-booten\/\">Stauerei f\u00fcr Metall &amp; Ferrolegierungen<\/a><\/li>\n<li><a href=\"https:\/\/www.rhb.nl\/de\/stauerei\/flatrack-uberdimensionierte-container\/\">Stauerei f\u00fcr \u00fcberdimensionierte Flatrack Container<\/a><\/li>\n<li><a href=\"https:\/\/www.rhb.nl\/de\/stauerei\/lay-by-montage-liegeplaetze-reparaturen\/\">Lay-By Liegepl\u00e4tze, Montage &amp; Hilfe bei Reparatur &#8211; Kaigeld<\/a><\/li>\n<li><a href=\"https:\/\/www.rhb.nl\/en\/stevedoring\/assembly-layby-repairs-rotterdam\/\">LNG Bunkering<\/a><\/li>\n<li><a href=\"https:\/\/www.rhb.nl\/de\/rotterdam-offshore-stauerei-terminal-schiffsmobilisierung-rhb\/\">Offshore Rotterdam Stauerei &#8211; Industrie &#8211; Fracht &#8211; Mobilisierung &amp; Demobilisierung<\/a><\/li>\n<li><a href=\"https:\/\/www.rhb.nl\/de\/stauerei\/stauerei-fur-breakbulk-stuckgut-container-terminal\/\">Umgang mit Gefahrstoffen nach IMO 1\/9 und IMO 7<\/a><\/li>\n<li><a href=\"https:\/\/www.rhb.nl\/de\/lager-transit-zollgut\/\">Lagerung von Schwergut und Projektladung &amp; St\u00fcckgut<\/a><\/li>\n<li><a href=\"https:\/\/www.rhb.nl\/de\/lager-transit-zollgut\/\">Offene Lagerung von Schwergut und Projektladung &amp; St\u00fcckgut<\/a><\/li>\n<li><a href=\"https:\/\/www.rhb.nl\/de\/lager-transit-zollgut\/\">Brexit- &amp; L.M.E.-Lagerung<\/a><\/li>\n<\/ul>\n<p><strong>RHB ist eine 100 % reine Stauerei und zu 100 % unabh\u00e4ngig.<\/strong><\/p>\n","protected":false},"excerpt":{"rendered":"<p>Als Stauerei und Hafenunternehmen wickeln wir verschiedene Ladungsarten \u00fcber unser eigenes, wirklich unabh\u00e4ngiges St\u00fcckgutterminal in perfekt zentraler Lage ab. Kosteng\u00fcnstiges Be- und Entladen sowie Umschlag von Seeschiffen, K\u00fcstenschiffen, Pontons, LKWs, Containern und\u00a0kosteng\u00fcnstige und nachhaltige Transport per Binnenschifffahrt und das alles zu glasklaren Preisen glasklaren Preisen. Es ist gut zu wissen, dass keine zus\u00e4tzlichen \u201eSlinging Expenses\u201c&#8230; <\/p>\n<div class=\"clear\"><\/div>\n<p><a href=\"https:\/\/www.rhb.nl\/de\/stauerei\/\" class=\"excerpt-read-more\">Learn More<i class=\"fa fa-angle-double-right icon-double-angle-right\"><\/i><\/a><\/p>\n","protected":false},"author":1,"featured_media":0,"parent":0,"menu_order":0,"comment_status":"closed","ping_status":"closed","template":"","meta":{"_acf_changed":false,"footnotes":""},"class_list":["post-8578","page","type-page","status-publish","hentry"],"acf":[],"yoast_head":"<!-- This site is optimized with the Yoast SEO plugin v27.3 - https:\/\/yoast.com\/product\/yoast-seo-wordpress\/ -->\n<title>Stauerei | RHB Stevedoring &amp; Warehousing<\/title>\n<meta name=\"description\" content=\"Als Stauerei wickeln wir verschiedene Ladungsarten \u00fcber unser eigenes, wirklich unabh\u00e4ngiges St\u00fcckgutterminal in perfekt zentraler Lage ab.\" \/>\n<meta name=\"robots\" content=\"index, follow, max-snippet:-1, max-image-preview:large, max-video-preview:-1\" \/>\n<link rel=\"canonical\" href=\"https:\/\/www.rhb.nl\/de\/stauerei\/\" \/>\n<meta property=\"og:locale\" content=\"de_DE\" \/>\n<meta property=\"og:type\" content=\"article\" \/>\n<meta property=\"og:title\" content=\"Stauerei | RHB Stevedoring &amp; Warehousing\" \/>\n<meta property=\"og:description\" content=\"Als Stauerei wickeln wir verschiedene Ladungsarten \u00fcber unser eigenes, wirklich unabh\u00e4ngiges St\u00fcckgutterminal in perfekt zentraler Lage ab.\" \/>\n<meta property=\"og:url\" content=\"https:\/\/www.rhb.nl\/de\/stauerei\/\" \/>\n<meta property=\"og:site_name\" content=\"RHB Stevedoring &amp; Warehousing\" \/>\n<meta property=\"article:modified_time\" content=\"2025-03-27T12:39:28+00:00\" \/>\n<meta name=\"twitter:card\" content=\"summary_large_image\" \/>\n<meta name=\"twitter:label1\" content=\"Gesch\u00e4tzte Lesezeit\" \/>\n\t<meta name=\"twitter:data1\" content=\"2\u00a0Minuten\" \/>\n<script type=\"application\/ld+json\" class=\"yoast-schema-graph\">{\"@context\":\"https:\\\/\\\/schema.org\",\"@graph\":[{\"@type\":\"WebPage\",\"@id\":\"https:\\\/\\\/www.rhb.nl\\\/de\\\/stauerei\\\/\",\"url\":\"https:\\\/\\\/www.rhb.nl\\\/de\\\/stauerei\\\/\",\"name\":\"Stauerei | RHB Stevedoring &amp; Warehousing\",\"isPartOf\":{\"@id\":\"https:\\\/\\\/www.rhb.nl\\\/de\\\/#website\"},\"datePublished\":\"2019-12-30T12:48:50+00:00\",\"dateModified\":\"2025-03-27T12:39:28+00:00\",\"description\":\"Als Stauerei wickeln wir verschiedene Ladungsarten \u00fcber unser eigenes, wirklich unabh\u00e4ngiges St\u00fcckgutterminal in perfekt zentraler Lage ab.\",\"breadcrumb\":{\"@id\":\"https:\\\/\\\/www.rhb.nl\\\/de\\\/stauerei\\\/#breadcrumb\"},\"inLanguage\":\"de\",\"potentialAction\":[{\"@type\":\"ReadAction\",\"target\":[\"https:\\\/\\\/www.rhb.nl\\\/de\\\/stauerei\\\/\"]}]},{\"@type\":\"BreadcrumbList\",\"@id\":\"https:\\\/\\\/www.rhb.nl\\\/de\\\/stauerei\\\/#breadcrumb\",\"itemListElement\":[{\"@type\":\"ListItem\",\"position\":1,\"name\":\"Home\",\"item\":\"https:\\\/\\\/www.rhb.nl\\\/de\\\/\"},{\"@type\":\"ListItem\",\"position\":2,\"name\":\"Stauerei\"}]},{\"@type\":\"WebSite\",\"@id\":\"https:\\\/\\\/www.rhb.nl\\\/de\\\/#website\",\"url\":\"https:\\\/\\\/www.rhb.nl\\\/de\\\/\",\"name\":\"RHB Stevedoring &amp; Warehousing\",\"description\":\"\",\"publisher\":{\"@id\":\"https:\\\/\\\/www.rhb.nl\\\/de\\\/#organization\"},\"potentialAction\":[{\"@type\":\"SearchAction\",\"target\":{\"@type\":\"EntryPoint\",\"urlTemplate\":\"https:\\\/\\\/www.rhb.nl\\\/de\\\/?s={search_term_string}\"},\"query-input\":{\"@type\":\"PropertyValueSpecification\",\"valueRequired\":true,\"valueName\":\"search_term_string\"}}],\"inLanguage\":\"de\"},{\"@type\":\"Organization\",\"@id\":\"https:\\\/\\\/www.rhb.nl\\\/de\\\/#organization\",\"name\":\"RHB Stevedoring & Warehousing\",\"url\":\"https:\\\/\\\/www.rhb.nl\\\/de\\\/\",\"logo\":{\"@type\":\"ImageObject\",\"inLanguage\":\"de\",\"@id\":\"https:\\\/\\\/www.rhb.nl\\\/de\\\/#\\\/schema\\\/logo\\\/image\\\/\",\"url\":\"https:\\\/\\\/www.rhb.nl\\\/wp-content\\\/uploads\\\/rhb-logo-white.png\",\"contentUrl\":\"https:\\\/\\\/www.rhb.nl\\\/wp-content\\\/uploads\\\/rhb-logo-white.png\",\"width\":86,\"height\":78,\"caption\":\"RHB Stevedoring & Warehousing\"},\"image\":{\"@id\":\"https:\\\/\\\/www.rhb.nl\\\/de\\\/#\\\/schema\\\/logo\\\/image\\\/\"}}]}<\/script>\n<!-- \/ Yoast SEO plugin. -->","yoast_head_json":{"title":"Stauerei | RHB Stevedoring &amp; Warehousing","description":"Als Stauerei wickeln wir verschiedene Ladungsarten \u00fcber unser eigenes, wirklich unabh\u00e4ngiges St\u00fcckgutterminal in perfekt zentraler Lage ab.","robots":{"index":"index","follow":"follow","max-snippet":"max-snippet:-1","max-image-preview":"max-image-preview:large","max-video-preview":"max-video-preview:-1"},"canonical":"https:\/\/www.rhb.nl\/de\/stauerei\/","og_locale":"de_DE","og_type":"article","og_title":"Stauerei | RHB Stevedoring &amp; Warehousing","og_description":"Als Stauerei wickeln wir verschiedene Ladungsarten \u00fcber unser eigenes, wirklich unabh\u00e4ngiges St\u00fcckgutterminal in perfekt zentraler Lage ab.","og_url":"https:\/\/www.rhb.nl\/de\/stauerei\/","og_site_name":"RHB Stevedoring &amp; Warehousing","article_modified_time":"2025-03-27T12:39:28+00:00","twitter_card":"summary_large_image","twitter_misc":{"Gesch\u00e4tzte Lesezeit":"2\u00a0Minuten"},"schema":{"@context":"https:\/\/schema.org","@graph":[{"@type":"WebPage","@id":"https:\/\/www.rhb.nl\/de\/stauerei\/","url":"https:\/\/www.rhb.nl\/de\/stauerei\/","name":"Stauerei | RHB Stevedoring &amp; Warehousing","isPartOf":{"@id":"https:\/\/www.rhb.nl\/de\/#website"},"datePublished":"2019-12-30T12:48:50+00:00","dateModified":"2025-03-27T12:39:28+00:00","description":"Als Stauerei wickeln wir verschiedene Ladungsarten \u00fcber unser eigenes, wirklich unabh\u00e4ngiges St\u00fcckgutterminal in perfekt zentraler Lage ab.","breadcrumb":{"@id":"https:\/\/www.rhb.nl\/de\/stauerei\/#breadcrumb"},"inLanguage":"de","potentialAction":[{"@type":"ReadAction","target":["https:\/\/www.rhb.nl\/de\/stauerei\/"]}]},{"@type":"BreadcrumbList","@id":"https:\/\/www.rhb.nl\/de\/stauerei\/#breadcrumb","itemListElement":[{"@type":"ListItem","position":1,"name":"Home","item":"https:\/\/www.rhb.nl\/de\/"},{"@type":"ListItem","position":2,"name":"Stauerei"}]},{"@type":"WebSite","@id":"https:\/\/www.rhb.nl\/de\/#website","url":"https:\/\/www.rhb.nl\/de\/","name":"RHB Stevedoring &amp; Warehousing","description":"","publisher":{"@id":"https:\/\/www.rhb.nl\/de\/#organization"},"potentialAction":[{"@type":"SearchAction","target":{"@type":"EntryPoint","urlTemplate":"https:\/\/www.rhb.nl\/de\/?s={search_term_string}"},"query-input":{"@type":"PropertyValueSpecification","valueRequired":true,"valueName":"search_term_string"}}],"inLanguage":"de"},{"@type":"Organization","@id":"https:\/\/www.rhb.nl\/de\/#organization","name":"RHB Stevedoring & Warehousing","url":"https:\/\/www.rhb.nl\/de\/","logo":{"@type":"ImageObject","inLanguage":"de","@id":"https:\/\/www.rhb.nl\/de\/#\/schema\/logo\/image\/","url":"https:\/\/www.rhb.nl\/wp-content\/uploads\/rhb-logo-white.png","contentUrl":"https:\/\/www.rhb.nl\/wp-content\/uploads\/rhb-logo-white.png","width":86,"height":78,"caption":"RHB Stevedoring & Warehousing"},"image":{"@id":"https:\/\/www.rhb.nl\/de\/#\/schema\/logo\/image\/"}}]}},"_links":{"self":[{"href":"https:\/\/www.rhb.nl\/de\/wp-json\/wp\/v2\/pages\/8578","targetHints":{"allow":["GET"]}}],"collection":[{"href":"https:\/\/www.rhb.nl\/de\/wp-json\/wp\/v2\/pages"}],"about":[{"href":"https:\/\/www.rhb.nl\/de\/wp-json\/wp\/v2\/types\/page"}],"author":[{"embeddable":true,"href":"https:\/\/www.rhb.nl\/de\/wp-json\/wp\/v2\/users\/1"}],"replies":[{"embeddable":true,"href":"https:\/\/www.rhb.nl\/de\/wp-json\/wp\/v2\/comments?post=8578"}],"version-history":[{"count":10,"href":"https:\/\/www.rhb.nl\/de\/wp-json\/wp\/v2\/pages\/8578\/revisions"}],"predecessor-version":[{"id":11403,"href":"https:\/\/www.rhb.nl\/de\/wp-json\/wp\/v2\/pages\/8578\/revisions\/11403"}],"wp:attachment":[{"href":"https:\/\/www.rhb.nl\/de\/wp-json\/wp\/v2\/media?parent=8578"}],"curies":[{"name":"wp","href":"https:\/\/api.w.org\/{rel}","templated":true}]}}