



{"id":8647,"date":"2019-12-30T14:06:50","date_gmt":"2019-12-30T13:06:50","guid":{"rendered":"https:\/\/www.rhb.nl\/?page_id=8647"},"modified":"2023-06-30T13:45:50","modified_gmt":"2023-06-30T11:45:50","slug":"flatrack-uberdimensionierte-container","status":"publish","type":"page","link":"https:\/\/www.rhb.nl\/de\/stauerei\/flatrack-uberdimensionierte-container\/","title":{"rendered":"Flatrack &#038; \u00fcberdimensionierte Container F\u00fcllen\/ Stauen &#8211; Rotterdam"},"content":{"rendered":"<p><h2 class=\"gdlr-heading-shortcode \"  style=\"color: #7fb610;font-size: 18px;font-weight: bold;\" >Flatrack Container: F\u00fcllen, Strippen, Stauen von \u00fcberbreiten, \u00fcberhohen und offenen Containern<\/h2>\n<\/p>\n<p><strong>Beladen, Strippen, Stauen und Entladen von Flatracks<\/strong><\/p>\n<p>Wir f\u00fcllen, strippen und stauen Flatrack-Container mit Kisten\/ Ersatzteilen\/ Maschinen mit abweichenden Ma\u00dfen. Zu breit und zu hoch f\u00fcr den Standardcontainer, siehe Fotos. Gleiches gilt f\u00fcr offene Container mit abweichenden Ma\u00dfen. Falls gew\u00fcnscht, k\u00f6nnen wir auch das Zurren &amp; Festmachen Ihrer Ladung durch unsere professionellen Partner durchf\u00fchren lassen. Aus wirtschaftlichen Gr\u00fcnden ist es oft ratsam, Ladungen \u00fcber unser Terminal abwickeln zu lassen, anstatt die Einrichtungen der gro\u00dfen Containerterminals zu nutzen.<\/p>\n<p>Die erforderlichen Kr\u00e4ne, Gabelstapler, Reach-Stacker und das dazugeh\u00f6rige Personal sind jederzeit verf\u00fcgbar. Die maximal zul\u00e4ssigen St\u00fcckgewichte k\u00f6nnen problemlos gehandhabt werden.<\/p>\n<h3>Vorteile<\/h3>\n<p>In unserem Terminal haben Sie die M\u00f6glichkeit, die \u00fcbergro\u00dfen Flatrackcontainer nicht mit teuren Tiefladern \u00fcber die Stra\u00dfe, sondern mit einem Binnenschiff zum Terminal transportieren zu lassen. Viele namhafte Hersteller und internationale Spediteure nutzen unser Terminal f\u00fcr diese Arbeiten.<\/p>\n<h3>Beladen und Strippen von Containern<\/h3>\n<p>Auch das Be- und Entladen eines Standardcontainers mit 20 oder 40 Fu\u00df ist f\u00fcr RHB t\u00e4gliche Arbeit. Inkl. Zurren &amp; Sichern.<\/p>\n<p>Wir haben die M\u00f6glichkeit, die Ladung in einer unserer <a href=\"https:\/\/www.rhb.nl\/de\/lager-transit-zollgut\/\">Hallen<\/a> oder in einem offenen Lager zu lagern.<\/p>\n<p>F\u00fcr Informationen und Anfragen wenden Sie sich an: Jan Flach, Mike van der Pluijm oder Peter van der Pluijm \u00fcber <a href=\"mailto:office@rhb.nl\">office@rhb.nl<\/a> oder telefonisch unter +31 (0)10 4299433<\/p>\n","protected":false},"excerpt":{"rendered":"<p>Beladen, Strippen, Stauen und Entladen von Flatracks Wir f\u00fcllen, strippen und stauen Flatrack-Container mit Kisten\/ Ersatzteilen\/ Maschinen mit abweichenden Ma\u00dfen. Zu breit und zu hoch f\u00fcr den Standardcontainer, siehe Fotos. Gleiches gilt f\u00fcr offene Container mit abweichenden Ma\u00dfen. Falls gew\u00fcnscht, k\u00f6nnen wir auch das Zurren &amp; Festmachen Ihrer Ladung durch unsere professionellen Partner durchf\u00fchren lassen&#8230;. <\/p>\n<div class=\"clear\"><\/div>\n<p><a href=\"https:\/\/www.rhb.nl\/de\/stauerei\/flatrack-uberdimensionierte-container\/\" class=\"excerpt-read-more\">Learn More<i class=\"fa fa-angle-double-right icon-double-angle-right\"><\/i><\/a><\/p>\n","protected":false},"author":1,"featured_media":0,"parent":8578,"menu_order":0,"comment_status":"closed","ping_status":"closed","template":"","meta":{"_acf_changed":false,"footnotes":""},"class_list":["post-8647","page","type-page","status-publish","hentry"],"acf":[],"yoast_head":"<!-- This site is optimized with the Yoast SEO plugin v27.3 - https:\/\/yoast.com\/product\/yoast-seo-wordpress\/ -->\n<title>Flatrack \u00fcberdimensionierte container | RHB Rotterdam<\/title>\n<meta name=\"description\" content=\"Wir f\u00fcllen, strippen und stauen Flatrack \u00fcberdimensionierte container mit Kisten\/ Ersatzteilen\/ Maschinen mit abweichenden Ma\u00dfen.\" \/>\n<meta name=\"robots\" content=\"index, follow, max-snippet:-1, max-image-preview:large, max-video-preview:-1\" \/>\n<link rel=\"canonical\" href=\"https:\/\/www.rhb.nl\/de\/stauerei\/flatrack-uberdimensionierte-container\/\" \/>\n<meta property=\"og:locale\" content=\"de_DE\" \/>\n<meta property=\"og:type\" content=\"article\" \/>\n<meta property=\"og:title\" content=\"Flatrack \u00fcberdimensionierte container | RHB Rotterdam\" \/>\n<meta property=\"og:description\" content=\"Wir f\u00fcllen, strippen und stauen Flatrack \u00fcberdimensionierte container mit Kisten\/ Ersatzteilen\/ Maschinen mit abweichenden Ma\u00dfen.\" \/>\n<meta property=\"og:url\" content=\"https:\/\/www.rhb.nl\/de\/stauerei\/flatrack-uberdimensionierte-container\/\" \/>\n<meta property=\"og:site_name\" content=\"RHB Stevedoring &amp; Warehousing\" \/>\n<meta property=\"article:modified_time\" content=\"2023-06-30T11:45:50+00:00\" \/>\n<meta name=\"twitter:card\" content=\"summary_large_image\" \/>\n<meta name=\"twitter:label1\" content=\"Gesch\u00e4tzte Lesezeit\" \/>\n\t<meta name=\"twitter:data1\" content=\"2\u00a0Minuten\" \/>\n<script type=\"application\/ld+json\" class=\"yoast-schema-graph\">{\"@context\":\"https:\\\/\\\/schema.org\",\"@graph\":[{\"@type\":\"WebPage\",\"@id\":\"https:\\\/\\\/www.rhb.nl\\\/de\\\/stauerei\\\/flatrack-uberdimensionierte-container\\\/\",\"url\":\"https:\\\/\\\/www.rhb.nl\\\/de\\\/stauerei\\\/flatrack-uberdimensionierte-container\\\/\",\"name\":\"Flatrack \u00fcberdimensionierte container | RHB Rotterdam\",\"isPartOf\":{\"@id\":\"https:\\\/\\\/www.rhb.nl\\\/de\\\/#website\"},\"datePublished\":\"2019-12-30T13:06:50+00:00\",\"dateModified\":\"2023-06-30T11:45:50+00:00\",\"description\":\"Wir f\u00fcllen, strippen und stauen Flatrack \u00fcberdimensionierte container mit Kisten\\\/ Ersatzteilen\\\/ Maschinen mit abweichenden Ma\u00dfen.\",\"breadcrumb\":{\"@id\":\"https:\\\/\\\/www.rhb.nl\\\/de\\\/stauerei\\\/flatrack-uberdimensionierte-container\\\/#breadcrumb\"},\"inLanguage\":\"de\",\"potentialAction\":[{\"@type\":\"ReadAction\",\"target\":[\"https:\\\/\\\/www.rhb.nl\\\/de\\\/stauerei\\\/flatrack-uberdimensionierte-container\\\/\"]}]},{\"@type\":\"BreadcrumbList\",\"@id\":\"https:\\\/\\\/www.rhb.nl\\\/de\\\/stauerei\\\/flatrack-uberdimensionierte-container\\\/#breadcrumb\",\"itemListElement\":[{\"@type\":\"ListItem\",\"position\":1,\"name\":\"Home\",\"item\":\"https:\\\/\\\/www.rhb.nl\\\/de\\\/\"},{\"@type\":\"ListItem\",\"position\":2,\"name\":\"Stauerei\",\"item\":\"https:\\\/\\\/www.rhb.nl\\\/de\\\/stauerei\\\/\"},{\"@type\":\"ListItem\",\"position\":3,\"name\":\"Flatrack &#038; \u00fcberdimensionierte Container F\u00fcllen\\\/ Stauen &#8211; Rotterdam\"}]},{\"@type\":\"WebSite\",\"@id\":\"https:\\\/\\\/www.rhb.nl\\\/de\\\/#website\",\"url\":\"https:\\\/\\\/www.rhb.nl\\\/de\\\/\",\"name\":\"RHB Stevedoring &amp; Warehousing\",\"description\":\"\",\"publisher\":{\"@id\":\"https:\\\/\\\/www.rhb.nl\\\/de\\\/#organization\"},\"potentialAction\":[{\"@type\":\"SearchAction\",\"target\":{\"@type\":\"EntryPoint\",\"urlTemplate\":\"https:\\\/\\\/www.rhb.nl\\\/de\\\/?s={search_term_string}\"},\"query-input\":{\"@type\":\"PropertyValueSpecification\",\"valueRequired\":true,\"valueName\":\"search_term_string\"}}],\"inLanguage\":\"de\"},{\"@type\":\"Organization\",\"@id\":\"https:\\\/\\\/www.rhb.nl\\\/de\\\/#organization\",\"name\":\"RHB Stevedoring & Warehousing\",\"url\":\"https:\\\/\\\/www.rhb.nl\\\/de\\\/\",\"logo\":{\"@type\":\"ImageObject\",\"inLanguage\":\"de\",\"@id\":\"https:\\\/\\\/www.rhb.nl\\\/de\\\/#\\\/schema\\\/logo\\\/image\\\/\",\"url\":\"https:\\\/\\\/www.rhb.nl\\\/wp-content\\\/uploads\\\/rhb-logo-white.png\",\"contentUrl\":\"https:\\\/\\\/www.rhb.nl\\\/wp-content\\\/uploads\\\/rhb-logo-white.png\",\"width\":86,\"height\":78,\"caption\":\"RHB Stevedoring & Warehousing\"},\"image\":{\"@id\":\"https:\\\/\\\/www.rhb.nl\\\/de\\\/#\\\/schema\\\/logo\\\/image\\\/\"}}]}<\/script>\n<!-- \/ Yoast SEO plugin. -->","yoast_head_json":{"title":"Flatrack \u00fcberdimensionierte container | RHB Rotterdam","description":"Wir f\u00fcllen, strippen und stauen Flatrack \u00fcberdimensionierte container mit Kisten\/ Ersatzteilen\/ Maschinen mit abweichenden Ma\u00dfen.","robots":{"index":"index","follow":"follow","max-snippet":"max-snippet:-1","max-image-preview":"max-image-preview:large","max-video-preview":"max-video-preview:-1"},"canonical":"https:\/\/www.rhb.nl\/de\/stauerei\/flatrack-uberdimensionierte-container\/","og_locale":"de_DE","og_type":"article","og_title":"Flatrack \u00fcberdimensionierte container | RHB Rotterdam","og_description":"Wir f\u00fcllen, strippen und stauen Flatrack \u00fcberdimensionierte container mit Kisten\/ Ersatzteilen\/ Maschinen mit abweichenden Ma\u00dfen.","og_url":"https:\/\/www.rhb.nl\/de\/stauerei\/flatrack-uberdimensionierte-container\/","og_site_name":"RHB Stevedoring &amp; Warehousing","article_modified_time":"2023-06-30T11:45:50+00:00","twitter_card":"summary_large_image","twitter_misc":{"Gesch\u00e4tzte Lesezeit":"2\u00a0Minuten"},"schema":{"@context":"https:\/\/schema.org","@graph":[{"@type":"WebPage","@id":"https:\/\/www.rhb.nl\/de\/stauerei\/flatrack-uberdimensionierte-container\/","url":"https:\/\/www.rhb.nl\/de\/stauerei\/flatrack-uberdimensionierte-container\/","name":"Flatrack \u00fcberdimensionierte container | RHB Rotterdam","isPartOf":{"@id":"https:\/\/www.rhb.nl\/de\/#website"},"datePublished":"2019-12-30T13:06:50+00:00","dateModified":"2023-06-30T11:45:50+00:00","description":"Wir f\u00fcllen, strippen und stauen Flatrack \u00fcberdimensionierte container mit Kisten\/ Ersatzteilen\/ Maschinen mit abweichenden Ma\u00dfen.","breadcrumb":{"@id":"https:\/\/www.rhb.nl\/de\/stauerei\/flatrack-uberdimensionierte-container\/#breadcrumb"},"inLanguage":"de","potentialAction":[{"@type":"ReadAction","target":["https:\/\/www.rhb.nl\/de\/stauerei\/flatrack-uberdimensionierte-container\/"]}]},{"@type":"BreadcrumbList","@id":"https:\/\/www.rhb.nl\/de\/stauerei\/flatrack-uberdimensionierte-container\/#breadcrumb","itemListElement":[{"@type":"ListItem","position":1,"name":"Home","item":"https:\/\/www.rhb.nl\/de\/"},{"@type":"ListItem","position":2,"name":"Stauerei","item":"https:\/\/www.rhb.nl\/de\/stauerei\/"},{"@type":"ListItem","position":3,"name":"Flatrack &#038; \u00fcberdimensionierte Container F\u00fcllen\/ Stauen &#8211; Rotterdam"}]},{"@type":"WebSite","@id":"https:\/\/www.rhb.nl\/de\/#website","url":"https:\/\/www.rhb.nl\/de\/","name":"RHB Stevedoring &amp; Warehousing","description":"","publisher":{"@id":"https:\/\/www.rhb.nl\/de\/#organization"},"potentialAction":[{"@type":"SearchAction","target":{"@type":"EntryPoint","urlTemplate":"https:\/\/www.rhb.nl\/de\/?s={search_term_string}"},"query-input":{"@type":"PropertyValueSpecification","valueRequired":true,"valueName":"search_term_string"}}],"inLanguage":"de"},{"@type":"Organization","@id":"https:\/\/www.rhb.nl\/de\/#organization","name":"RHB Stevedoring & Warehousing","url":"https:\/\/www.rhb.nl\/de\/","logo":{"@type":"ImageObject","inLanguage":"de","@id":"https:\/\/www.rhb.nl\/de\/#\/schema\/logo\/image\/","url":"https:\/\/www.rhb.nl\/wp-content\/uploads\/rhb-logo-white.png","contentUrl":"https:\/\/www.rhb.nl\/wp-content\/uploads\/rhb-logo-white.png","width":86,"height":78,"caption":"RHB Stevedoring & Warehousing"},"image":{"@id":"https:\/\/www.rhb.nl\/de\/#\/schema\/logo\/image\/"}}]}},"_links":{"self":[{"href":"https:\/\/www.rhb.nl\/de\/wp-json\/wp\/v2\/pages\/8647","targetHints":{"allow":["GET"]}}],"collection":[{"href":"https:\/\/www.rhb.nl\/de\/wp-json\/wp\/v2\/pages"}],"about":[{"href":"https:\/\/www.rhb.nl\/de\/wp-json\/wp\/v2\/types\/page"}],"author":[{"embeddable":true,"href":"https:\/\/www.rhb.nl\/de\/wp-json\/wp\/v2\/users\/1"}],"replies":[{"embeddable":true,"href":"https:\/\/www.rhb.nl\/de\/wp-json\/wp\/v2\/comments?post=8647"}],"version-history":[{"count":3,"href":"https:\/\/www.rhb.nl\/de\/wp-json\/wp\/v2\/pages\/8647\/revisions"}],"predecessor-version":[{"id":10704,"href":"https:\/\/www.rhb.nl\/de\/wp-json\/wp\/v2\/pages\/8647\/revisions\/10704"}],"up":[{"embeddable":true,"href":"https:\/\/www.rhb.nl\/de\/wp-json\/wp\/v2\/pages\/8578"}],"wp:attachment":[{"href":"https:\/\/www.rhb.nl\/de\/wp-json\/wp\/v2\/media?parent=8647"}],"curies":[{"name":"wp","href":"https:\/\/api.w.org\/{rel}","templated":true}]}}