



{"id":8660,"date":"2019-12-30T14:11:09","date_gmt":"2019-12-30T13:11:09","guid":{"rendered":"https:\/\/www.rhb.nl\/?page_id=8660"},"modified":"2025-03-27T13:56:03","modified_gmt":"2025-03-27T12:56:03","slug":"lay-by-montage-liegeplaetze-reparaturen","status":"publish","type":"page","link":"https:\/\/www.rhb.nl\/de\/stauerei\/lay-by-montage-liegeplaetze-reparaturen\/","title":{"rendered":"Lay-By, Montage, Liegepl\u00e4tze &#038; Reparaturen"},"content":{"rendered":"<p><h2 class=\"gdlr-heading-shortcode \"  style=\"color: #7fb610;font-size: 18px;font-weight: bold;\" >Hilfe bei Lay-By, Liegepl\u00e4tzen, Montage und Schiffsreparatur in Rotterdam<\/h2>\n<\/p>\n<h3>Liegepl\u00e4tze &#8211; Lay-By &#8211; Wartepl\u00e4tze &#8211; LNG Bunkering &#8211; Kaigeld in Rotterdam<\/h3>\n<p>Wir verf\u00fcgen \u00fcber verschiedene Liegepl\u00e4tze &#8211; Wartepl\u00e4tze f\u00fcr die Schifffahrt. Ein Seeschiff, ein Schiff, ein Seeponton oder ein Ponton k\u00f6nnen das Kaigeld zum Anlegetarif nutzen. Kurz- oder langfristig am eigenen Kai mit einer L\u00e4nge von 1060 Metern und einem maximalen Tiefgang von 10 Metern. In ruhiger und guter zentraler Lage im Waalhaven. Gesch\u00e4fte, Supermarkt, B\u00e4cker, Restaurants &amp; Bars in unmittelbarer N\u00e4he<\/p>\n<p>Es besteht auch die M\u00f6glichkeit, Offshore-Schiffe zu <a href=\"https:\/\/www.rhb.nl\/de\/rotterdam-offshore-stauerei-terminal-schiffsmobilisierung-rhb\/\">pinnen<\/a>.<\/p>\n<h3>Unterst\u00fctzung &#8211; Assistenz<\/h3>\n<p>Mit Hafenkranen mit einer Kapazit\u00e4t von bis zu 208 Tonnen, Schwimmkranen und Gabelstaplern, Kaigeld und ISPS-Kosten auf Anfrage.<br \/>\nReedereien k\u00f6nnen diese unabh\u00e4ngigen Liegepl\u00e4tze und\/ oder Wartepl\u00e4tze und das Terminal nutzen. Fragen Sie nach unseren Tarifen!<\/p>\n<h3>Montage und Gasw\u00e4scher in Rotterdam<\/h3>\n<p>Unser Terminal RHB Stevedoring &amp; Warehousing ist f\u00fcr die Montage aller Arten von Ger\u00e4ten f\u00fcr die Schifffahrt geeignet.<\/p>\n<p>Hersteller, H\u00e4ndler, Spediteure und Agenten nutzen diese Option zum Beispiel f\u00fcr den Bau neuer &amp; gebrauchter Krane, um sie als einzelne gro\u00dfe Einheit zu verschiffen.<br \/>\nBei Bedarf k\u00f6nnen auch hydraulische SMTP-Einheiten f\u00fcr den RO\/ RO-Transport vom Ponton zum Kai oder umgekehrt verwendet werden.<br \/>\nDie Hafenkrane mit einer Kapazit\u00e4t von bis zu\u00a0 2 x 208 Tonnen + 1 x 144 Tonnen, in tandem &gt; 300 Tonnen, Schwimmkrane bis zu 2.200 Tonnen, Gabelstapler, Ger\u00fcste, Arbeitsb\u00fchnen, tempor\u00e4re B\u00fcror\u00e4ume, sanit\u00e4re Einrichtungen, Schwei\u00dfger\u00e4te oder andere Ger\u00e4te f\u00fcr den professionellen Einsatz und Platz f\u00fcr diese Arbeiten ist vorhanden.<\/p>\n<h3>Unterst\u00fctzung von Schiffsreparaturfirmen in Rotterdam.<\/h3>\n<p>Mehrere Schiffsreparaturfirmen nutzen unsere Liegepl\u00e4tze f\u00fcr Reparaturen von Motoren, Ankern und Pumpen, die den Einsatz von Kr\u00e4nen erfordern. An unserem Kaiterminal ist auch die Installation von Gasw\u00e4schern und eine Rumpfreinigung m\u00f6glich.<\/p>\n<h3>Nutzen Sie die Kraft von Rotterdam!!<\/h3>\n<p>Wir unterst\u00fctzen die Schiffe f\u00fcr die Offshore-Industrie regelm\u00e4\u00dfig bei der Mobilisierung oder Demobilisierung, inkl LNG Bunkering im Rotterdamer Hafen an unserem Terminal RHB Stevedoring &amp; Warehousing Port No. 2157 Waalhaven Nordseite 4 Rotterdam.<\/p>\n","protected":false},"excerpt":{"rendered":"<p>Liegepl\u00e4tze &#8211; Lay-By &#8211; Wartepl\u00e4tze &#8211; LNG Bunkering &#8211; Kaigeld in Rotterdam Wir verf\u00fcgen \u00fcber verschiedene Liegepl\u00e4tze &#8211; Wartepl\u00e4tze f\u00fcr die Schifffahrt. Ein Seeschiff, ein Schiff, ein Seeponton oder ein Ponton k\u00f6nnen das Kaigeld zum Anlegetarif nutzen. Kurz- oder langfristig am eigenen Kai mit einer L\u00e4nge von 1060 Metern und einem maximalen Tiefgang von 10&#8230; <\/p>\n<div class=\"clear\"><\/div>\n<p><a href=\"https:\/\/www.rhb.nl\/de\/stauerei\/lay-by-montage-liegeplaetze-reparaturen\/\" class=\"excerpt-read-more\">Learn More<i class=\"fa fa-angle-double-right icon-double-angle-right\"><\/i><\/a><\/p>\n","protected":false},"author":1,"featured_media":0,"parent":8578,"menu_order":0,"comment_status":"closed","ping_status":"closed","template":"","meta":{"_acf_changed":false,"footnotes":""},"class_list":["post-8660","page","type-page","status-publish","hentry"],"acf":[],"yoast_head":"<!-- This site is optimized with the Yoast SEO plugin v27.3 - https:\/\/yoast.com\/product\/yoast-seo-wordpress\/ -->\n<title>Liegepl\u00e4tze und Montage | RHB Stevedoring &amp; Warehousing<\/title>\n<meta name=\"description\" content=\"Wir verf\u00fcgen \u00fcber verschiedene Liegepl\u00e4tze f\u00fcr die Schifffahrt. Unser Terminal ist f\u00fcr die Montage aller Arten von Ger\u00e4ten f\u00fcr die Schifffahrt geeignet.\" \/>\n<meta name=\"robots\" content=\"index, follow, max-snippet:-1, max-image-preview:large, max-video-preview:-1\" \/>\n<link rel=\"canonical\" href=\"https:\/\/www.rhb.nl\/de\/stauerei\/lay-by-montage-liegeplaetze-reparaturen\/\" \/>\n<meta property=\"og:locale\" content=\"de_DE\" \/>\n<meta property=\"og:type\" content=\"article\" \/>\n<meta property=\"og:title\" content=\"Liegepl\u00e4tze und Montage | RHB Stevedoring &amp; Warehousing\" \/>\n<meta property=\"og:description\" content=\"Wir verf\u00fcgen \u00fcber verschiedene Liegepl\u00e4tze f\u00fcr die Schifffahrt. Unser Terminal ist f\u00fcr die Montage aller Arten von Ger\u00e4ten f\u00fcr die Schifffahrt geeignet.\" \/>\n<meta property=\"og:url\" content=\"https:\/\/www.rhb.nl\/de\/stauerei\/lay-by-montage-liegeplaetze-reparaturen\/\" \/>\n<meta property=\"og:site_name\" content=\"RHB Stevedoring &amp; Warehousing\" \/>\n<meta property=\"article:modified_time\" content=\"2025-03-27T12:56:03+00:00\" \/>\n<meta name=\"twitter:card\" content=\"summary_large_image\" \/>\n<meta name=\"twitter:label1\" content=\"Gesch\u00e4tzte Lesezeit\" \/>\n\t<meta name=\"twitter:data1\" content=\"2\u00a0Minuten\" \/>\n<script type=\"application\/ld+json\" class=\"yoast-schema-graph\">{\"@context\":\"https:\\\/\\\/schema.org\",\"@graph\":[{\"@type\":\"WebPage\",\"@id\":\"https:\\\/\\\/www.rhb.nl\\\/de\\\/stauerei\\\/lay-by-montage-liegeplaetze-reparaturen\\\/\",\"url\":\"https:\\\/\\\/www.rhb.nl\\\/de\\\/stauerei\\\/lay-by-montage-liegeplaetze-reparaturen\\\/\",\"name\":\"Liegepl\u00e4tze und Montage | RHB Stevedoring &amp; Warehousing\",\"isPartOf\":{\"@id\":\"https:\\\/\\\/www.rhb.nl\\\/de\\\/#website\"},\"datePublished\":\"2019-12-30T13:11:09+00:00\",\"dateModified\":\"2025-03-27T12:56:03+00:00\",\"description\":\"Wir verf\u00fcgen \u00fcber verschiedene Liegepl\u00e4tze f\u00fcr die Schifffahrt. Unser Terminal ist f\u00fcr die Montage aller Arten von Ger\u00e4ten f\u00fcr die Schifffahrt geeignet.\",\"breadcrumb\":{\"@id\":\"https:\\\/\\\/www.rhb.nl\\\/de\\\/stauerei\\\/lay-by-montage-liegeplaetze-reparaturen\\\/#breadcrumb\"},\"inLanguage\":\"de\",\"potentialAction\":[{\"@type\":\"ReadAction\",\"target\":[\"https:\\\/\\\/www.rhb.nl\\\/de\\\/stauerei\\\/lay-by-montage-liegeplaetze-reparaturen\\\/\"]}]},{\"@type\":\"BreadcrumbList\",\"@id\":\"https:\\\/\\\/www.rhb.nl\\\/de\\\/stauerei\\\/lay-by-montage-liegeplaetze-reparaturen\\\/#breadcrumb\",\"itemListElement\":[{\"@type\":\"ListItem\",\"position\":1,\"name\":\"Home\",\"item\":\"https:\\\/\\\/www.rhb.nl\\\/de\\\/\"},{\"@type\":\"ListItem\",\"position\":2,\"name\":\"Stauerei\",\"item\":\"https:\\\/\\\/www.rhb.nl\\\/de\\\/stauerei\\\/\"},{\"@type\":\"ListItem\",\"position\":3,\"name\":\"Lay-By, Montage, Liegepl\u00e4tze &#038; Reparaturen\"}]},{\"@type\":\"WebSite\",\"@id\":\"https:\\\/\\\/www.rhb.nl\\\/de\\\/#website\",\"url\":\"https:\\\/\\\/www.rhb.nl\\\/de\\\/\",\"name\":\"RHB Stevedoring &amp; Warehousing\",\"description\":\"\",\"publisher\":{\"@id\":\"https:\\\/\\\/www.rhb.nl\\\/de\\\/#organization\"},\"potentialAction\":[{\"@type\":\"SearchAction\",\"target\":{\"@type\":\"EntryPoint\",\"urlTemplate\":\"https:\\\/\\\/www.rhb.nl\\\/de\\\/?s={search_term_string}\"},\"query-input\":{\"@type\":\"PropertyValueSpecification\",\"valueRequired\":true,\"valueName\":\"search_term_string\"}}],\"inLanguage\":\"de\"},{\"@type\":\"Organization\",\"@id\":\"https:\\\/\\\/www.rhb.nl\\\/de\\\/#organization\",\"name\":\"RHB Stevedoring & Warehousing\",\"url\":\"https:\\\/\\\/www.rhb.nl\\\/de\\\/\",\"logo\":{\"@type\":\"ImageObject\",\"inLanguage\":\"de\",\"@id\":\"https:\\\/\\\/www.rhb.nl\\\/de\\\/#\\\/schema\\\/logo\\\/image\\\/\",\"url\":\"https:\\\/\\\/www.rhb.nl\\\/wp-content\\\/uploads\\\/rhb-logo-white.png\",\"contentUrl\":\"https:\\\/\\\/www.rhb.nl\\\/wp-content\\\/uploads\\\/rhb-logo-white.png\",\"width\":86,\"height\":78,\"caption\":\"RHB Stevedoring & Warehousing\"},\"image\":{\"@id\":\"https:\\\/\\\/www.rhb.nl\\\/de\\\/#\\\/schema\\\/logo\\\/image\\\/\"}}]}<\/script>\n<!-- \/ Yoast SEO plugin. -->","yoast_head_json":{"title":"Liegepl\u00e4tze und Montage | RHB Stevedoring &amp; Warehousing","description":"Wir verf\u00fcgen \u00fcber verschiedene Liegepl\u00e4tze f\u00fcr die Schifffahrt. Unser Terminal ist f\u00fcr die Montage aller Arten von Ger\u00e4ten f\u00fcr die Schifffahrt geeignet.","robots":{"index":"index","follow":"follow","max-snippet":"max-snippet:-1","max-image-preview":"max-image-preview:large","max-video-preview":"max-video-preview:-1"},"canonical":"https:\/\/www.rhb.nl\/de\/stauerei\/lay-by-montage-liegeplaetze-reparaturen\/","og_locale":"de_DE","og_type":"article","og_title":"Liegepl\u00e4tze und Montage | RHB Stevedoring &amp; Warehousing","og_description":"Wir verf\u00fcgen \u00fcber verschiedene Liegepl\u00e4tze f\u00fcr die Schifffahrt. Unser Terminal ist f\u00fcr die Montage aller Arten von Ger\u00e4ten f\u00fcr die Schifffahrt geeignet.","og_url":"https:\/\/www.rhb.nl\/de\/stauerei\/lay-by-montage-liegeplaetze-reparaturen\/","og_site_name":"RHB Stevedoring &amp; Warehousing","article_modified_time":"2025-03-27T12:56:03+00:00","twitter_card":"summary_large_image","twitter_misc":{"Gesch\u00e4tzte Lesezeit":"2\u00a0Minuten"},"schema":{"@context":"https:\/\/schema.org","@graph":[{"@type":"WebPage","@id":"https:\/\/www.rhb.nl\/de\/stauerei\/lay-by-montage-liegeplaetze-reparaturen\/","url":"https:\/\/www.rhb.nl\/de\/stauerei\/lay-by-montage-liegeplaetze-reparaturen\/","name":"Liegepl\u00e4tze und Montage | RHB Stevedoring &amp; Warehousing","isPartOf":{"@id":"https:\/\/www.rhb.nl\/de\/#website"},"datePublished":"2019-12-30T13:11:09+00:00","dateModified":"2025-03-27T12:56:03+00:00","description":"Wir verf\u00fcgen \u00fcber verschiedene Liegepl\u00e4tze f\u00fcr die Schifffahrt. Unser Terminal ist f\u00fcr die Montage aller Arten von Ger\u00e4ten f\u00fcr die Schifffahrt geeignet.","breadcrumb":{"@id":"https:\/\/www.rhb.nl\/de\/stauerei\/lay-by-montage-liegeplaetze-reparaturen\/#breadcrumb"},"inLanguage":"de","potentialAction":[{"@type":"ReadAction","target":["https:\/\/www.rhb.nl\/de\/stauerei\/lay-by-montage-liegeplaetze-reparaturen\/"]}]},{"@type":"BreadcrumbList","@id":"https:\/\/www.rhb.nl\/de\/stauerei\/lay-by-montage-liegeplaetze-reparaturen\/#breadcrumb","itemListElement":[{"@type":"ListItem","position":1,"name":"Home","item":"https:\/\/www.rhb.nl\/de\/"},{"@type":"ListItem","position":2,"name":"Stauerei","item":"https:\/\/www.rhb.nl\/de\/stauerei\/"},{"@type":"ListItem","position":3,"name":"Lay-By, Montage, Liegepl\u00e4tze &#038; Reparaturen"}]},{"@type":"WebSite","@id":"https:\/\/www.rhb.nl\/de\/#website","url":"https:\/\/www.rhb.nl\/de\/","name":"RHB Stevedoring &amp; Warehousing","description":"","publisher":{"@id":"https:\/\/www.rhb.nl\/de\/#organization"},"potentialAction":[{"@type":"SearchAction","target":{"@type":"EntryPoint","urlTemplate":"https:\/\/www.rhb.nl\/de\/?s={search_term_string}"},"query-input":{"@type":"PropertyValueSpecification","valueRequired":true,"valueName":"search_term_string"}}],"inLanguage":"de"},{"@type":"Organization","@id":"https:\/\/www.rhb.nl\/de\/#organization","name":"RHB Stevedoring & Warehousing","url":"https:\/\/www.rhb.nl\/de\/","logo":{"@type":"ImageObject","inLanguage":"de","@id":"https:\/\/www.rhb.nl\/de\/#\/schema\/logo\/image\/","url":"https:\/\/www.rhb.nl\/wp-content\/uploads\/rhb-logo-white.png","contentUrl":"https:\/\/www.rhb.nl\/wp-content\/uploads\/rhb-logo-white.png","width":86,"height":78,"caption":"RHB Stevedoring & Warehousing"},"image":{"@id":"https:\/\/www.rhb.nl\/de\/#\/schema\/logo\/image\/"}}]}},"_links":{"self":[{"href":"https:\/\/www.rhb.nl\/de\/wp-json\/wp\/v2\/pages\/8660","targetHints":{"allow":["GET"]}}],"collection":[{"href":"https:\/\/www.rhb.nl\/de\/wp-json\/wp\/v2\/pages"}],"about":[{"href":"https:\/\/www.rhb.nl\/de\/wp-json\/wp\/v2\/types\/page"}],"author":[{"embeddable":true,"href":"https:\/\/www.rhb.nl\/de\/wp-json\/wp\/v2\/users\/1"}],"replies":[{"embeddable":true,"href":"https:\/\/www.rhb.nl\/de\/wp-json\/wp\/v2\/comments?post=8660"}],"version-history":[{"count":10,"href":"https:\/\/www.rhb.nl\/de\/wp-json\/wp\/v2\/pages\/8660\/revisions"}],"predecessor-version":[{"id":11418,"href":"https:\/\/www.rhb.nl\/de\/wp-json\/wp\/v2\/pages\/8660\/revisions\/11418"}],"up":[{"embeddable":true,"href":"https:\/\/www.rhb.nl\/de\/wp-json\/wp\/v2\/pages\/8578"}],"wp:attachment":[{"href":"https:\/\/www.rhb.nl\/de\/wp-json\/wp\/v2\/media?parent=8660"}],"curies":[{"name":"wp","href":"https:\/\/api.w.org\/{rel}","templated":true}]}}