



{"id":8673,"date":"2019-12-30T14:14:08","date_gmt":"2019-12-30T13:14:08","guid":{"rendered":"https:\/\/www.rhb.nl\/?page_id=8673"},"modified":"2022-10-25T09:55:11","modified_gmt":"2022-10-25T07:55:11","slug":"metalle-und-ne-metalle-be-und-entladen-von-schiffen-und-booten","status":"publish","type":"page","link":"https:\/\/www.rhb.nl\/de\/stauerei\/metalle-und-ne-metalle-be-und-entladen-von-schiffen-und-booten\/","title":{"rendered":"Metalle und NE-Metalle, Be- und Entladen von Schiffen und Booten"},"content":{"rendered":"<p><h2 class=\"gdlr-heading-shortcode \"  style=\"color: #7fb610;font-size: 18px;font-weight: bold;\" >Be- und Entladung und Lagerung von Metallen, NE-Metallen und Ferrolegierungen<\/h2>\n<\/p>\n<p><strong>Entladen, Laden, Umschlag und Lagerung von Schiffen, Binnenschiffen oder Containern<\/strong><\/p>\n<p>Schnelle Ent- &amp; Beladung von Metallen wie Zink, Aluminium, Kupfer, Nickel und Blei oder Ferrolegierungen-Materialien wie Ferro Silikon IMO 4.3. Ferro-Vanadium oder Mangan ist eine der Spezialit\u00e4ten von RHB Stevedoring &amp; Warehousing Rotterdam. Neben konventionellen Schiffen k\u00f6nnen wir auch Schiffe mit Seitent\u00fcren und RO\/ RO-Schiffe \u00fcber eine Viertelrampe be- oder entladen.<\/p>\n<p><strong>Wiegen auf der Waage oder Br\u00fcckenwaage<\/strong><\/p>\n<p>Es ist m\u00f6glich, G\u00fcter mit verschiedenen elektronischen Waagen mit einer Kapazit\u00e4t von bis zu 3 bzw. 6 Tonnen oder auf einer Br\u00fcckenwaage mit einer Kapazit\u00e4t von bis zu 70 Tonnen, mit der gem\u00e4\u00df den SOLAS\/ HSE-Vorschriften gewogen werden kann, zu wiegen.<\/p>\n<p><strong>Lagerung<\/strong><\/p>\n<p>Die G\u00fcter k\u00f6nnen an unserem <a href=\"https:\/\/www.rhb.nl\/de\/lager-transit-zollgut\/\">offenen Lagerort<\/a> oder in unseren<strong> L.M.E.-Qualit\u00e4tslager<\/strong> gelagert werden.<\/p>\n<p><strong>Be- und Entladen von in Containern transportierten Metallen<\/strong><\/p>\n<p>Wenn die G\u00fcter in Containern ankommen oder verschickt werden, bieten wir hervorragende M\u00f6glichkeiten, die G\u00fcter schnell zu be- oder entladen.<\/p>\n","protected":false},"excerpt":{"rendered":"<p>Entladen, Laden, Umschlag und Lagerung von Schiffen, Binnenschiffen oder Containern Schnelle Ent- &amp; Beladung von Metallen wie Zink, Aluminium, Kupfer, Nickel und Blei oder Ferrolegierungen-Materialien wie Ferro Silikon IMO 4.3. Ferro-Vanadium oder Mangan ist eine der Spezialit\u00e4ten von RHB Stevedoring &amp; Warehousing Rotterdam. Neben konventionellen Schiffen k\u00f6nnen wir auch Schiffe mit Seitent\u00fcren und RO\/ RO-Schiffe&#8230; <\/p>\n<div class=\"clear\"><\/div>\n<p><a href=\"https:\/\/www.rhb.nl\/de\/stauerei\/metalle-und-ne-metalle-be-und-entladen-von-schiffen-und-booten\/\" class=\"excerpt-read-more\">Learn More<i class=\"fa fa-angle-double-right icon-double-angle-right\"><\/i><\/a><\/p>\n","protected":false},"author":1,"featured_media":0,"parent":8578,"menu_order":0,"comment_status":"closed","ping_status":"closed","template":"","meta":{"_acf_changed":false,"footnotes":""},"class_list":["post-8673","page","type-page","status-publish","hentry"],"acf":[],"yoast_head":"<!-- This site is optimized with the Yoast SEO plugin v27.3 - https:\/\/yoast.com\/product\/yoast-seo-wordpress\/ -->\n<title>Ent &amp; Beladung Metallen &amp; NE-Metallen | RHB Rotterdam<\/title>\n<meta name=\"description\" content=\"Schnelle Ent- &amp; Beladung von Metallen, NE-Metallen &amp; Ferrolegierungen ist eine der Spezialit\u00e4ten von RHB Stevedoring &amp; Warehousing Rotterdam.\" \/>\n<meta name=\"robots\" content=\"index, follow, max-snippet:-1, max-image-preview:large, max-video-preview:-1\" \/>\n<link rel=\"canonical\" href=\"https:\/\/www.rhb.nl\/de\/stauerei\/metalle-und-ne-metalle-be-und-entladen-von-schiffen-und-booten\/\" \/>\n<meta property=\"og:locale\" content=\"de_DE\" \/>\n<meta property=\"og:type\" content=\"article\" \/>\n<meta property=\"og:title\" content=\"Ent &amp; Beladung Metallen &amp; NE-Metallen | RHB Rotterdam\" \/>\n<meta property=\"og:description\" content=\"Schnelle Ent- &amp; Beladung von Metallen, NE-Metallen &amp; Ferrolegierungen ist eine der Spezialit\u00e4ten von RHB Stevedoring &amp; Warehousing Rotterdam.\" \/>\n<meta property=\"og:url\" content=\"https:\/\/www.rhb.nl\/de\/stauerei\/metalle-und-ne-metalle-be-und-entladen-von-schiffen-und-booten\/\" \/>\n<meta property=\"og:site_name\" content=\"RHB Stevedoring &amp; Warehousing\" \/>\n<meta property=\"article:modified_time\" content=\"2022-10-25T07:55:11+00:00\" \/>\n<meta name=\"twitter:card\" content=\"summary_large_image\" \/>\n<meta name=\"twitter:label1\" content=\"Gesch\u00e4tzte Lesezeit\" \/>\n\t<meta name=\"twitter:data1\" content=\"1\u00a0Minute\" \/>\n<script type=\"application\/ld+json\" class=\"yoast-schema-graph\">{\"@context\":\"https:\\\/\\\/schema.org\",\"@graph\":[{\"@type\":\"WebPage\",\"@id\":\"https:\\\/\\\/www.rhb.nl\\\/de\\\/stauerei\\\/metalle-und-ne-metalle-be-und-entladen-von-schiffen-und-booten\\\/\",\"url\":\"https:\\\/\\\/www.rhb.nl\\\/de\\\/stauerei\\\/metalle-und-ne-metalle-be-und-entladen-von-schiffen-und-booten\\\/\",\"name\":\"Ent & Beladung Metallen & NE-Metallen | RHB Rotterdam\",\"isPartOf\":{\"@id\":\"https:\\\/\\\/www.rhb.nl\\\/de\\\/#website\"},\"datePublished\":\"2019-12-30T13:14:08+00:00\",\"dateModified\":\"2022-10-25T07:55:11+00:00\",\"description\":\"Schnelle Ent- & Beladung von Metallen, NE-Metallen & Ferrolegierungen ist eine der Spezialit\u00e4ten von RHB Stevedoring & Warehousing Rotterdam.\",\"breadcrumb\":{\"@id\":\"https:\\\/\\\/www.rhb.nl\\\/de\\\/stauerei\\\/metalle-und-ne-metalle-be-und-entladen-von-schiffen-und-booten\\\/#breadcrumb\"},\"inLanguage\":\"de\",\"potentialAction\":[{\"@type\":\"ReadAction\",\"target\":[\"https:\\\/\\\/www.rhb.nl\\\/de\\\/stauerei\\\/metalle-und-ne-metalle-be-und-entladen-von-schiffen-und-booten\\\/\"]}]},{\"@type\":\"BreadcrumbList\",\"@id\":\"https:\\\/\\\/www.rhb.nl\\\/de\\\/stauerei\\\/metalle-und-ne-metalle-be-und-entladen-von-schiffen-und-booten\\\/#breadcrumb\",\"itemListElement\":[{\"@type\":\"ListItem\",\"position\":1,\"name\":\"Home\",\"item\":\"https:\\\/\\\/www.rhb.nl\\\/de\\\/\"},{\"@type\":\"ListItem\",\"position\":2,\"name\":\"Stauerei\",\"item\":\"https:\\\/\\\/www.rhb.nl\\\/de\\\/stauerei\\\/\"},{\"@type\":\"ListItem\",\"position\":3,\"name\":\"Metalle und NE-Metalle, Be- und Entladen von Schiffen und Booten\"}]},{\"@type\":\"WebSite\",\"@id\":\"https:\\\/\\\/www.rhb.nl\\\/de\\\/#website\",\"url\":\"https:\\\/\\\/www.rhb.nl\\\/de\\\/\",\"name\":\"RHB Stevedoring &amp; Warehousing\",\"description\":\"\",\"publisher\":{\"@id\":\"https:\\\/\\\/www.rhb.nl\\\/de\\\/#organization\"},\"potentialAction\":[{\"@type\":\"SearchAction\",\"target\":{\"@type\":\"EntryPoint\",\"urlTemplate\":\"https:\\\/\\\/www.rhb.nl\\\/de\\\/?s={search_term_string}\"},\"query-input\":{\"@type\":\"PropertyValueSpecification\",\"valueRequired\":true,\"valueName\":\"search_term_string\"}}],\"inLanguage\":\"de\"},{\"@type\":\"Organization\",\"@id\":\"https:\\\/\\\/www.rhb.nl\\\/de\\\/#organization\",\"name\":\"RHB Stevedoring & Warehousing\",\"url\":\"https:\\\/\\\/www.rhb.nl\\\/de\\\/\",\"logo\":{\"@type\":\"ImageObject\",\"inLanguage\":\"de\",\"@id\":\"https:\\\/\\\/www.rhb.nl\\\/de\\\/#\\\/schema\\\/logo\\\/image\\\/\",\"url\":\"https:\\\/\\\/www.rhb.nl\\\/wp-content\\\/uploads\\\/rhb-logo-white.png\",\"contentUrl\":\"https:\\\/\\\/www.rhb.nl\\\/wp-content\\\/uploads\\\/rhb-logo-white.png\",\"width\":86,\"height\":78,\"caption\":\"RHB Stevedoring & Warehousing\"},\"image\":{\"@id\":\"https:\\\/\\\/www.rhb.nl\\\/de\\\/#\\\/schema\\\/logo\\\/image\\\/\"}}]}<\/script>\n<!-- \/ Yoast SEO plugin. -->","yoast_head_json":{"title":"Ent & Beladung Metallen & NE-Metallen | RHB Rotterdam","description":"Schnelle Ent- & Beladung von Metallen, NE-Metallen & Ferrolegierungen ist eine der Spezialit\u00e4ten von RHB Stevedoring & Warehousing Rotterdam.","robots":{"index":"index","follow":"follow","max-snippet":"max-snippet:-1","max-image-preview":"max-image-preview:large","max-video-preview":"max-video-preview:-1"},"canonical":"https:\/\/www.rhb.nl\/de\/stauerei\/metalle-und-ne-metalle-be-und-entladen-von-schiffen-und-booten\/","og_locale":"de_DE","og_type":"article","og_title":"Ent & Beladung Metallen & NE-Metallen | RHB Rotterdam","og_description":"Schnelle Ent- & Beladung von Metallen, NE-Metallen & Ferrolegierungen ist eine der Spezialit\u00e4ten von RHB Stevedoring & Warehousing Rotterdam.","og_url":"https:\/\/www.rhb.nl\/de\/stauerei\/metalle-und-ne-metalle-be-und-entladen-von-schiffen-und-booten\/","og_site_name":"RHB Stevedoring &amp; Warehousing","article_modified_time":"2022-10-25T07:55:11+00:00","twitter_card":"summary_large_image","twitter_misc":{"Gesch\u00e4tzte Lesezeit":"1\u00a0Minute"},"schema":{"@context":"https:\/\/schema.org","@graph":[{"@type":"WebPage","@id":"https:\/\/www.rhb.nl\/de\/stauerei\/metalle-und-ne-metalle-be-und-entladen-von-schiffen-und-booten\/","url":"https:\/\/www.rhb.nl\/de\/stauerei\/metalle-und-ne-metalle-be-und-entladen-von-schiffen-und-booten\/","name":"Ent & Beladung Metallen & NE-Metallen | RHB Rotterdam","isPartOf":{"@id":"https:\/\/www.rhb.nl\/de\/#website"},"datePublished":"2019-12-30T13:14:08+00:00","dateModified":"2022-10-25T07:55:11+00:00","description":"Schnelle Ent- & Beladung von Metallen, NE-Metallen & Ferrolegierungen ist eine der Spezialit\u00e4ten von RHB Stevedoring & Warehousing Rotterdam.","breadcrumb":{"@id":"https:\/\/www.rhb.nl\/de\/stauerei\/metalle-und-ne-metalle-be-und-entladen-von-schiffen-und-booten\/#breadcrumb"},"inLanguage":"de","potentialAction":[{"@type":"ReadAction","target":["https:\/\/www.rhb.nl\/de\/stauerei\/metalle-und-ne-metalle-be-und-entladen-von-schiffen-und-booten\/"]}]},{"@type":"BreadcrumbList","@id":"https:\/\/www.rhb.nl\/de\/stauerei\/metalle-und-ne-metalle-be-und-entladen-von-schiffen-und-booten\/#breadcrumb","itemListElement":[{"@type":"ListItem","position":1,"name":"Home","item":"https:\/\/www.rhb.nl\/de\/"},{"@type":"ListItem","position":2,"name":"Stauerei","item":"https:\/\/www.rhb.nl\/de\/stauerei\/"},{"@type":"ListItem","position":3,"name":"Metalle und NE-Metalle, Be- und Entladen von Schiffen und Booten"}]},{"@type":"WebSite","@id":"https:\/\/www.rhb.nl\/de\/#website","url":"https:\/\/www.rhb.nl\/de\/","name":"RHB Stevedoring &amp; Warehousing","description":"","publisher":{"@id":"https:\/\/www.rhb.nl\/de\/#organization"},"potentialAction":[{"@type":"SearchAction","target":{"@type":"EntryPoint","urlTemplate":"https:\/\/www.rhb.nl\/de\/?s={search_term_string}"},"query-input":{"@type":"PropertyValueSpecification","valueRequired":true,"valueName":"search_term_string"}}],"inLanguage":"de"},{"@type":"Organization","@id":"https:\/\/www.rhb.nl\/de\/#organization","name":"RHB Stevedoring & Warehousing","url":"https:\/\/www.rhb.nl\/de\/","logo":{"@type":"ImageObject","inLanguage":"de","@id":"https:\/\/www.rhb.nl\/de\/#\/schema\/logo\/image\/","url":"https:\/\/www.rhb.nl\/wp-content\/uploads\/rhb-logo-white.png","contentUrl":"https:\/\/www.rhb.nl\/wp-content\/uploads\/rhb-logo-white.png","width":86,"height":78,"caption":"RHB Stevedoring & Warehousing"},"image":{"@id":"https:\/\/www.rhb.nl\/de\/#\/schema\/logo\/image\/"}}]}},"_links":{"self":[{"href":"https:\/\/www.rhb.nl\/de\/wp-json\/wp\/v2\/pages\/8673","targetHints":{"allow":["GET"]}}],"collection":[{"href":"https:\/\/www.rhb.nl\/de\/wp-json\/wp\/v2\/pages"}],"about":[{"href":"https:\/\/www.rhb.nl\/de\/wp-json\/wp\/v2\/types\/page"}],"author":[{"embeddable":true,"href":"https:\/\/www.rhb.nl\/de\/wp-json\/wp\/v2\/users\/1"}],"replies":[{"embeddable":true,"href":"https:\/\/www.rhb.nl\/de\/wp-json\/wp\/v2\/comments?post=8673"}],"version-history":[{"count":3,"href":"https:\/\/www.rhb.nl\/de\/wp-json\/wp\/v2\/pages\/8673\/revisions"}],"predecessor-version":[{"id":10421,"href":"https:\/\/www.rhb.nl\/de\/wp-json\/wp\/v2\/pages\/8673\/revisions\/10421"}],"up":[{"embeddable":true,"href":"https:\/\/www.rhb.nl\/de\/wp-json\/wp\/v2\/pages\/8578"}],"wp:attachment":[{"href":"https:\/\/www.rhb.nl\/de\/wp-json\/wp\/v2\/media?parent=8673"}],"curies":[{"name":"wp","href":"https:\/\/api.w.org\/{rel}","templated":true}]}}