



{"id":8699,"date":"2019-12-30T14:16:16","date_gmt":"2019-12-30T13:16:16","guid":{"rendered":"https:\/\/www.rhb.nl\/?page_id=8699"},"modified":"2024-02-11T17:21:45","modified_gmt":"2024-02-11T16:21:45","slug":"spezialist-fur-projektladung","status":"publish","type":"page","link":"https:\/\/www.rhb.nl\/de\/stauerei\/spezialist-fur-projektladung\/","title":{"rendered":"Spezialist f\u00fcr Projektladung"},"content":{"rendered":"<p><h2 class=\"gdlr-heading-shortcode \"  style=\"color: #7fb610;font-size: 18px;font-weight: bold;\" >Spezialist f\u00fcr Projektladung Rotterdam RHB - Hafenkrane bis 208 Tonnen<\/h2>\n<\/p>\n<p>Die Stauerei RHB spezialisiert sich auf Umschlag und Lagerung von Projektladung wie Transformatoren, Turbinen, T\u00fcrme, Maschinenh\u00e4user und Rotorbl\u00e4tter f\u00fcr Windkraftanlagen, Tunnelbohrmaschinen, Lokomotiven, zerlegte Krane und Motoren bis zu einem St\u00fcckgewicht von 208 Tonnen. Mit einem ausgezeichneten Standort f\u00fcr FOB-Lieferungen, kristallklaren Preisen und es ist gut zu wissen, dass keine \u201eSlinging Expenses\u201c wie in Antwerpen anfallen.<\/p>\n<p><strong>Projektladung<\/strong><\/p>\n<p>Projektladungen enthalten neben einigen schweren G\u00fctern h\u00e4ufig eine gro\u00dfe Anzahl von Kisten und Boxen aller Gr\u00f6\u00dfen. Dies ist eine besonders spezialisierte Arbeit, die unsere Teams perfekt ausf\u00fchren!<\/p>\n<p><strong>Einsparungen bei der Umschlagzeit \u2013 Lifting your cargoes faster! &#8211; Ausgezeichneter Standort.<\/strong><\/p>\n<p>Wir wickeln Ihre Projektladung schnell und pr\u00e4zise ab, indem wir unsere mobilen Hafenkrane mit einer Kapazit\u00e4t von <strong>2 x 208 Tonnen und 144 Tonnen<\/strong> in Kombination mit unseren Hochgeschwindigkeits-Mehrzweck-Hafenkranen und unserem eigenen schnellen Verarbeitungssystem f\u00fcr Schwergut einsetzen. Eine Zeitersparnis bis zu 50 % beim Umschlag ist m\u00f6glich. Unser Terminal hat aufgrund der kurzen Entfernung zum Ruhrgebiet, Antwerpen und anderen Industriegebieten eine hervorragende Lage f\u00fcr FOB-Lieferungen.\u00a0<\/p>\n<p><strong>Flexibel und projektspediteurfreundlich<\/strong><\/p>\n<p>Viele unserer Kunden sind im Projekt-Speditionsbereich t\u00e4tig. Au\u00dfer unserer Flexibilit\u00e4t bevorzugen unsere Kunden die Zusammenarbeit mit uns, da wir keine logistischen Aktivit\u00e4ten wie das Chartern von Schiffen oder das Buchen von Fracht ausf\u00fchren. Wir sind zu 100 % unabh\u00e4ngig, sodass kein Interessenkonflikt besteht. Dies ist einer der Gr\u00fcnde, warum Sie sich bei der Zusammenarbeit mit uns auf volle Transparenz und Vertraulichkeit Ihrer Frachtinformationen und der damit verbundenen Dokumente verlassen k\u00f6nnen.<\/p>\n<p><strong>Ihre Ladung, unsere Sorge!<\/strong><\/p>\n<p>Unsere Teams sind professionell, erfahren und flexibel.<\/p>\n<p><strong>Krankraft! Sie sagen es, wir k\u00fcmmern uns darum<\/strong><\/p>\n<p>Unsere <a href=\"https:\/\/www.rhb.nl\/de\/schwere-hafenkrane-fuer-projektladung-schwerlast-auch-zu-vermieten-rotterdam\/\">208-Tonnen- und 144-Tonnen-Schwerlastkrane<\/a>, die im Tandem &gt; 300 Tonnen Hubkraft besitzen, eignen sich perfekt f\u00fcr die schnelle und genaue Verarbeitung schwerer G\u00fcter wie: demontierte \u00d6l- und Gasanlagen, mobile Hafenkrane, Generatoren, Dieselmotoren, Yachten, Schleppboote, Arbeitsschiffe, Kabeltrommeln, Minensiebe, Tunnelbohrmaschinen, Stahlrohre, Bojen, Anker, Bagger, Lokomotiven, Schaufeln, Autoklaven, Schiffsverladearme, Spannvorrichtungen und noch viel mehr.<\/p>\n","protected":false},"excerpt":{"rendered":"<p>Die Stauerei RHB spezialisiert sich auf Umschlag und Lagerung von Projektladung wie Transformatoren, Turbinen, T\u00fcrme, Maschinenh\u00e4user und Rotorbl\u00e4tter f\u00fcr Windkraftanlagen, Tunnelbohrmaschinen, Lokomotiven, zerlegte Krane und Motoren bis zu einem St\u00fcckgewicht von 208 Tonnen. Mit einem ausgezeichneten Standort f\u00fcr FOB-Lieferungen, kristallklaren Preisen und es ist gut zu wissen, dass keine \u201eSlinging Expenses\u201c wie in Antwerpen anfallen&#8230;. <\/p>\n<div class=\"clear\"><\/div>\n<p><a href=\"https:\/\/www.rhb.nl\/de\/stauerei\/spezialist-fur-projektladung\/\" class=\"excerpt-read-more\">Learn More<i class=\"fa fa-angle-double-right icon-double-angle-right\"><\/i><\/a><\/p>\n","protected":false},"author":1,"featured_media":0,"parent":8578,"menu_order":0,"comment_status":"closed","ping_status":"closed","template":"","meta":{"_acf_changed":false,"footnotes":""},"class_list":["post-8699","page","type-page","status-publish","hentry"],"acf":[],"yoast_head":"<!-- This site is optimized with the Yoast SEO plugin v27.3 - https:\/\/yoast.com\/product\/yoast-seo-wordpress\/ -->\n<title>Spezialist f\u00fcr Projektladung | RHB Stevedoring &amp; Warehousing<\/title>\n<meta name=\"description\" content=\"RHB is ein spezialist f\u00fcr Projektladung. Prjektladungen enthalten neben einigen schweren G\u00fctern h\u00e4ufig eine gro\u00dfe Anzahl von Kisten.\" \/>\n<meta name=\"robots\" content=\"index, follow, max-snippet:-1, max-image-preview:large, max-video-preview:-1\" \/>\n<link rel=\"canonical\" href=\"https:\/\/www.rhb.nl\/de\/stauerei\/spezialist-fur-projektladung\/\" \/>\n<meta property=\"og:locale\" content=\"de_DE\" \/>\n<meta property=\"og:type\" content=\"article\" \/>\n<meta property=\"og:title\" content=\"Spezialist f\u00fcr Projektladung | RHB Stevedoring &amp; Warehousing\" \/>\n<meta property=\"og:description\" content=\"RHB is ein spezialist f\u00fcr Projektladung. Prjektladungen enthalten neben einigen schweren G\u00fctern h\u00e4ufig eine gro\u00dfe Anzahl von Kisten.\" \/>\n<meta property=\"og:url\" content=\"https:\/\/www.rhb.nl\/de\/stauerei\/spezialist-fur-projektladung\/\" \/>\n<meta property=\"og:site_name\" content=\"RHB Stevedoring &amp; Warehousing\" \/>\n<meta property=\"article:modified_time\" content=\"2024-02-11T16:21:45+00:00\" \/>\n<meta name=\"twitter:card\" content=\"summary_large_image\" \/>\n<meta name=\"twitter:label1\" content=\"Gesch\u00e4tzte Lesezeit\" \/>\n\t<meta name=\"twitter:data1\" content=\"2\u00a0Minuten\" \/>\n<script type=\"application\/ld+json\" class=\"yoast-schema-graph\">{\"@context\":\"https:\\\/\\\/schema.org\",\"@graph\":[{\"@type\":\"WebPage\",\"@id\":\"https:\\\/\\\/www.rhb.nl\\\/de\\\/stauerei\\\/spezialist-fur-projektladung\\\/\",\"url\":\"https:\\\/\\\/www.rhb.nl\\\/de\\\/stauerei\\\/spezialist-fur-projektladung\\\/\",\"name\":\"Spezialist f\u00fcr Projektladung | RHB Stevedoring &amp; Warehousing\",\"isPartOf\":{\"@id\":\"https:\\\/\\\/www.rhb.nl\\\/de\\\/#website\"},\"datePublished\":\"2019-12-30T13:16:16+00:00\",\"dateModified\":\"2024-02-11T16:21:45+00:00\",\"description\":\"RHB is ein spezialist f\u00fcr Projektladung. Prjektladungen enthalten neben einigen schweren G\u00fctern h\u00e4ufig eine gro\u00dfe Anzahl von Kisten.\",\"breadcrumb\":{\"@id\":\"https:\\\/\\\/www.rhb.nl\\\/de\\\/stauerei\\\/spezialist-fur-projektladung\\\/#breadcrumb\"},\"inLanguage\":\"de\",\"potentialAction\":[{\"@type\":\"ReadAction\",\"target\":[\"https:\\\/\\\/www.rhb.nl\\\/de\\\/stauerei\\\/spezialist-fur-projektladung\\\/\"]}]},{\"@type\":\"BreadcrumbList\",\"@id\":\"https:\\\/\\\/www.rhb.nl\\\/de\\\/stauerei\\\/spezialist-fur-projektladung\\\/#breadcrumb\",\"itemListElement\":[{\"@type\":\"ListItem\",\"position\":1,\"name\":\"Home\",\"item\":\"https:\\\/\\\/www.rhb.nl\\\/de\\\/\"},{\"@type\":\"ListItem\",\"position\":2,\"name\":\"Stauerei\",\"item\":\"https:\\\/\\\/www.rhb.nl\\\/de\\\/stauerei\\\/\"},{\"@type\":\"ListItem\",\"position\":3,\"name\":\"Spezialist f\u00fcr Projektladung\"}]},{\"@type\":\"WebSite\",\"@id\":\"https:\\\/\\\/www.rhb.nl\\\/de\\\/#website\",\"url\":\"https:\\\/\\\/www.rhb.nl\\\/de\\\/\",\"name\":\"RHB Stevedoring &amp; Warehousing\",\"description\":\"\",\"publisher\":{\"@id\":\"https:\\\/\\\/www.rhb.nl\\\/de\\\/#organization\"},\"potentialAction\":[{\"@type\":\"SearchAction\",\"target\":{\"@type\":\"EntryPoint\",\"urlTemplate\":\"https:\\\/\\\/www.rhb.nl\\\/de\\\/?s={search_term_string}\"},\"query-input\":{\"@type\":\"PropertyValueSpecification\",\"valueRequired\":true,\"valueName\":\"search_term_string\"}}],\"inLanguage\":\"de\"},{\"@type\":\"Organization\",\"@id\":\"https:\\\/\\\/www.rhb.nl\\\/de\\\/#organization\",\"name\":\"RHB Stevedoring & Warehousing\",\"url\":\"https:\\\/\\\/www.rhb.nl\\\/de\\\/\",\"logo\":{\"@type\":\"ImageObject\",\"inLanguage\":\"de\",\"@id\":\"https:\\\/\\\/www.rhb.nl\\\/de\\\/#\\\/schema\\\/logo\\\/image\\\/\",\"url\":\"https:\\\/\\\/www.rhb.nl\\\/wp-content\\\/uploads\\\/rhb-logo-white.png\",\"contentUrl\":\"https:\\\/\\\/www.rhb.nl\\\/wp-content\\\/uploads\\\/rhb-logo-white.png\",\"width\":86,\"height\":78,\"caption\":\"RHB Stevedoring & Warehousing\"},\"image\":{\"@id\":\"https:\\\/\\\/www.rhb.nl\\\/de\\\/#\\\/schema\\\/logo\\\/image\\\/\"}}]}<\/script>\n<!-- \/ Yoast SEO plugin. -->","yoast_head_json":{"title":"Spezialist f\u00fcr Projektladung | RHB Stevedoring &amp; Warehousing","description":"RHB is ein spezialist f\u00fcr Projektladung. Prjektladungen enthalten neben einigen schweren G\u00fctern h\u00e4ufig eine gro\u00dfe Anzahl von Kisten.","robots":{"index":"index","follow":"follow","max-snippet":"max-snippet:-1","max-image-preview":"max-image-preview:large","max-video-preview":"max-video-preview:-1"},"canonical":"https:\/\/www.rhb.nl\/de\/stauerei\/spezialist-fur-projektladung\/","og_locale":"de_DE","og_type":"article","og_title":"Spezialist f\u00fcr Projektladung | RHB Stevedoring &amp; Warehousing","og_description":"RHB is ein spezialist f\u00fcr Projektladung. Prjektladungen enthalten neben einigen schweren G\u00fctern h\u00e4ufig eine gro\u00dfe Anzahl von Kisten.","og_url":"https:\/\/www.rhb.nl\/de\/stauerei\/spezialist-fur-projektladung\/","og_site_name":"RHB Stevedoring &amp; Warehousing","article_modified_time":"2024-02-11T16:21:45+00:00","twitter_card":"summary_large_image","twitter_misc":{"Gesch\u00e4tzte Lesezeit":"2\u00a0Minuten"},"schema":{"@context":"https:\/\/schema.org","@graph":[{"@type":"WebPage","@id":"https:\/\/www.rhb.nl\/de\/stauerei\/spezialist-fur-projektladung\/","url":"https:\/\/www.rhb.nl\/de\/stauerei\/spezialist-fur-projektladung\/","name":"Spezialist f\u00fcr Projektladung | RHB Stevedoring &amp; Warehousing","isPartOf":{"@id":"https:\/\/www.rhb.nl\/de\/#website"},"datePublished":"2019-12-30T13:16:16+00:00","dateModified":"2024-02-11T16:21:45+00:00","description":"RHB is ein spezialist f\u00fcr Projektladung. Prjektladungen enthalten neben einigen schweren G\u00fctern h\u00e4ufig eine gro\u00dfe Anzahl von Kisten.","breadcrumb":{"@id":"https:\/\/www.rhb.nl\/de\/stauerei\/spezialist-fur-projektladung\/#breadcrumb"},"inLanguage":"de","potentialAction":[{"@type":"ReadAction","target":["https:\/\/www.rhb.nl\/de\/stauerei\/spezialist-fur-projektladung\/"]}]},{"@type":"BreadcrumbList","@id":"https:\/\/www.rhb.nl\/de\/stauerei\/spezialist-fur-projektladung\/#breadcrumb","itemListElement":[{"@type":"ListItem","position":1,"name":"Home","item":"https:\/\/www.rhb.nl\/de\/"},{"@type":"ListItem","position":2,"name":"Stauerei","item":"https:\/\/www.rhb.nl\/de\/stauerei\/"},{"@type":"ListItem","position":3,"name":"Spezialist f\u00fcr Projektladung"}]},{"@type":"WebSite","@id":"https:\/\/www.rhb.nl\/de\/#website","url":"https:\/\/www.rhb.nl\/de\/","name":"RHB Stevedoring &amp; Warehousing","description":"","publisher":{"@id":"https:\/\/www.rhb.nl\/de\/#organization"},"potentialAction":[{"@type":"SearchAction","target":{"@type":"EntryPoint","urlTemplate":"https:\/\/www.rhb.nl\/de\/?s={search_term_string}"},"query-input":{"@type":"PropertyValueSpecification","valueRequired":true,"valueName":"search_term_string"}}],"inLanguage":"de"},{"@type":"Organization","@id":"https:\/\/www.rhb.nl\/de\/#organization","name":"RHB Stevedoring & Warehousing","url":"https:\/\/www.rhb.nl\/de\/","logo":{"@type":"ImageObject","inLanguage":"de","@id":"https:\/\/www.rhb.nl\/de\/#\/schema\/logo\/image\/","url":"https:\/\/www.rhb.nl\/wp-content\/uploads\/rhb-logo-white.png","contentUrl":"https:\/\/www.rhb.nl\/wp-content\/uploads\/rhb-logo-white.png","width":86,"height":78,"caption":"RHB Stevedoring & Warehousing"},"image":{"@id":"https:\/\/www.rhb.nl\/de\/#\/schema\/logo\/image\/"}}]}},"_links":{"self":[{"href":"https:\/\/www.rhb.nl\/de\/wp-json\/wp\/v2\/pages\/8699","targetHints":{"allow":["GET"]}}],"collection":[{"href":"https:\/\/www.rhb.nl\/de\/wp-json\/wp\/v2\/pages"}],"about":[{"href":"https:\/\/www.rhb.nl\/de\/wp-json\/wp\/v2\/types\/page"}],"author":[{"embeddable":true,"href":"https:\/\/www.rhb.nl\/de\/wp-json\/wp\/v2\/users\/1"}],"replies":[{"embeddable":true,"href":"https:\/\/www.rhb.nl\/de\/wp-json\/wp\/v2\/comments?post=8699"}],"version-history":[{"count":5,"href":"https:\/\/www.rhb.nl\/de\/wp-json\/wp\/v2\/pages\/8699\/revisions"}],"predecessor-version":[{"id":11070,"href":"https:\/\/www.rhb.nl\/de\/wp-json\/wp\/v2\/pages\/8699\/revisions\/11070"}],"up":[{"embeddable":true,"href":"https:\/\/www.rhb.nl\/de\/wp-json\/wp\/v2\/pages\/8578"}],"wp:attachment":[{"href":"https:\/\/www.rhb.nl\/de\/wp-json\/wp\/v2\/media?parent=8699"}],"curies":[{"name":"wp","href":"https:\/\/api.w.org\/{rel}","templated":true}]}}