



{"id":8742,"date":"2019-12-30T14:24:17","date_gmt":"2019-12-30T13:24:17","guid":{"rendered":"https:\/\/www.rhb.nl\/?page_id=8742"},"modified":"2024-10-07T16:10:12","modified_gmt":"2024-10-07T14:10:12","slug":"schwerlast-stauerei-rotterdam","status":"publish","type":"page","link":"https:\/\/www.rhb.nl\/de\/stauerei\/schwerlast-stauerei-rotterdam\/","title":{"rendered":"Schwerlast-Stauerei Rotterdam"},"content":{"rendered":"<p><h2 class=\"gdlr-heading-shortcode \"  style=\"color: #7fb610;font-size: 18px;font-weight: bold;\" >Schwergut \/ Frachtterminal - Spezialist - Rotterdam<\/h2>\n<\/p>\n<p><strong>Schwerlasthandling<\/strong><\/p>\n<p>An einem sicheren und ruhigen Ort im Waalhaven arbeiten wir als Stauerei und laden, entladen und lagern Ihre schweren Ladungen mit unseren <strong>mobilen Hafenkranen mit einer Kapazit\u00e4t von 2 x 208\u00a0 Tonnen + 144 Tonnen<\/strong> oder mit den <strong>Schwimmkranen<\/strong> unserer Partner zu besonders g\u00fcnstigen Konditionen. Es werden keine <em>Mobilisierungskosten<\/em> in Rechnung gestellt, wenn die Schiffskrane vorhanden und geeignet sind. All dies zu kristallklaren Preisen und es ist gut zu wissen, dass keine zus\u00e4tzlichen \u201eSlinging Expenses\u201c wie im Hafen von Antwerpen anfallen. Der Schwertransport von und zu unserem Kai unterliegt keinen Einschr\u00e4nkungen.<\/p>\n<p><strong>Schwimmkr\u00e4ne und Kr\u00e4ne<\/strong><\/p>\n<p>Laden, Entladen und Umschlag dieser speziellen Einheiten erfolgt in unserem eigenen Stauterminal RHB Stevedoring &amp; Warehousing in Rotterdam. Wenn der Einsatz von drei oder mehr Schwimmkr\u00e4nen erforderlich ist, arbeiten wir auf den <a href=\"https:\/\/www.rhb.nl\/de\/schwere-hafenkrane-fuer-projektladung-schwerlast-auch-zu-vermieten-rotterdam\/schwimmkraene-kraene\/\">Bojen<\/a> von Rotterdam. Die Schwimmkrane in Rotterdam haben eine Kapazit\u00e4t von 2.200 Tonnen. Diese schwimmenden Krane liegen in einem Abstand von 15 Minuten von unserem Schwergutterminal im Waalhaven. Dadurch k\u00f6nnen wir im Vergleich zu beispielsweise der Maasvlakte sehr g\u00fcnstige Tarife anbieten.<\/p>\n<p>Die mobilen Hafenkrane mit eine Kapazit\u00e4t von 208 Tonnen + 208 Tonnen und 144 Tonnen sind perfekt f\u00fcr die sichere und genaue Verarbeitung geeignet. Im Tandem heben sie &gt; 300 Tonnen<\/p>\n<p><strong>Flexibel und schwerlastspediteurfreundlich<\/strong><\/p>\n<p>Viele unserer Kunden sind im Speditionsbereich f\u00fcr schwere Ladung t\u00e4tig. Au\u00dfer unserer Flexibilit\u00e4t bevorzugen unsere Kunden die Zusammenarbeit mit uns, da wir keine logistischen Aktivit\u00e4ten wie das Chartern von Schiffen oder das Buchen von Fracht ausf\u00fchren. Wir sind zu 100 % unabh\u00e4ngig, sodass kein Interessenkonflikt besteht. Dies ist einer der Gr\u00fcnde, warum Sie sich bei der Zusammenarbeit mit uns auf volle Transparenz und Vertraulichkeit Ihrer Frachtinformationen und der damit verbundenen Dokumente verlassen k\u00f6nnen.<\/p>\n<p><strong>Lagerung drinnen oder drau\u00dfen<\/strong><\/p>\n<p>Wir besitzen spezielle <a href=\"https:\/\/www.rhb.nl\/de\/lager-transit-zollgut\/\">Lager<\/a> f\u00fcr Schwergut \u2013 asphaltiert und abgeschlossen \u2013 und bieten Lager mit einer T\u00fcrbreite von 10 Metern an!<\/p>\n<p><strong>Zurren und Sichern von Packgut, Lsd, Seefracht und L\u00f6sen schwerer G\u00fcter<\/strong><\/p>\n<p>Arbeiten wie L\u00f6sen, Brennen, Schleifen, Kerben, Schwei\u00dfen, Zurren, Sichern und Hochseesicherung werden von professionellen Partnern durchgef\u00fchrt. Unter bestimmten Voraussetzungen ist es auch m\u00f6glich, eigene Vertragspartner hinzuzuziehen.<\/p>\n<p><strong>Behandlung von<\/strong><\/p>\n<p>in Teilen zu versendenden \u00d6l- und Gasanlagen, mobilen Hafenkranen. Transformatoren, Generatoren, Turbinen, Dieselmotoren, Yachten, Schleppboote, Arbeitsschiffe, Kabeltrommeln, Teile von Windkraftanlagen wie T\u00fcrme, Maschinenh\u00e4user und Rotorbl\u00e4tter, Tunnelbohrmaschinen, Stahlrohre, Bojen, Anker, Bagger, Lokomotiven, Schaufeln, Autoklaven, Spannvorrichtungen, mobile Krane, <strong><a href=\"https:\/\/www.rhb.nl\/de\/rotterdam-offshore-stauerei-terminal-schiffsmobilisierung-rhb\/\"><span style=\"color: #339966;\">Offshore-Ladung<\/span><\/a>.<\/strong> Sie sagen es, wir k\u00fcmmern uns darum.<\/p>\n","protected":false},"excerpt":{"rendered":"<p>Schwerlasthandling An einem sicheren und ruhigen Ort im Waalhaven arbeiten wir als Stauerei und laden, entladen und lagern Ihre schweren Ladungen mit unseren mobilen Hafenkranen mit einer Kapazit\u00e4t von 2 x 208\u00a0 Tonnen + 144 Tonnen oder mit den Schwimmkranen unserer Partner zu besonders g\u00fcnstigen Konditionen. Es werden keine Mobilisierungskosten in Rechnung gestellt, wenn die&#8230; <\/p>\n<div class=\"clear\"><\/div>\n<p><a href=\"https:\/\/www.rhb.nl\/de\/stauerei\/schwerlast-stauerei-rotterdam\/\" class=\"excerpt-read-more\">Learn More<i class=\"fa fa-angle-double-right icon-double-angle-right\"><\/i><\/a><\/p>\n","protected":false},"author":1,"featured_media":0,"parent":8578,"menu_order":0,"comment_status":"closed","ping_status":"closed","template":"","meta":{"_acf_changed":false,"footnotes":""},"class_list":["post-8742","page","type-page","status-publish","hentry"],"acf":[],"yoast_head":"<!-- This site is optimized with the Yoast SEO plugin v27.3 - https:\/\/yoast.com\/product\/yoast-seo-wordpress\/ -->\n<title>Schwerlast-Stauerei Rotterdam - RHB Stevedoring &amp; Warehousing<\/title>\n<meta name=\"description\" content=\"An einem sicheren und ruhigen Ort im Rotterdam arbeiten wir als Schwerlast-Stauerei und laden, entladen und lagern Ihre schweren Ladungen.\" \/>\n<meta name=\"robots\" content=\"index, follow, max-snippet:-1, max-image-preview:large, max-video-preview:-1\" \/>\n<link rel=\"canonical\" href=\"https:\/\/www.rhb.nl\/de\/stauerei\/schwerlast-stauerei-rotterdam\/\" \/>\n<meta property=\"og:locale\" content=\"de_DE\" \/>\n<meta property=\"og:type\" content=\"article\" \/>\n<meta property=\"og:title\" content=\"Schwerlast-Stauerei Rotterdam - RHB Stevedoring &amp; Warehousing\" \/>\n<meta property=\"og:description\" content=\"An einem sicheren und ruhigen Ort im Rotterdam arbeiten wir als Schwerlast-Stauerei und laden, entladen und lagern Ihre schweren Ladungen.\" \/>\n<meta property=\"og:url\" content=\"https:\/\/www.rhb.nl\/de\/stauerei\/schwerlast-stauerei-rotterdam\/\" \/>\n<meta property=\"og:site_name\" content=\"RHB Stevedoring &amp; Warehousing\" \/>\n<meta property=\"article:modified_time\" content=\"2024-10-07T14:10:12+00:00\" \/>\n<meta name=\"twitter:card\" content=\"summary_large_image\" \/>\n<meta name=\"twitter:label1\" content=\"Gesch\u00e4tzte Lesezeit\" \/>\n\t<meta name=\"twitter:data1\" content=\"2\u00a0Minuten\" \/>\n<script type=\"application\/ld+json\" class=\"yoast-schema-graph\">{\"@context\":\"https:\\\/\\\/schema.org\",\"@graph\":[{\"@type\":\"WebPage\",\"@id\":\"https:\\\/\\\/www.rhb.nl\\\/de\\\/stauerei\\\/schwerlast-stauerei-rotterdam\\\/\",\"url\":\"https:\\\/\\\/www.rhb.nl\\\/de\\\/stauerei\\\/schwerlast-stauerei-rotterdam\\\/\",\"name\":\"Schwerlast-Stauerei Rotterdam - RHB Stevedoring &amp; Warehousing\",\"isPartOf\":{\"@id\":\"https:\\\/\\\/www.rhb.nl\\\/de\\\/#website\"},\"datePublished\":\"2019-12-30T13:24:17+00:00\",\"dateModified\":\"2024-10-07T14:10:12+00:00\",\"description\":\"An einem sicheren und ruhigen Ort im Rotterdam arbeiten wir als Schwerlast-Stauerei und laden, entladen und lagern Ihre schweren Ladungen.\",\"breadcrumb\":{\"@id\":\"https:\\\/\\\/www.rhb.nl\\\/de\\\/stauerei\\\/schwerlast-stauerei-rotterdam\\\/#breadcrumb\"},\"inLanguage\":\"de\",\"potentialAction\":[{\"@type\":\"ReadAction\",\"target\":[\"https:\\\/\\\/www.rhb.nl\\\/de\\\/stauerei\\\/schwerlast-stauerei-rotterdam\\\/\"]}]},{\"@type\":\"BreadcrumbList\",\"@id\":\"https:\\\/\\\/www.rhb.nl\\\/de\\\/stauerei\\\/schwerlast-stauerei-rotterdam\\\/#breadcrumb\",\"itemListElement\":[{\"@type\":\"ListItem\",\"position\":1,\"name\":\"Home\",\"item\":\"https:\\\/\\\/www.rhb.nl\\\/de\\\/\"},{\"@type\":\"ListItem\",\"position\":2,\"name\":\"Stauerei\",\"item\":\"https:\\\/\\\/www.rhb.nl\\\/de\\\/stauerei\\\/\"},{\"@type\":\"ListItem\",\"position\":3,\"name\":\"Schwerlast-Stauerei Rotterdam\"}]},{\"@type\":\"WebSite\",\"@id\":\"https:\\\/\\\/www.rhb.nl\\\/de\\\/#website\",\"url\":\"https:\\\/\\\/www.rhb.nl\\\/de\\\/\",\"name\":\"RHB Stevedoring &amp; Warehousing\",\"description\":\"\",\"publisher\":{\"@id\":\"https:\\\/\\\/www.rhb.nl\\\/de\\\/#organization\"},\"potentialAction\":[{\"@type\":\"SearchAction\",\"target\":{\"@type\":\"EntryPoint\",\"urlTemplate\":\"https:\\\/\\\/www.rhb.nl\\\/de\\\/?s={search_term_string}\"},\"query-input\":{\"@type\":\"PropertyValueSpecification\",\"valueRequired\":true,\"valueName\":\"search_term_string\"}}],\"inLanguage\":\"de\"},{\"@type\":\"Organization\",\"@id\":\"https:\\\/\\\/www.rhb.nl\\\/de\\\/#organization\",\"name\":\"RHB Stevedoring & Warehousing\",\"url\":\"https:\\\/\\\/www.rhb.nl\\\/de\\\/\",\"logo\":{\"@type\":\"ImageObject\",\"inLanguage\":\"de\",\"@id\":\"https:\\\/\\\/www.rhb.nl\\\/de\\\/#\\\/schema\\\/logo\\\/image\\\/\",\"url\":\"https:\\\/\\\/www.rhb.nl\\\/wp-content\\\/uploads\\\/rhb-logo-white.png\",\"contentUrl\":\"https:\\\/\\\/www.rhb.nl\\\/wp-content\\\/uploads\\\/rhb-logo-white.png\",\"width\":86,\"height\":78,\"caption\":\"RHB Stevedoring & Warehousing\"},\"image\":{\"@id\":\"https:\\\/\\\/www.rhb.nl\\\/de\\\/#\\\/schema\\\/logo\\\/image\\\/\"}}]}<\/script>\n<!-- \/ Yoast SEO plugin. -->","yoast_head_json":{"title":"Schwerlast-Stauerei Rotterdam - RHB Stevedoring &amp; Warehousing","description":"An einem sicheren und ruhigen Ort im Rotterdam arbeiten wir als Schwerlast-Stauerei und laden, entladen und lagern Ihre schweren Ladungen.","robots":{"index":"index","follow":"follow","max-snippet":"max-snippet:-1","max-image-preview":"max-image-preview:large","max-video-preview":"max-video-preview:-1"},"canonical":"https:\/\/www.rhb.nl\/de\/stauerei\/schwerlast-stauerei-rotterdam\/","og_locale":"de_DE","og_type":"article","og_title":"Schwerlast-Stauerei Rotterdam - RHB Stevedoring &amp; Warehousing","og_description":"An einem sicheren und ruhigen Ort im Rotterdam arbeiten wir als Schwerlast-Stauerei und laden, entladen und lagern Ihre schweren Ladungen.","og_url":"https:\/\/www.rhb.nl\/de\/stauerei\/schwerlast-stauerei-rotterdam\/","og_site_name":"RHB Stevedoring &amp; Warehousing","article_modified_time":"2024-10-07T14:10:12+00:00","twitter_card":"summary_large_image","twitter_misc":{"Gesch\u00e4tzte Lesezeit":"2\u00a0Minuten"},"schema":{"@context":"https:\/\/schema.org","@graph":[{"@type":"WebPage","@id":"https:\/\/www.rhb.nl\/de\/stauerei\/schwerlast-stauerei-rotterdam\/","url":"https:\/\/www.rhb.nl\/de\/stauerei\/schwerlast-stauerei-rotterdam\/","name":"Schwerlast-Stauerei Rotterdam - RHB Stevedoring &amp; Warehousing","isPartOf":{"@id":"https:\/\/www.rhb.nl\/de\/#website"},"datePublished":"2019-12-30T13:24:17+00:00","dateModified":"2024-10-07T14:10:12+00:00","description":"An einem sicheren und ruhigen Ort im Rotterdam arbeiten wir als Schwerlast-Stauerei und laden, entladen und lagern Ihre schweren Ladungen.","breadcrumb":{"@id":"https:\/\/www.rhb.nl\/de\/stauerei\/schwerlast-stauerei-rotterdam\/#breadcrumb"},"inLanguage":"de","potentialAction":[{"@type":"ReadAction","target":["https:\/\/www.rhb.nl\/de\/stauerei\/schwerlast-stauerei-rotterdam\/"]}]},{"@type":"BreadcrumbList","@id":"https:\/\/www.rhb.nl\/de\/stauerei\/schwerlast-stauerei-rotterdam\/#breadcrumb","itemListElement":[{"@type":"ListItem","position":1,"name":"Home","item":"https:\/\/www.rhb.nl\/de\/"},{"@type":"ListItem","position":2,"name":"Stauerei","item":"https:\/\/www.rhb.nl\/de\/stauerei\/"},{"@type":"ListItem","position":3,"name":"Schwerlast-Stauerei Rotterdam"}]},{"@type":"WebSite","@id":"https:\/\/www.rhb.nl\/de\/#website","url":"https:\/\/www.rhb.nl\/de\/","name":"RHB Stevedoring &amp; Warehousing","description":"","publisher":{"@id":"https:\/\/www.rhb.nl\/de\/#organization"},"potentialAction":[{"@type":"SearchAction","target":{"@type":"EntryPoint","urlTemplate":"https:\/\/www.rhb.nl\/de\/?s={search_term_string}"},"query-input":{"@type":"PropertyValueSpecification","valueRequired":true,"valueName":"search_term_string"}}],"inLanguage":"de"},{"@type":"Organization","@id":"https:\/\/www.rhb.nl\/de\/#organization","name":"RHB Stevedoring & Warehousing","url":"https:\/\/www.rhb.nl\/de\/","logo":{"@type":"ImageObject","inLanguage":"de","@id":"https:\/\/www.rhb.nl\/de\/#\/schema\/logo\/image\/","url":"https:\/\/www.rhb.nl\/wp-content\/uploads\/rhb-logo-white.png","contentUrl":"https:\/\/www.rhb.nl\/wp-content\/uploads\/rhb-logo-white.png","width":86,"height":78,"caption":"RHB Stevedoring & Warehousing"},"image":{"@id":"https:\/\/www.rhb.nl\/de\/#\/schema\/logo\/image\/"}}]}},"_links":{"self":[{"href":"https:\/\/www.rhb.nl\/de\/wp-json\/wp\/v2\/pages\/8742","targetHints":{"allow":["GET"]}}],"collection":[{"href":"https:\/\/www.rhb.nl\/de\/wp-json\/wp\/v2\/pages"}],"about":[{"href":"https:\/\/www.rhb.nl\/de\/wp-json\/wp\/v2\/types\/page"}],"author":[{"embeddable":true,"href":"https:\/\/www.rhb.nl\/de\/wp-json\/wp\/v2\/users\/1"}],"replies":[{"embeddable":true,"href":"https:\/\/www.rhb.nl\/de\/wp-json\/wp\/v2\/comments?post=8742"}],"version-history":[{"count":6,"href":"https:\/\/www.rhb.nl\/de\/wp-json\/wp\/v2\/pages\/8742\/revisions"}],"predecessor-version":[{"id":11275,"href":"https:\/\/www.rhb.nl\/de\/wp-json\/wp\/v2\/pages\/8742\/revisions\/11275"}],"up":[{"embeddable":true,"href":"https:\/\/www.rhb.nl\/de\/wp-json\/wp\/v2\/pages\/8578"}],"wp:attachment":[{"href":"https:\/\/www.rhb.nl\/de\/wp-json\/wp\/v2\/media?parent=8742"}],"curies":[{"name":"wp","href":"https:\/\/api.w.org\/{rel}","templated":true}]}}