



{"id":8777,"date":"2019-12-30T14:28:06","date_gmt":"2019-12-30T13:28:06","guid":{"rendered":"https:\/\/www.rhb.nl\/?page_id=8777"},"modified":"2024-02-11T17:56:09","modified_gmt":"2024-02-11T16:56:09","slug":"verkauf-von-spreadern-hafenkranen-stauereimaterial","status":"publish","type":"page","link":"https:\/\/www.rhb.nl\/de\/verkauf-von-spreadern-hafenkranen-stauereimaterial\/","title":{"rendered":"Verkauf von Container Spreadern, Hafenkranen, Stauereimaterial"},"content":{"rendered":"<p><h2 class=\"gdlr-heading-shortcode \"  style=\"color: #7fb610;font-size: 18px;font-weight: bold;\" >Verkauf von Containerspreadern und Hafenkranen<\/h2>\n<\/p>\n<h3>Zu verkaufen: gebrauchte Containerspreader halbautomatisch &#8211; Autotwist &amp; handbetrieben<\/h3>\n<p>Gebrauchte SEMI-AUTOMATIC 20 FUSS &#8211; 40 FUSS CONTAINERSPREADER &#8211; AUTOTWIST Stinis Rahmen<br \/>\n28 T Kap &#8211; 32 T Kap &#8211; 35 T &#8211; 37 T &#8211; 45 T Kap. <br \/>\nAbmessungen <br \/>\n\u00a0 606 x 244 x 80 cm &#8211; Gewicht ca. 2500 Kos Autotwist<br \/>\n1220 x 244 x 80 cm &#8211; Gewicht ca. 3500 Kos Autotwist<\/p>\n<p>Weitere Informationen zum Verkauf von Kontainerspreadern erhalten Sie unter <a href=\"mailto:office@rhb.nl\">office@rhb.nl<\/a><br \/>\nDie Containerspreader sind zertifiziert und in gutem Zustand.<\/p>\n<p>&nbsp;<\/p>\n","protected":false},"excerpt":{"rendered":"<p>Zu verkaufen: gebrauchte Containerspreader halbautomatisch &#8211; Autotwist &amp; handbetrieben Gebrauchte SEMI-AUTOMATIC 20 FUSS &#8211; 40 FUSS CONTAINERSPREADER &#8211; AUTOTWIST Stinis Rahmen 28 T Kap &#8211; 32 T Kap &#8211; 35 T &#8211; 37 T &#8211; 45 T Kap. Abmessungen \u00a0 606 x 244 x 80 cm &#8211; Gewicht ca. 2500 Kos Autotwist 1220 x 244&#8230; <\/p>\n<div class=\"clear\"><\/div>\n<p><a href=\"https:\/\/www.rhb.nl\/de\/verkauf-von-spreadern-hafenkranen-stauereimaterial\/\" class=\"excerpt-read-more\">Learn More<i class=\"fa fa-angle-double-right icon-double-angle-right\"><\/i><\/a><\/p>\n","protected":false},"author":1,"featured_media":0,"parent":0,"menu_order":0,"comment_status":"closed","ping_status":"closed","template":"","meta":{"_acf_changed":false,"footnotes":""},"class_list":["post-8777","page","type-page","status-publish","hentry"],"acf":[],"yoast_head":"<!-- This site is optimized with the Yoast SEO plugin v27.3 - https:\/\/yoast.com\/product\/yoast-seo-wordpress\/ -->\n<title>Verkauf Container Spreader &amp; Hafenkr\u00e4ne - RHB Rotterdam<\/title>\n<meta name=\"description\" content=\"Verkauf von Container Spreadern - Rahmen gebraucht und Heben - Hafenkr\u00e4ne St\u00fcckgut oder Werft 25 Tonnen zu verkaufen.\" \/>\n<meta name=\"robots\" content=\"index, follow, max-snippet:-1, max-image-preview:large, max-video-preview:-1\" \/>\n<link rel=\"canonical\" href=\"https:\/\/www.rhb.nl\/de\/verkauf-von-spreadern-hafenkranen-stauereimaterial\/\" \/>\n<meta property=\"og:locale\" content=\"de_DE\" \/>\n<meta property=\"og:type\" content=\"article\" \/>\n<meta property=\"og:title\" content=\"Verkauf Container Spreader &amp; Hafenkr\u00e4ne - RHB Rotterdam\" \/>\n<meta property=\"og:description\" content=\"Verkauf von Container Spreadern - Rahmen gebraucht und Heben - Hafenkr\u00e4ne St\u00fcckgut oder Werft 25 Tonnen zu verkaufen.\" \/>\n<meta property=\"og:url\" content=\"https:\/\/www.rhb.nl\/de\/verkauf-von-spreadern-hafenkranen-stauereimaterial\/\" \/>\n<meta property=\"og:site_name\" content=\"RHB Stevedoring &amp; Warehousing\" \/>\n<meta property=\"article:modified_time\" content=\"2024-02-11T16:56:09+00:00\" \/>\n<meta name=\"twitter:card\" content=\"summary_large_image\" \/>\n<meta name=\"twitter:label1\" content=\"Gesch\u00e4tzte Lesezeit\" \/>\n\t<meta name=\"twitter:data1\" content=\"1\u00a0Minute\" \/>\n<script type=\"application\/ld+json\" class=\"yoast-schema-graph\">{\"@context\":\"https:\\\/\\\/schema.org\",\"@graph\":[{\"@type\":\"WebPage\",\"@id\":\"https:\\\/\\\/www.rhb.nl\\\/de\\\/verkauf-von-spreadern-hafenkranen-stauereimaterial\\\/\",\"url\":\"https:\\\/\\\/www.rhb.nl\\\/de\\\/verkauf-von-spreadern-hafenkranen-stauereimaterial\\\/\",\"name\":\"Verkauf Container Spreader & Hafenkr\u00e4ne - RHB Rotterdam\",\"isPartOf\":{\"@id\":\"https:\\\/\\\/www.rhb.nl\\\/de\\\/#website\"},\"datePublished\":\"2019-12-30T13:28:06+00:00\",\"dateModified\":\"2024-02-11T16:56:09+00:00\",\"description\":\"Verkauf von Container Spreadern - Rahmen gebraucht und Heben - Hafenkr\u00e4ne St\u00fcckgut oder Werft 25 Tonnen zu verkaufen.\",\"breadcrumb\":{\"@id\":\"https:\\\/\\\/www.rhb.nl\\\/de\\\/verkauf-von-spreadern-hafenkranen-stauereimaterial\\\/#breadcrumb\"},\"inLanguage\":\"de\",\"potentialAction\":[{\"@type\":\"ReadAction\",\"target\":[\"https:\\\/\\\/www.rhb.nl\\\/de\\\/verkauf-von-spreadern-hafenkranen-stauereimaterial\\\/\"]}]},{\"@type\":\"BreadcrumbList\",\"@id\":\"https:\\\/\\\/www.rhb.nl\\\/de\\\/verkauf-von-spreadern-hafenkranen-stauereimaterial\\\/#breadcrumb\",\"itemListElement\":[{\"@type\":\"ListItem\",\"position\":1,\"name\":\"Home\",\"item\":\"https:\\\/\\\/www.rhb.nl\\\/de\\\/\"},{\"@type\":\"ListItem\",\"position\":2,\"name\":\"Verkauf von Container Spreadern, Hafenkranen, Stauereimaterial\"}]},{\"@type\":\"WebSite\",\"@id\":\"https:\\\/\\\/www.rhb.nl\\\/de\\\/#website\",\"url\":\"https:\\\/\\\/www.rhb.nl\\\/de\\\/\",\"name\":\"RHB Stevedoring &amp; Warehousing\",\"description\":\"\",\"publisher\":{\"@id\":\"https:\\\/\\\/www.rhb.nl\\\/de\\\/#organization\"},\"potentialAction\":[{\"@type\":\"SearchAction\",\"target\":{\"@type\":\"EntryPoint\",\"urlTemplate\":\"https:\\\/\\\/www.rhb.nl\\\/de\\\/?s={search_term_string}\"},\"query-input\":{\"@type\":\"PropertyValueSpecification\",\"valueRequired\":true,\"valueName\":\"search_term_string\"}}],\"inLanguage\":\"de\"},{\"@type\":\"Organization\",\"@id\":\"https:\\\/\\\/www.rhb.nl\\\/de\\\/#organization\",\"name\":\"RHB Stevedoring & Warehousing\",\"url\":\"https:\\\/\\\/www.rhb.nl\\\/de\\\/\",\"logo\":{\"@type\":\"ImageObject\",\"inLanguage\":\"de\",\"@id\":\"https:\\\/\\\/www.rhb.nl\\\/de\\\/#\\\/schema\\\/logo\\\/image\\\/\",\"url\":\"https:\\\/\\\/www.rhb.nl\\\/wp-content\\\/uploads\\\/rhb-logo-white.png\",\"contentUrl\":\"https:\\\/\\\/www.rhb.nl\\\/wp-content\\\/uploads\\\/rhb-logo-white.png\",\"width\":86,\"height\":78,\"caption\":\"RHB Stevedoring & Warehousing\"},\"image\":{\"@id\":\"https:\\\/\\\/www.rhb.nl\\\/de\\\/#\\\/schema\\\/logo\\\/image\\\/\"}}]}<\/script>\n<!-- \/ Yoast SEO plugin. -->","yoast_head_json":{"title":"Verkauf Container Spreader & Hafenkr\u00e4ne - RHB Rotterdam","description":"Verkauf von Container Spreadern - Rahmen gebraucht und Heben - Hafenkr\u00e4ne St\u00fcckgut oder Werft 25 Tonnen zu verkaufen.","robots":{"index":"index","follow":"follow","max-snippet":"max-snippet:-1","max-image-preview":"max-image-preview:large","max-video-preview":"max-video-preview:-1"},"canonical":"https:\/\/www.rhb.nl\/de\/verkauf-von-spreadern-hafenkranen-stauereimaterial\/","og_locale":"de_DE","og_type":"article","og_title":"Verkauf Container Spreader & Hafenkr\u00e4ne - RHB Rotterdam","og_description":"Verkauf von Container Spreadern - Rahmen gebraucht und Heben - Hafenkr\u00e4ne St\u00fcckgut oder Werft 25 Tonnen zu verkaufen.","og_url":"https:\/\/www.rhb.nl\/de\/verkauf-von-spreadern-hafenkranen-stauereimaterial\/","og_site_name":"RHB Stevedoring &amp; Warehousing","article_modified_time":"2024-02-11T16:56:09+00:00","twitter_card":"summary_large_image","twitter_misc":{"Gesch\u00e4tzte Lesezeit":"1\u00a0Minute"},"schema":{"@context":"https:\/\/schema.org","@graph":[{"@type":"WebPage","@id":"https:\/\/www.rhb.nl\/de\/verkauf-von-spreadern-hafenkranen-stauereimaterial\/","url":"https:\/\/www.rhb.nl\/de\/verkauf-von-spreadern-hafenkranen-stauereimaterial\/","name":"Verkauf Container Spreader & Hafenkr\u00e4ne - RHB Rotterdam","isPartOf":{"@id":"https:\/\/www.rhb.nl\/de\/#website"},"datePublished":"2019-12-30T13:28:06+00:00","dateModified":"2024-02-11T16:56:09+00:00","description":"Verkauf von Container Spreadern - Rahmen gebraucht und Heben - Hafenkr\u00e4ne St\u00fcckgut oder Werft 25 Tonnen zu verkaufen.","breadcrumb":{"@id":"https:\/\/www.rhb.nl\/de\/verkauf-von-spreadern-hafenkranen-stauereimaterial\/#breadcrumb"},"inLanguage":"de","potentialAction":[{"@type":"ReadAction","target":["https:\/\/www.rhb.nl\/de\/verkauf-von-spreadern-hafenkranen-stauereimaterial\/"]}]},{"@type":"BreadcrumbList","@id":"https:\/\/www.rhb.nl\/de\/verkauf-von-spreadern-hafenkranen-stauereimaterial\/#breadcrumb","itemListElement":[{"@type":"ListItem","position":1,"name":"Home","item":"https:\/\/www.rhb.nl\/de\/"},{"@type":"ListItem","position":2,"name":"Verkauf von Container Spreadern, Hafenkranen, Stauereimaterial"}]},{"@type":"WebSite","@id":"https:\/\/www.rhb.nl\/de\/#website","url":"https:\/\/www.rhb.nl\/de\/","name":"RHB Stevedoring &amp; Warehousing","description":"","publisher":{"@id":"https:\/\/www.rhb.nl\/de\/#organization"},"potentialAction":[{"@type":"SearchAction","target":{"@type":"EntryPoint","urlTemplate":"https:\/\/www.rhb.nl\/de\/?s={search_term_string}"},"query-input":{"@type":"PropertyValueSpecification","valueRequired":true,"valueName":"search_term_string"}}],"inLanguage":"de"},{"@type":"Organization","@id":"https:\/\/www.rhb.nl\/de\/#organization","name":"RHB Stevedoring & Warehousing","url":"https:\/\/www.rhb.nl\/de\/","logo":{"@type":"ImageObject","inLanguage":"de","@id":"https:\/\/www.rhb.nl\/de\/#\/schema\/logo\/image\/","url":"https:\/\/www.rhb.nl\/wp-content\/uploads\/rhb-logo-white.png","contentUrl":"https:\/\/www.rhb.nl\/wp-content\/uploads\/rhb-logo-white.png","width":86,"height":78,"caption":"RHB Stevedoring & Warehousing"},"image":{"@id":"https:\/\/www.rhb.nl\/de\/#\/schema\/logo\/image\/"}}]}},"_links":{"self":[{"href":"https:\/\/www.rhb.nl\/de\/wp-json\/wp\/v2\/pages\/8777","targetHints":{"allow":["GET"]}}],"collection":[{"href":"https:\/\/www.rhb.nl\/de\/wp-json\/wp\/v2\/pages"}],"about":[{"href":"https:\/\/www.rhb.nl\/de\/wp-json\/wp\/v2\/types\/page"}],"author":[{"embeddable":true,"href":"https:\/\/www.rhb.nl\/de\/wp-json\/wp\/v2\/users\/1"}],"replies":[{"embeddable":true,"href":"https:\/\/www.rhb.nl\/de\/wp-json\/wp\/v2\/comments?post=8777"}],"version-history":[{"count":6,"href":"https:\/\/www.rhb.nl\/de\/wp-json\/wp\/v2\/pages\/8777\/revisions"}],"predecessor-version":[{"id":11093,"href":"https:\/\/www.rhb.nl\/de\/wp-json\/wp\/v2\/pages\/8777\/revisions\/11093"}],"wp:attachment":[{"href":"https:\/\/www.rhb.nl\/de\/wp-json\/wp\/v2\/media?parent=8777"}],"curies":[{"name":"wp","href":"https:\/\/api.w.org\/{rel}","templated":true}]}}