



{"id":8784,"date":"2019-12-30T14:32:16","date_gmt":"2019-12-30T13:32:16","guid":{"rendered":"https:\/\/www.rhb.nl\/?page_id=8784"},"modified":"2024-11-27T10:37:31","modified_gmt":"2024-11-27T09:37:31","slug":"schwere-hafenkrane-fuer-projektladung-schwerlast-auch-zu-vermieten-rotterdam","status":"publish","type":"page","link":"https:\/\/www.rhb.nl\/de\/schwere-hafenkrane-fuer-projektladung-schwerlast-auch-zu-vermieten-rotterdam\/","title":{"rendered":"Schwere Hafenkrane f\u00fcr Projektladung &#038; Schwerlast auch zu vermieten &#8211; Rotterdam"},"content":{"rendered":"<p><h2 class=\"gdlr-heading-shortcode \"  style=\"color: #7fb610;font-size: 18px;font-weight: bold;\" >Schwere Hafenkrane f\u00fcr Projektladung &amp; Schwergut 2 x 208 Tonnen<\/h2>\n<\/p>\n<p>RHB hat den schwersten mobilen Hafenkran der Welt erworben. Dieser Kran hat eine Hubleistung von 208 Tonnen und ist f\u00fcr den sicheren und schnellen Umschlag von industriellen Breakbulk-Ladungen, Schwergut und St\u00fcckgut ausgelegt. <strong>Die Zeitersparnis beim Umschlag kann bis zu 50% betragen und es fallen keine Mobilisierungskosten an.<\/strong> Ein gro\u00dfer Vorteil.<\/p>\n<h3>1. Mobiler Hafenkran f\u00fcr bis zu 208 Tonnen LHM 600S f\u00fcr Schwergut, Projektladung, Breakbulk<\/h3>\n<p><strong>Typ<\/strong>: Liebherr LHM 600 S Projektladung &amp; Mobiler Hafenkran f\u00fcr schwere Ladung<br \/>\n<strong>Hubkapazit\u00e4t<\/strong>: 208 Tonnen bei 21 Metern, 50 Tonnen bei 58 Metern.<br \/>\n<strong>Radius<\/strong>: max. 58 Meter<br \/>\n<strong>Hubh\u00f6he<\/strong>: max. 45 Meter<br \/>\n<strong>Im Tandem<\/strong>: &gt; 300 Tonnen<\/p>\n<h3>2. Mobiler Hafenkran f\u00fcr bis zu 208 Tonnen LHM 600 f\u00fcr Schwergut, Projektladung, Breakbulk<\/h3>\n<p><strong>Typ<\/strong>: Liebherr LHM 600 Projektladung &amp; Mobiler Hafenkran f\u00fcr schwere Ladung<br \/>\n<strong>Hubkapazit\u00e4t<\/strong>: 208 Tonnen bei 18 Metern, 48 Tonnen bei 58 Metern.<br \/>\n<strong>Radius<\/strong>: max. 58 Meter<br \/>\n<strong>Hubh\u00f6he<\/strong>: max. 45 Meter<br \/>\n<strong>Im Tandem<\/strong>: &gt; 300 Tonnen<\/p>\n<h3>3. Mobiler Hafenkran f\u00fcr bis zu 144 Tonnen LHM 550 f\u00fcr Schwergut, Projektladung, Breakbulk<\/h3>\n<p><strong>Typ<\/strong>: Liebherr LHM 550 Projektladung &amp; Mobiler Hafenkran f\u00fcr schwere Ladung<br \/>\n<strong>Hubkapazit\u00e4t<\/strong>: 144 Tonnen bei 21 Metern, 41 Tonnen bei 54 Metern.<br \/>\n<strong>Radius<\/strong>: max. 54 Meter<br \/>\n<strong>Hubh\u00f6he<\/strong>: max. 45 Meter<br \/>\n<strong>Im Tandem<\/strong>: 216 Tonnen\u00a0<\/p>\n<p>Zus\u00e4tzlich zu unseren Schwergutkranen setzen wir unsere elektrische Hafenkr\u00e4ne und <a href=\"https:\/\/www.rhb.nl\/de\/schwere-hafenkrane-fuer-projektladung-schwerlast-auch-zu-vermieten-rotterdam\/schwimmkraene-kraene\/\">Schwimmkrane<\/a> unserer Partner mit einer Kapazit\u00e4t von 2200 Tonnen oder mehr ein, wenn ein kombinierter Einsatz m\u00f6glich ist und die Schiffskrane zertifiziert und verf\u00fcgbar sind.<\/p>\n<p>Unser S\u00fc\u00dfwasserterminal RHB ist ruhig und zentral gelegen. Aufgrund dieser guten Lage, nicht weit vom Liegeplatz der Hafenkrane entfernt, haben wir keine hohen Mobilisierungskosten.<\/p>\n","protected":false},"excerpt":{"rendered":"<p>RHB hat den schwersten mobilen Hafenkran der Welt erworben. Dieser Kran hat eine Hubleistung von 208 Tonnen und ist f\u00fcr den sicheren und schnellen Umschlag von industriellen Breakbulk-Ladungen, Schwergut und St\u00fcckgut ausgelegt. Die Zeitersparnis beim Umschlag kann bis zu 50% betragen und es fallen keine Mobilisierungskosten an. Ein gro\u00dfer Vorteil. 1. Mobiler Hafenkran f\u00fcr bis&#8230; <\/p>\n<div class=\"clear\"><\/div>\n<p><a href=\"https:\/\/www.rhb.nl\/de\/schwere-hafenkrane-fuer-projektladung-schwerlast-auch-zu-vermieten-rotterdam\/\" class=\"excerpt-read-more\">Learn More<i class=\"fa fa-angle-double-right icon-double-angle-right\"><\/i><\/a><\/p>\n","protected":false},"author":1,"featured_media":0,"parent":0,"menu_order":0,"comment_status":"closed","ping_status":"closed","template":"","meta":{"_acf_changed":false,"footnotes":""},"class_list":["post-8784","page","type-page","status-publish","hentry"],"acf":[],"yoast_head":"<!-- This site is optimized with the Yoast SEO plugin v27.3 - https:\/\/yoast.com\/product\/yoast-seo-wordpress\/ -->\n<title>Schwere Hafenkrane f\u00fcr Projektladung LHM600 + 550 | RHB Rotterdam<\/title>\n<meta name=\"description\" content=\"RHBs schwerster Hafenkrane ist die LHM 600S Tragf\u00e4higkeit 208 Tonnen und ist f\u00fcr sicheres und schnelles Handling ausgelegt.\" \/>\n<meta name=\"robots\" content=\"index, follow, max-snippet:-1, max-image-preview:large, max-video-preview:-1\" \/>\n<link rel=\"canonical\" href=\"https:\/\/www.rhb.nl\/de\/schwere-hafenkrane-fuer-projektladung-schwerlast-auch-zu-vermieten-rotterdam\/\" \/>\n<meta property=\"og:locale\" content=\"de_DE\" \/>\n<meta property=\"og:type\" content=\"article\" \/>\n<meta property=\"og:title\" content=\"Schwere Hafenkrane f\u00fcr Projektladung LHM600 + 550 | RHB Rotterdam\" \/>\n<meta property=\"og:description\" content=\"RHBs schwerster Hafenkrane ist die LHM 600S Tragf\u00e4higkeit 208 Tonnen und ist f\u00fcr sicheres und schnelles Handling ausgelegt.\" \/>\n<meta property=\"og:url\" content=\"https:\/\/www.rhb.nl\/de\/schwere-hafenkrane-fuer-projektladung-schwerlast-auch-zu-vermieten-rotterdam\/\" \/>\n<meta property=\"og:site_name\" content=\"RHB Stevedoring &amp; Warehousing\" \/>\n<meta property=\"article:modified_time\" content=\"2024-11-27T09:37:31+00:00\" \/>\n<meta name=\"twitter:card\" content=\"summary_large_image\" \/>\n<meta name=\"twitter:label1\" content=\"Gesch\u00e4tzte Lesezeit\" \/>\n\t<meta name=\"twitter:data1\" content=\"2\u00a0Minuten\" \/>\n<script type=\"application\/ld+json\" class=\"yoast-schema-graph\">{\"@context\":\"https:\\\/\\\/schema.org\",\"@graph\":[{\"@type\":\"WebPage\",\"@id\":\"https:\\\/\\\/www.rhb.nl\\\/de\\\/schwere-hafenkrane-fuer-projektladung-schwerlast-auch-zu-vermieten-rotterdam\\\/\",\"url\":\"https:\\\/\\\/www.rhb.nl\\\/de\\\/schwere-hafenkrane-fuer-projektladung-schwerlast-auch-zu-vermieten-rotterdam\\\/\",\"name\":\"Schwere Hafenkrane f\u00fcr Projektladung LHM600 + 550 | RHB Rotterdam\",\"isPartOf\":{\"@id\":\"https:\\\/\\\/www.rhb.nl\\\/de\\\/#website\"},\"datePublished\":\"2019-12-30T13:32:16+00:00\",\"dateModified\":\"2024-11-27T09:37:31+00:00\",\"description\":\"RHBs schwerster Hafenkrane ist die LHM 600S Tragf\u00e4higkeit 208 Tonnen und ist f\u00fcr sicheres und schnelles Handling ausgelegt.\",\"breadcrumb\":{\"@id\":\"https:\\\/\\\/www.rhb.nl\\\/de\\\/schwere-hafenkrane-fuer-projektladung-schwerlast-auch-zu-vermieten-rotterdam\\\/#breadcrumb\"},\"inLanguage\":\"de\",\"potentialAction\":[{\"@type\":\"ReadAction\",\"target\":[\"https:\\\/\\\/www.rhb.nl\\\/de\\\/schwere-hafenkrane-fuer-projektladung-schwerlast-auch-zu-vermieten-rotterdam\\\/\"]}]},{\"@type\":\"BreadcrumbList\",\"@id\":\"https:\\\/\\\/www.rhb.nl\\\/de\\\/schwere-hafenkrane-fuer-projektladung-schwerlast-auch-zu-vermieten-rotterdam\\\/#breadcrumb\",\"itemListElement\":[{\"@type\":\"ListItem\",\"position\":1,\"name\":\"Home\",\"item\":\"https:\\\/\\\/www.rhb.nl\\\/de\\\/\"},{\"@type\":\"ListItem\",\"position\":2,\"name\":\"Schwere Hafenkrane f\u00fcr Projektladung &#038; Schwerlast auch zu vermieten &#8211; Rotterdam\"}]},{\"@type\":\"WebSite\",\"@id\":\"https:\\\/\\\/www.rhb.nl\\\/de\\\/#website\",\"url\":\"https:\\\/\\\/www.rhb.nl\\\/de\\\/\",\"name\":\"RHB Stevedoring &amp; Warehousing\",\"description\":\"\",\"publisher\":{\"@id\":\"https:\\\/\\\/www.rhb.nl\\\/de\\\/#organization\"},\"potentialAction\":[{\"@type\":\"SearchAction\",\"target\":{\"@type\":\"EntryPoint\",\"urlTemplate\":\"https:\\\/\\\/www.rhb.nl\\\/de\\\/?s={search_term_string}\"},\"query-input\":{\"@type\":\"PropertyValueSpecification\",\"valueRequired\":true,\"valueName\":\"search_term_string\"}}],\"inLanguage\":\"de\"},{\"@type\":\"Organization\",\"@id\":\"https:\\\/\\\/www.rhb.nl\\\/de\\\/#organization\",\"name\":\"RHB Stevedoring & Warehousing\",\"url\":\"https:\\\/\\\/www.rhb.nl\\\/de\\\/\",\"logo\":{\"@type\":\"ImageObject\",\"inLanguage\":\"de\",\"@id\":\"https:\\\/\\\/www.rhb.nl\\\/de\\\/#\\\/schema\\\/logo\\\/image\\\/\",\"url\":\"https:\\\/\\\/www.rhb.nl\\\/wp-content\\\/uploads\\\/rhb-logo-white.png\",\"contentUrl\":\"https:\\\/\\\/www.rhb.nl\\\/wp-content\\\/uploads\\\/rhb-logo-white.png\",\"width\":86,\"height\":78,\"caption\":\"RHB Stevedoring & Warehousing\"},\"image\":{\"@id\":\"https:\\\/\\\/www.rhb.nl\\\/de\\\/#\\\/schema\\\/logo\\\/image\\\/\"}}]}<\/script>\n<!-- \/ Yoast SEO plugin. -->","yoast_head_json":{"title":"Schwere Hafenkrane f\u00fcr Projektladung LHM600 + 550 | RHB Rotterdam","description":"RHBs schwerster Hafenkrane ist die LHM 600S Tragf\u00e4higkeit 208 Tonnen und ist f\u00fcr sicheres und schnelles Handling ausgelegt.","robots":{"index":"index","follow":"follow","max-snippet":"max-snippet:-1","max-image-preview":"max-image-preview:large","max-video-preview":"max-video-preview:-1"},"canonical":"https:\/\/www.rhb.nl\/de\/schwere-hafenkrane-fuer-projektladung-schwerlast-auch-zu-vermieten-rotterdam\/","og_locale":"de_DE","og_type":"article","og_title":"Schwere Hafenkrane f\u00fcr Projektladung LHM600 + 550 | RHB Rotterdam","og_description":"RHBs schwerster Hafenkrane ist die LHM 600S Tragf\u00e4higkeit 208 Tonnen und ist f\u00fcr sicheres und schnelles Handling ausgelegt.","og_url":"https:\/\/www.rhb.nl\/de\/schwere-hafenkrane-fuer-projektladung-schwerlast-auch-zu-vermieten-rotterdam\/","og_site_name":"RHB Stevedoring &amp; Warehousing","article_modified_time":"2024-11-27T09:37:31+00:00","twitter_card":"summary_large_image","twitter_misc":{"Gesch\u00e4tzte Lesezeit":"2\u00a0Minuten"},"schema":{"@context":"https:\/\/schema.org","@graph":[{"@type":"WebPage","@id":"https:\/\/www.rhb.nl\/de\/schwere-hafenkrane-fuer-projektladung-schwerlast-auch-zu-vermieten-rotterdam\/","url":"https:\/\/www.rhb.nl\/de\/schwere-hafenkrane-fuer-projektladung-schwerlast-auch-zu-vermieten-rotterdam\/","name":"Schwere Hafenkrane f\u00fcr Projektladung LHM600 + 550 | RHB Rotterdam","isPartOf":{"@id":"https:\/\/www.rhb.nl\/de\/#website"},"datePublished":"2019-12-30T13:32:16+00:00","dateModified":"2024-11-27T09:37:31+00:00","description":"RHBs schwerster Hafenkrane ist die LHM 600S Tragf\u00e4higkeit 208 Tonnen und ist f\u00fcr sicheres und schnelles Handling ausgelegt.","breadcrumb":{"@id":"https:\/\/www.rhb.nl\/de\/schwere-hafenkrane-fuer-projektladung-schwerlast-auch-zu-vermieten-rotterdam\/#breadcrumb"},"inLanguage":"de","potentialAction":[{"@type":"ReadAction","target":["https:\/\/www.rhb.nl\/de\/schwere-hafenkrane-fuer-projektladung-schwerlast-auch-zu-vermieten-rotterdam\/"]}]},{"@type":"BreadcrumbList","@id":"https:\/\/www.rhb.nl\/de\/schwere-hafenkrane-fuer-projektladung-schwerlast-auch-zu-vermieten-rotterdam\/#breadcrumb","itemListElement":[{"@type":"ListItem","position":1,"name":"Home","item":"https:\/\/www.rhb.nl\/de\/"},{"@type":"ListItem","position":2,"name":"Schwere Hafenkrane f\u00fcr Projektladung &#038; Schwerlast auch zu vermieten &#8211; Rotterdam"}]},{"@type":"WebSite","@id":"https:\/\/www.rhb.nl\/de\/#website","url":"https:\/\/www.rhb.nl\/de\/","name":"RHB Stevedoring &amp; Warehousing","description":"","publisher":{"@id":"https:\/\/www.rhb.nl\/de\/#organization"},"potentialAction":[{"@type":"SearchAction","target":{"@type":"EntryPoint","urlTemplate":"https:\/\/www.rhb.nl\/de\/?s={search_term_string}"},"query-input":{"@type":"PropertyValueSpecification","valueRequired":true,"valueName":"search_term_string"}}],"inLanguage":"de"},{"@type":"Organization","@id":"https:\/\/www.rhb.nl\/de\/#organization","name":"RHB Stevedoring & Warehousing","url":"https:\/\/www.rhb.nl\/de\/","logo":{"@type":"ImageObject","inLanguage":"de","@id":"https:\/\/www.rhb.nl\/de\/#\/schema\/logo\/image\/","url":"https:\/\/www.rhb.nl\/wp-content\/uploads\/rhb-logo-white.png","contentUrl":"https:\/\/www.rhb.nl\/wp-content\/uploads\/rhb-logo-white.png","width":86,"height":78,"caption":"RHB Stevedoring & Warehousing"},"image":{"@id":"https:\/\/www.rhb.nl\/de\/#\/schema\/logo\/image\/"}}]}},"_links":{"self":[{"href":"https:\/\/www.rhb.nl\/de\/wp-json\/wp\/v2\/pages\/8784","targetHints":{"allow":["GET"]}}],"collection":[{"href":"https:\/\/www.rhb.nl\/de\/wp-json\/wp\/v2\/pages"}],"about":[{"href":"https:\/\/www.rhb.nl\/de\/wp-json\/wp\/v2\/types\/page"}],"author":[{"embeddable":true,"href":"https:\/\/www.rhb.nl\/de\/wp-json\/wp\/v2\/users\/1"}],"replies":[{"embeddable":true,"href":"https:\/\/www.rhb.nl\/de\/wp-json\/wp\/v2\/comments?post=8784"}],"version-history":[{"count":10,"href":"https:\/\/www.rhb.nl\/de\/wp-json\/wp\/v2\/pages\/8784\/revisions"}],"predecessor-version":[{"id":11359,"href":"https:\/\/www.rhb.nl\/de\/wp-json\/wp\/v2\/pages\/8784\/revisions\/11359"}],"wp:attachment":[{"href":"https:\/\/www.rhb.nl\/de\/wp-json\/wp\/v2\/media?parent=8784"}],"curies":[{"name":"wp","href":"https:\/\/api.w.org\/{rel}","templated":true}]}}