



{"id":8848,"date":"2015-02-26T10:10:03","date_gmt":"2015-02-26T10:10:03","guid":{"rendered":"https:\/\/www.rhb.nl\/homepage\/"},"modified":"2025-03-27T13:57:10","modified_gmt":"2025-03-27T12:57:10","slug":"homepage","status":"publish","type":"page","link":"https:\/\/www.rhb.nl\/de\/","title":{"rendered":"Homepage"},"content":{"rendered":"","protected":false},"excerpt":{"rendered":"","protected":false},"author":6,"featured_media":0,"parent":0,"menu_order":0,"comment_status":"closed","ping_status":"closed","template":"","meta":{"_acf_changed":false,"footnotes":""},"class_list":["post-8848","page","type-page","status-publish","hentry"],"acf":[],"yoast_head":"<!-- This site is optimized with the Yoast SEO plugin v27.3 - https:\/\/yoast.com\/product\/yoast-seo-wordpress\/ -->\n<title>RHB Rotterdam - Projektfracht, St\u00fcckgut, Offshore &amp; Container<\/title>\n<meta name=\"description\" content=\"Terminal RHB. Das St\u00fcckgut- und Break-Bulk-Terminal f\u00fcr die Tiefsee befindet sich seit 1930 an einem hervorragenden Standort im Rotterdamer Hafen. Stauerei\" \/>\n<meta name=\"robots\" content=\"index, follow, max-snippet:-1, max-image-preview:large, max-video-preview:-1\" \/>\n<link rel=\"canonical\" href=\"https:\/\/www.rhb.nl\/de\/\" \/>\n<meta property=\"og:locale\" content=\"de_DE\" \/>\n<meta property=\"og:type\" content=\"article\" \/>\n<meta property=\"og:title\" content=\"RHB Rotterdam - Projektfracht, St\u00fcckgut, Offshore &amp; Container\" \/>\n<meta property=\"og:description\" content=\"Terminal RHB. Das St\u00fcckgut- und Break-Bulk-Terminal f\u00fcr die Tiefsee befindet sich seit 1930 an einem hervorragenden Standort im Rotterdamer Hafen. Stauerei\" \/>\n<meta property=\"og:url\" content=\"https:\/\/www.rhb.nl\/de\/\" \/>\n<meta property=\"og:site_name\" content=\"RHB Stevedoring &amp; Warehousing\" \/>\n<meta property=\"article:modified_time\" content=\"2025-03-27T12:57:10+00:00\" \/>\n<meta name=\"twitter:card\" content=\"summary_large_image\" \/>\n<script type=\"application\/ld+json\" class=\"yoast-schema-graph\">{\"@context\":\"https:\\\/\\\/schema.org\",\"@graph\":[{\"@type\":\"WebPage\",\"@id\":\"https:\\\/\\\/www.rhb.nl\\\/de\\\/\",\"url\":\"https:\\\/\\\/www.rhb.nl\\\/de\\\/\",\"name\":\"RHB Rotterdam - Projektfracht, St\u00fcckgut, Offshore & Container\",\"isPartOf\":{\"@id\":\"https:\\\/\\\/www.rhb.nl\\\/de\\\/#website\"},\"datePublished\":\"2015-02-26T10:10:03+00:00\",\"dateModified\":\"2025-03-27T12:57:10+00:00\",\"description\":\"Terminal RHB. Das St\u00fcckgut- und Break-Bulk-Terminal f\u00fcr die Tiefsee befindet sich seit 1930 an einem hervorragenden Standort im Rotterdamer Hafen. Stauerei\",\"breadcrumb\":{\"@id\":\"https:\\\/\\\/www.rhb.nl\\\/de\\\/#breadcrumb\"},\"inLanguage\":\"de\",\"potentialAction\":[{\"@type\":\"ReadAction\",\"target\":[\"https:\\\/\\\/www.rhb.nl\\\/de\\\/\"]}]},{\"@type\":\"BreadcrumbList\",\"@id\":\"https:\\\/\\\/www.rhb.nl\\\/de\\\/#breadcrumb\",\"itemListElement\":[{\"@type\":\"ListItem\",\"position\":1,\"name\":\"Home\",\"item\":\"https:\\\/\\\/www.rhb.nl\\\/de\\\/\"},{\"@type\":\"ListItem\",\"position\":2,\"name\":\"Homepage\"}]},{\"@type\":\"WebSite\",\"@id\":\"https:\\\/\\\/www.rhb.nl\\\/de\\\/#website\",\"url\":\"https:\\\/\\\/www.rhb.nl\\\/de\\\/\",\"name\":\"RHB Stevedoring &amp; Warehousing\",\"description\":\"\",\"publisher\":{\"@id\":\"https:\\\/\\\/www.rhb.nl\\\/de\\\/#organization\"},\"potentialAction\":[{\"@type\":\"SearchAction\",\"target\":{\"@type\":\"EntryPoint\",\"urlTemplate\":\"https:\\\/\\\/www.rhb.nl\\\/de\\\/?s={search_term_string}\"},\"query-input\":{\"@type\":\"PropertyValueSpecification\",\"valueRequired\":true,\"valueName\":\"search_term_string\"}}],\"inLanguage\":\"de\"},{\"@type\":\"Organization\",\"@id\":\"https:\\\/\\\/www.rhb.nl\\\/de\\\/#organization\",\"name\":\"RHB Stevedoring & Warehousing\",\"url\":\"https:\\\/\\\/www.rhb.nl\\\/de\\\/\",\"logo\":{\"@type\":\"ImageObject\",\"inLanguage\":\"de\",\"@id\":\"https:\\\/\\\/www.rhb.nl\\\/de\\\/#\\\/schema\\\/logo\\\/image\\\/\",\"url\":\"https:\\\/\\\/www.rhb.nl\\\/wp-content\\\/uploads\\\/rhb-logo-white.png\",\"contentUrl\":\"https:\\\/\\\/www.rhb.nl\\\/wp-content\\\/uploads\\\/rhb-logo-white.png\",\"width\":86,\"height\":78,\"caption\":\"RHB Stevedoring & Warehousing\"},\"image\":{\"@id\":\"https:\\\/\\\/www.rhb.nl\\\/de\\\/#\\\/schema\\\/logo\\\/image\\\/\"}}]}<\/script>\n<!-- \/ Yoast SEO plugin. -->","yoast_head_json":{"title":"RHB Rotterdam - Projektfracht, St\u00fcckgut, Offshore & Container","description":"Terminal RHB. Das St\u00fcckgut- und Break-Bulk-Terminal f\u00fcr die Tiefsee befindet sich seit 1930 an einem hervorragenden Standort im Rotterdamer Hafen. Stauerei","robots":{"index":"index","follow":"follow","max-snippet":"max-snippet:-1","max-image-preview":"max-image-preview:large","max-video-preview":"max-video-preview:-1"},"canonical":"https:\/\/www.rhb.nl\/de\/","og_locale":"de_DE","og_type":"article","og_title":"RHB Rotterdam - Projektfracht, St\u00fcckgut, Offshore & Container","og_description":"Terminal RHB. Das St\u00fcckgut- und Break-Bulk-Terminal f\u00fcr die Tiefsee befindet sich seit 1930 an einem hervorragenden Standort im Rotterdamer Hafen. Stauerei","og_url":"https:\/\/www.rhb.nl\/de\/","og_site_name":"RHB Stevedoring &amp; Warehousing","article_modified_time":"2025-03-27T12:57:10+00:00","twitter_card":"summary_large_image","schema":{"@context":"https:\/\/schema.org","@graph":[{"@type":"WebPage","@id":"https:\/\/www.rhb.nl\/de\/","url":"https:\/\/www.rhb.nl\/de\/","name":"RHB Rotterdam - Projektfracht, St\u00fcckgut, Offshore & Container","isPartOf":{"@id":"https:\/\/www.rhb.nl\/de\/#website"},"datePublished":"2015-02-26T10:10:03+00:00","dateModified":"2025-03-27T12:57:10+00:00","description":"Terminal RHB. Das St\u00fcckgut- und Break-Bulk-Terminal f\u00fcr die Tiefsee befindet sich seit 1930 an einem hervorragenden Standort im Rotterdamer Hafen. Stauerei","breadcrumb":{"@id":"https:\/\/www.rhb.nl\/de\/#breadcrumb"},"inLanguage":"de","potentialAction":[{"@type":"ReadAction","target":["https:\/\/www.rhb.nl\/de\/"]}]},{"@type":"BreadcrumbList","@id":"https:\/\/www.rhb.nl\/de\/#breadcrumb","itemListElement":[{"@type":"ListItem","position":1,"name":"Home","item":"https:\/\/www.rhb.nl\/de\/"},{"@type":"ListItem","position":2,"name":"Homepage"}]},{"@type":"WebSite","@id":"https:\/\/www.rhb.nl\/de\/#website","url":"https:\/\/www.rhb.nl\/de\/","name":"RHB Stevedoring &amp; Warehousing","description":"","publisher":{"@id":"https:\/\/www.rhb.nl\/de\/#organization"},"potentialAction":[{"@type":"SearchAction","target":{"@type":"EntryPoint","urlTemplate":"https:\/\/www.rhb.nl\/de\/?s={search_term_string}"},"query-input":{"@type":"PropertyValueSpecification","valueRequired":true,"valueName":"search_term_string"}}],"inLanguage":"de"},{"@type":"Organization","@id":"https:\/\/www.rhb.nl\/de\/#organization","name":"RHB Stevedoring & Warehousing","url":"https:\/\/www.rhb.nl\/de\/","logo":{"@type":"ImageObject","inLanguage":"de","@id":"https:\/\/www.rhb.nl\/de\/#\/schema\/logo\/image\/","url":"https:\/\/www.rhb.nl\/wp-content\/uploads\/rhb-logo-white.png","contentUrl":"https:\/\/www.rhb.nl\/wp-content\/uploads\/rhb-logo-white.png","width":86,"height":78,"caption":"RHB Stevedoring & Warehousing"},"image":{"@id":"https:\/\/www.rhb.nl\/de\/#\/schema\/logo\/image\/"}}]}},"_links":{"self":[{"href":"https:\/\/www.rhb.nl\/de\/wp-json\/wp\/v2\/pages\/8848","targetHints":{"allow":["GET"]}}],"collection":[{"href":"https:\/\/www.rhb.nl\/de\/wp-json\/wp\/v2\/pages"}],"about":[{"href":"https:\/\/www.rhb.nl\/de\/wp-json\/wp\/v2\/types\/page"}],"author":[{"embeddable":true,"href":"https:\/\/www.rhb.nl\/de\/wp-json\/wp\/v2\/users\/6"}],"replies":[{"embeddable":true,"href":"https:\/\/www.rhb.nl\/de\/wp-json\/wp\/v2\/comments?post=8848"}],"version-history":[{"count":10,"href":"https:\/\/www.rhb.nl\/de\/wp-json\/wp\/v2\/pages\/8848\/revisions"}],"predecessor-version":[{"id":11421,"href":"https:\/\/www.rhb.nl\/de\/wp-json\/wp\/v2\/pages\/8848\/revisions\/11421"}],"wp:attachment":[{"href":"https:\/\/www.rhb.nl\/de\/wp-json\/wp\/v2\/media?parent=8848"}],"curies":[{"name":"wp","href":"https:\/\/api.w.org\/{rel}","templated":true}]}}