



{"id":8865,"date":"2019-12-30T14:56:23","date_gmt":"2019-12-30T13:56:23","guid":{"rendered":"https:\/\/www.rhb.nl\/?page_id=8865"},"modified":"2025-03-27T14:04:59","modified_gmt":"2025-03-27T13:04:59","slug":"lager-transit-zollgut","status":"publish","type":"page","link":"https:\/\/www.rhb.nl\/de\/lager-transit-zollgut\/","title":{"rendered":"Lager &#8211; Transit Zollgut"},"content":{"rendered":"<p><h2 class=\"gdlr-heading-shortcode \"  style=\"color: #7fb610;font-size: 18px;font-weight: bold;\" >Transitlager &amp; Lagerhallen<\/h2>\n<\/p>\n<p>Die Transitlager und Lagerhallen von RHB sind AEO-zertifiziert und entsprechen dem hohen Standard der London Metal Exchange (L.M.E.). RHB Stevedoring &amp; Warehousing Rotterdam verf\u00fcgt \u00fcber Lager f\u00fcr Zollware und Transitware, MwSt-Zwischenlager und Lager f\u00fcr Waren mit EU-Status.<\/p>\n<p>RHB befasst sich mit der Lagerung von Schwergut, Projektladung, Rotorbl\u00e4ttern und Generatoren f\u00fcr Windkraftanlagen, NE-Metallen, Metallen, Industrieg\u00fctern, allgemeiner Fracht, Stahlerzeugnissen, Kunststoffen, Containern, gef\u00e4hrlicher G\u00fcter IMO 1-9 und allen anderen verpackten oder losen Ladungen zur kurz- oder langfristigen Lagerung.<\/p>\n<p>Die T\u00fcren der Lager sind 10,5 Meter breit und mit elektronischen Alarmsystemen und Video\u00fcberwachung rund um die Uhr ausgestattet<\/p>\n<h3>Spezifikationen<\/h3>\n<p>\u00dcberdachte Lagerfl\u00e4che: 21.000 m<sup>2<\/sup>\/ 130.000 m<sup>3<\/sup> in 9 Hallen;<\/p>\n<ul>\n<li>Transit Zollgut Warenlager\u00a0<\/li>\n<li>Lagerung von Waren mit EU-Status<\/li>\n<li>MwSt.-Zwischenlager<\/li>\n<li>Zwischenlager<\/li>\n<li>Brexit-Lager<\/li>\n<li>Containerlagerung<\/li>\n<li>L.M.E. zertifiziert<\/li>\n<li>AEO zertifiziert<\/li>\n<li>ISPS-zertifiziert<\/li>\n<\/ul>\n<h3>Lagerung Gefahrg\u00fcter IMO 1 &#8211; 9<\/h3>\n<p>Wir verf\u00fcgen \u00fcber eine Genehmigung der niederl\u00e4ndischen Umweltbeh\u00f6rden f\u00fcr die Lagerung und den Umschlag von Gefahrg\u00fctern der Klassen IMO 1 &#8211; 9.<\/p>\n<h3>Brexit-Lager<\/h3>\n<p>Wir haben alle M\u00f6glichkeiten f\u00fcr die Brexit-Lagerung<\/p>\n<h3>Freilager<\/h3>\n<p>siehe <a href=\"https:\/\/www.rhb.nl\/de\/lager-transit-zollgut\/offene-lagerung\/\">offene Lagerung<\/a><\/p>\n<p>Fragen Sie nach unseren wettbewerbsf\u00e4higen Kurz- oder Langzeitlagerpreisen<\/p>\n","protected":false},"excerpt":{"rendered":"<p>Die Transitlager und Lagerhallen von RHB sind AEO-zertifiziert und entsprechen dem hohen Standard der London Metal Exchange (L.M.E.). RHB Stevedoring &amp; Warehousing Rotterdam verf\u00fcgt \u00fcber Lager f\u00fcr Zollware und Transitware, MwSt-Zwischenlager und Lager f\u00fcr Waren mit EU-Status. RHB befasst sich mit der Lagerung von Schwergut, Projektladung, Rotorbl\u00e4ttern und Generatoren f\u00fcr Windkraftanlagen, NE-Metallen, Metallen, Industrieg\u00fctern, allgemeiner&#8230; <\/p>\n<div class=\"clear\"><\/div>\n<p><a href=\"https:\/\/www.rhb.nl\/de\/lager-transit-zollgut\/\" class=\"excerpt-read-more\">Learn More<i class=\"fa fa-angle-double-right icon-double-angle-right\"><\/i><\/a><\/p>\n","protected":false},"author":1,"featured_media":0,"parent":0,"menu_order":0,"comment_status":"closed","ping_status":"closed","template":"","meta":{"_acf_changed":false,"footnotes":""},"class_list":["post-8865","page","type-page","status-publish","hentry"],"acf":[],"yoast_head":"<!-- This site is optimized with the Yoast SEO plugin v27.3 - https:\/\/yoast.com\/product\/yoast-seo-wordpress\/ -->\n<title>Lager - Transit Zollgut - RHB Stevedoring &amp; Warehousing<\/title>\n<meta name=\"description\" content=\"Lager Transit Zollgut. Mehrwertsteuerlager Die Lagereinrichtungen und Lager der RHB Storage Company - Rotterdam sind AEO-zertifiziert.\" \/>\n<meta name=\"robots\" content=\"index, follow, max-snippet:-1, max-image-preview:large, max-video-preview:-1\" \/>\n<link rel=\"canonical\" href=\"https:\/\/www.rhb.nl\/de\/lager-transit-zollgut\/\" \/>\n<meta property=\"og:locale\" content=\"de_DE\" \/>\n<meta property=\"og:type\" content=\"article\" \/>\n<meta property=\"og:title\" content=\"Lager - Transit Zollgut - RHB Stevedoring &amp; Warehousing\" \/>\n<meta property=\"og:description\" content=\"Lager Transit Zollgut. Mehrwertsteuerlager Die Lagereinrichtungen und Lager der RHB Storage Company - Rotterdam sind AEO-zertifiziert.\" \/>\n<meta property=\"og:url\" content=\"https:\/\/www.rhb.nl\/de\/lager-transit-zollgut\/\" \/>\n<meta property=\"og:site_name\" content=\"RHB Stevedoring &amp; Warehousing\" \/>\n<meta property=\"article:modified_time\" content=\"2025-03-27T13:04:59+00:00\" \/>\n<meta name=\"twitter:card\" content=\"summary_large_image\" \/>\n<meta name=\"twitter:label1\" content=\"Gesch\u00e4tzte Lesezeit\" \/>\n\t<meta name=\"twitter:data1\" content=\"1\u00a0Minute\" \/>\n<script type=\"application\/ld+json\" class=\"yoast-schema-graph\">{\"@context\":\"https:\\\/\\\/schema.org\",\"@graph\":[{\"@type\":\"WebPage\",\"@id\":\"https:\\\/\\\/www.rhb.nl\\\/de\\\/lager-transit-zollgut\\\/\",\"url\":\"https:\\\/\\\/www.rhb.nl\\\/de\\\/lager-transit-zollgut\\\/\",\"name\":\"Lager - Transit Zollgut - RHB Stevedoring &amp; Warehousing\",\"isPartOf\":{\"@id\":\"https:\\\/\\\/www.rhb.nl\\\/de\\\/#website\"},\"datePublished\":\"2019-12-30T13:56:23+00:00\",\"dateModified\":\"2025-03-27T13:04:59+00:00\",\"description\":\"Lager Transit Zollgut. Mehrwertsteuerlager Die Lagereinrichtungen und Lager der RHB Storage Company - Rotterdam sind AEO-zertifiziert.\",\"breadcrumb\":{\"@id\":\"https:\\\/\\\/www.rhb.nl\\\/de\\\/lager-transit-zollgut\\\/#breadcrumb\"},\"inLanguage\":\"de\",\"potentialAction\":[{\"@type\":\"ReadAction\",\"target\":[\"https:\\\/\\\/www.rhb.nl\\\/de\\\/lager-transit-zollgut\\\/\"]}]},{\"@type\":\"BreadcrumbList\",\"@id\":\"https:\\\/\\\/www.rhb.nl\\\/de\\\/lager-transit-zollgut\\\/#breadcrumb\",\"itemListElement\":[{\"@type\":\"ListItem\",\"position\":1,\"name\":\"Home\",\"item\":\"https:\\\/\\\/www.rhb.nl\\\/de\\\/\"},{\"@type\":\"ListItem\",\"position\":2,\"name\":\"Lager &#8211; Transit Zollgut\"}]},{\"@type\":\"WebSite\",\"@id\":\"https:\\\/\\\/www.rhb.nl\\\/de\\\/#website\",\"url\":\"https:\\\/\\\/www.rhb.nl\\\/de\\\/\",\"name\":\"RHB Stevedoring &amp; Warehousing\",\"description\":\"\",\"publisher\":{\"@id\":\"https:\\\/\\\/www.rhb.nl\\\/de\\\/#organization\"},\"potentialAction\":[{\"@type\":\"SearchAction\",\"target\":{\"@type\":\"EntryPoint\",\"urlTemplate\":\"https:\\\/\\\/www.rhb.nl\\\/de\\\/?s={search_term_string}\"},\"query-input\":{\"@type\":\"PropertyValueSpecification\",\"valueRequired\":true,\"valueName\":\"search_term_string\"}}],\"inLanguage\":\"de\"},{\"@type\":\"Organization\",\"@id\":\"https:\\\/\\\/www.rhb.nl\\\/de\\\/#organization\",\"name\":\"RHB Stevedoring & Warehousing\",\"url\":\"https:\\\/\\\/www.rhb.nl\\\/de\\\/\",\"logo\":{\"@type\":\"ImageObject\",\"inLanguage\":\"de\",\"@id\":\"https:\\\/\\\/www.rhb.nl\\\/de\\\/#\\\/schema\\\/logo\\\/image\\\/\",\"url\":\"https:\\\/\\\/www.rhb.nl\\\/wp-content\\\/uploads\\\/rhb-logo-white.png\",\"contentUrl\":\"https:\\\/\\\/www.rhb.nl\\\/wp-content\\\/uploads\\\/rhb-logo-white.png\",\"width\":86,\"height\":78,\"caption\":\"RHB Stevedoring & Warehousing\"},\"image\":{\"@id\":\"https:\\\/\\\/www.rhb.nl\\\/de\\\/#\\\/schema\\\/logo\\\/image\\\/\"}}]}<\/script>\n<!-- \/ Yoast SEO plugin. -->","yoast_head_json":{"title":"Lager - Transit Zollgut - RHB Stevedoring &amp; Warehousing","description":"Lager Transit Zollgut. Mehrwertsteuerlager Die Lagereinrichtungen und Lager der RHB Storage Company - Rotterdam sind AEO-zertifiziert.","robots":{"index":"index","follow":"follow","max-snippet":"max-snippet:-1","max-image-preview":"max-image-preview:large","max-video-preview":"max-video-preview:-1"},"canonical":"https:\/\/www.rhb.nl\/de\/lager-transit-zollgut\/","og_locale":"de_DE","og_type":"article","og_title":"Lager - Transit Zollgut - RHB Stevedoring &amp; Warehousing","og_description":"Lager Transit Zollgut. Mehrwertsteuerlager Die Lagereinrichtungen und Lager der RHB Storage Company - Rotterdam sind AEO-zertifiziert.","og_url":"https:\/\/www.rhb.nl\/de\/lager-transit-zollgut\/","og_site_name":"RHB Stevedoring &amp; Warehousing","article_modified_time":"2025-03-27T13:04:59+00:00","twitter_card":"summary_large_image","twitter_misc":{"Gesch\u00e4tzte Lesezeit":"1\u00a0Minute"},"schema":{"@context":"https:\/\/schema.org","@graph":[{"@type":"WebPage","@id":"https:\/\/www.rhb.nl\/de\/lager-transit-zollgut\/","url":"https:\/\/www.rhb.nl\/de\/lager-transit-zollgut\/","name":"Lager - Transit Zollgut - RHB Stevedoring &amp; Warehousing","isPartOf":{"@id":"https:\/\/www.rhb.nl\/de\/#website"},"datePublished":"2019-12-30T13:56:23+00:00","dateModified":"2025-03-27T13:04:59+00:00","description":"Lager Transit Zollgut. Mehrwertsteuerlager Die Lagereinrichtungen und Lager der RHB Storage Company - Rotterdam sind AEO-zertifiziert.","breadcrumb":{"@id":"https:\/\/www.rhb.nl\/de\/lager-transit-zollgut\/#breadcrumb"},"inLanguage":"de","potentialAction":[{"@type":"ReadAction","target":["https:\/\/www.rhb.nl\/de\/lager-transit-zollgut\/"]}]},{"@type":"BreadcrumbList","@id":"https:\/\/www.rhb.nl\/de\/lager-transit-zollgut\/#breadcrumb","itemListElement":[{"@type":"ListItem","position":1,"name":"Home","item":"https:\/\/www.rhb.nl\/de\/"},{"@type":"ListItem","position":2,"name":"Lager &#8211; Transit Zollgut"}]},{"@type":"WebSite","@id":"https:\/\/www.rhb.nl\/de\/#website","url":"https:\/\/www.rhb.nl\/de\/","name":"RHB Stevedoring &amp; Warehousing","description":"","publisher":{"@id":"https:\/\/www.rhb.nl\/de\/#organization"},"potentialAction":[{"@type":"SearchAction","target":{"@type":"EntryPoint","urlTemplate":"https:\/\/www.rhb.nl\/de\/?s={search_term_string}"},"query-input":{"@type":"PropertyValueSpecification","valueRequired":true,"valueName":"search_term_string"}}],"inLanguage":"de"},{"@type":"Organization","@id":"https:\/\/www.rhb.nl\/de\/#organization","name":"RHB Stevedoring & Warehousing","url":"https:\/\/www.rhb.nl\/de\/","logo":{"@type":"ImageObject","inLanguage":"de","@id":"https:\/\/www.rhb.nl\/de\/#\/schema\/logo\/image\/","url":"https:\/\/www.rhb.nl\/wp-content\/uploads\/rhb-logo-white.png","contentUrl":"https:\/\/www.rhb.nl\/wp-content\/uploads\/rhb-logo-white.png","width":86,"height":78,"caption":"RHB Stevedoring & Warehousing"},"image":{"@id":"https:\/\/www.rhb.nl\/de\/#\/schema\/logo\/image\/"}}]}},"_links":{"self":[{"href":"https:\/\/www.rhb.nl\/de\/wp-json\/wp\/v2\/pages\/8865","targetHints":{"allow":["GET"]}}],"collection":[{"href":"https:\/\/www.rhb.nl\/de\/wp-json\/wp\/v2\/pages"}],"about":[{"href":"https:\/\/www.rhb.nl\/de\/wp-json\/wp\/v2\/types\/page"}],"author":[{"embeddable":true,"href":"https:\/\/www.rhb.nl\/de\/wp-json\/wp\/v2\/users\/1"}],"replies":[{"embeddable":true,"href":"https:\/\/www.rhb.nl\/de\/wp-json\/wp\/v2\/comments?post=8865"}],"version-history":[{"count":7,"href":"https:\/\/www.rhb.nl\/de\/wp-json\/wp\/v2\/pages\/8865\/revisions"}],"predecessor-version":[{"id":11433,"href":"https:\/\/www.rhb.nl\/de\/wp-json\/wp\/v2\/pages\/8865\/revisions\/11433"}],"wp:attachment":[{"href":"https:\/\/www.rhb.nl\/de\/wp-json\/wp\/v2\/media?parent=8865"}],"curies":[{"name":"wp","href":"https:\/\/api.w.org\/{rel}","templated":true}]}}